{"id":16355,"date":"2020-09-09T15:54:05","date_gmt":"2020-09-09T07:54:05","guid":{"rendered":"https:\/\/www.fjpremium.com\/?post_type=product&#038;p=16355"},"modified":"2023-10-07T17:26:39","modified_gmt":"2023-10-07T09:26:39","slug":"displayport-male-to-mini-displayport-female-dp-to-mini-dp-extension-coupler-adapter-4k-60hz","status":"publish","type":"product","link":"https:\/\/www.fjpremium.com\/de\/product\/displayport-male-to-mini-displayport-female-dp-to-mini-dp-extension-coupler-adapter-4k-60hz\/","title":{"rendered":"DisplayPort Stecker auf Mini DisplayPort Buchse DP auf Mini DP Adapter 4K 60hz"},"content":{"rendered":"<p>Der Adapter wurde f\u00fcr hohe Leistung entwickelt und wandelt ein DisplayPort-Kabel m\u00fchelos in eine Schnittstelle f\u00fcr Mini-DisplayPort-Ger\u00e4te um.<\/p>\n<p>Er wurde aus erstklassigen Materialien gefertigt und gew\u00e4hrleistet, dass Sie vorhandene DisplayPort-Kabel zur Synchronisierung mit Ger\u00e4ten mit einer Mini-DisplayPort-Schnittstelle verwenden k\u00f6nnen.<\/p>\n<p>Wenn Sie Ihren DisplayPort-f\u00e4higen Computer an einen HDTV, Monitor oder Projektor mit einem Mini-DP-Eingang anschlie\u00dfen, erhalten Sie au\u00dferdem eine einwandfreie Qualit\u00e4t mit einer Aufl\u00f6sung von bis zu 4K@60Hz.<\/p>\n<p>Seine Spezifikationen:<\/p>\n<ul>\n<li>Anschluss 1: DisplayPort 1.2v 20 Pin Stecker<\/li>\n<li>Anschluss 2: Mini DisplayPort-Buchse<\/li>\n<li>Vergoldeter Kontakt; vergoldetes Geh\u00e4use<\/li>\n<li>Geh\u00e4use: ABS-Schale<\/li>\n<li>Einhaltung der Vorschriften: RoHS, REACH<\/li>\n<\/ul>\n<p>Sie werden eine problemlose Einrichtung erleben, egal ob Sie einen erweiterten Desktop-Bildschirm oder einen gespiegelten Bildschirm anstreben. Kurz gesagt, kontaktieren Sie uns noch heute und nehmen Sie unseren DP-auf-Mini-DP-Adapter in Ihren Bestand auf.<\/p>","protected":false},"excerpt":{"rendered":"<p>Maximieren Sie die Ger\u00e4tekompatibilit\u00e4t mit dem FARSINCE DP-auf-Mini-DP-Adapter, der langlebig, konform und f\u00fcr hervorragende Leistungen konzipiert ist und unverf\u00e4lschte 4K@60Hz-Darstellungen liefert.<\/p>","protected":false},"featured_media":16370,"template":"","meta":{"_acf_changed":false,"_seopress_robots_primary_cat":"","_seopress_titles_title":"Best DP to Mini DP Adapter 4K 60hz - Farsince","_seopress_titles_desc":"","_seopress_robots_index":"","site-sidebar-layout":"default","site-content-layout":"default","ast-site-content-layout":"default","site-content-style":"default","site-sidebar-style":"default","ast-global-header-display":"","ast-banner-title-visibility":"","ast-main-header-display":"","ast-hfb-above-header-display":"","ast-hfb-below-header-display":"","ast-hfb-mobile-header-display":"","site-post-title":"","ast-breadcrumbs-content":"","ast-featured-img":"","footer-sml-layout":"","ast-disable-related-posts":"","theme-transparent-header-meta":"default","adv-header-id-meta":"","stick-header-meta":"","header-above-stick-meta":"","header-main-stick-meta":"","header-below-stick-meta":"","astra-migrate-meta-layouts":"set","ast-page-background-enabled":"default","ast-page-background-meta":{"desktop":{"background-color":"","background-image":"","background-repeat":"repeat","background-position":"center center","background-size":"auto","background-attachment":"scroll","background-type":"","background-media":"","overlay-type":"","overlay-color":"","overlay-opacity":"","overlay-gradient":""},"tablet":{"background-color":"","background-image":"","background-repeat":"repeat","background-position":"center center","background-size":"auto","background-attachment":"scroll","background-type":"","background-media":"","overlay-type":"","overlay-color":"","overlay-opacity":"","overlay-gradient":""},"mobile":{"background-color":"","background-image":"","background-repeat":"repeat","background-position":"center center","background-size":"auto","background-attachment":"scroll","background-type":"","background-media":"","overlay-type":"","overlay-color":"","overlay-opacity":"","overlay-gradient":""}},"ast-content-background-meta":{"desktop":{"background-color":"var(--ast-global-color-5)","background-image":"","background-repeat":"repeat","background-position":"center center","background-size":"auto","background-attachment":"scroll","background-type":"","background-media":"","overlay-type":"","overlay-color":"","overlay-opacity":"","overlay-gradient":""},"tablet":{"background-color":"var(--ast-global-color-5)","background-image":"","background-repeat":"repeat","background-position":"center center","background-size":"auto","background-attachment":"scroll","background-type":"","background-media":"","overlay-type":"","overlay-color":"","overlay-opacity":"","overlay-gradient":""},"mobile":{"background-color":"var(--ast-global-color-5)","background-image":"","background-repeat":"repeat","background-position":"center center","background-size":"auto","background-attachment":"scroll","background-type":"","background-media":"","overlay-type":"","overlay-color":"","overlay-opacity":"","overlay-gradient":""}},"iawp_total_views":4},"product_brand":[],"product_cat":[212],"product_tag":[],"class_list":{"0":"post-16355","1":"product","2":"type-product","3":"status-publish","4":"has-post-thumbnail","6":"product_cat-displayport","7":"desktop-align-left","8":"tablet-align-left","9":"mobile-align-left","11":"first","12":"instock","13":"shipping-taxable","14":"purchasable","15":"product-type-simple"},"acf":[],"_links":{"self":[{"href":"https:\/\/www.fjpremium.com\/de\/wp-json\/wp\/v2\/product\/16355","targetHints":{"allow":["GET"]}}],"collection":[{"href":"https:\/\/www.fjpremium.com\/de\/wp-json\/wp\/v2\/product"}],"about":[{"href":"https:\/\/www.fjpremium.com\/de\/wp-json\/wp\/v2\/types\/product"}],"wp:featuredmedia":[{"embeddable":true,"href":"https:\/\/www.fjpremium.com\/de\/wp-json\/wp\/v2\/media\/16370"}],"wp:attachment":[{"href":"https:\/\/www.fjpremium.com\/de\/wp-json\/wp\/v2\/media?parent=16355"}],"wp:term":[{"taxonomy":"product_brand","embeddable":true,"href":"https:\/\/www.fjpremium.com\/de\/wp-json\/wp\/v2\/product_brand?post=16355"},{"taxonomy":"product_cat","embeddable":true,"href":"https:\/\/www.fjpremium.com\/de\/wp-json\/wp\/v2\/product_cat?post=16355"},{"taxonomy":"product_tag","embeddable":true,"href":"https:\/\/www.fjpremium.com\/de\/wp-json\/wp\/v2\/product_tag?post=16355"}],"curies":[{"name":"wp","href":"https:\/\/api.w.org\/{rel}","templated":true}]}}