{"id":16354,"date":"2020-09-09T15:54:04","date_gmt":"2020-09-09T07:54:04","guid":{"rendered":"https:\/\/www.fjpremium.com\/?post_type=product&#038;p=16354"},"modified":"2023-10-07T17:28:53","modified_gmt":"2023-10-07T09:28:53","slug":"displayport-1-2-1-4-to-vga-converter-coupler-dp-to-vga-adapter-1080p","status":"publish","type":"product","link":"https:\/\/www.fjpremium.com\/de\/product\/displayport-1-2-1-4-to-vga-converter-coupler-dp-to-vga-adapter-1080p\/","title":{"rendered":"DisplayPort 1.2 zu VGA Adapter DP zu VGA Konverter Koppler Adapter 1080p"},"content":{"rendered":"<p>Unser hochmoderner Konverter verbindet DisplayPort-f\u00e4hige Laptops oder Desktops mit Ger\u00e4ten mit VGA-Eingang wie HDTVs, Monitoren, Projektoren oder digitalen CRT-Bildschirmen.<\/p>\n<p>Er wandelt digitale Signale effizient in Bildmaterial um und bietet High-Definition-Aufl\u00f6sungen von bis zu 1080P bei 60 Hz. Das Ger\u00e4t wurde f\u00fcr herausragende Leistungen entwickelt und zeichnet sich durch eine un\u00fcbertroffene Materialqualit\u00e4t aus, die \u00fcber die gesamte Lebensdauer hinweg gleichbleibende Leistung bietet.<\/p>\n<p>Dank der vollst\u00e4ndigen Abschirmung gegen EMI\/RFI-St\u00f6rungen und der vergoldeten 24-K-Stecker bleibt die Signal\u00fcbertragung einwandfrei.<\/p>\n<p>Seine Spezifikationen:<\/p>\n<ul>\n<li>Geh\u00e4use: ABS-Schale<\/li>\n<li>Chipsatz: ANX9833<\/li>\n<li>Mantel: PVC<\/li>\n<li>\u00c4u\u00dferer Durchmesser: 4,8\u00b10,2mm<\/li>\n<li>Einhaltung der Vorschriften: RoHS, REACH, CE, UL<\/li>\n<\/ul>\n<p>Dar\u00fcber hinaus garantiert dieser DisplayPort 1.2 auf VGA-Adapter die Einhaltung von Industriestandards und bietet eine 2-j\u00e4hrige Garantie f\u00fcr zus\u00e4tzliche Sicherheit. Kurzum, kontaktieren Sie uns noch heute und investieren Sie in diesen Adapter.<\/p>","protected":false},"excerpt":{"rendered":"<p>Entfesseln Sie das Potenzial Ihrer Ger\u00e4te mit dem DisplayPort 1.2-auf-VGA-Adapter von FARSINCE. Er liefert gestochen scharfe Bilder mit 1080P bei 60 Hz und bietet 2 Jahre Garantie.<\/p>","protected":false},"featured_media":16364,"template":"","meta":{"_acf_changed":false,"_seopress_robots_primary_cat":"","_seopress_titles_title":"Best DisplayPort 1.2 to VGA Adapter - Farsince","_seopress_titles_desc":"","_seopress_robots_index":"","site-sidebar-layout":"default","site-content-layout":"default","ast-site-content-layout":"default","site-content-style":"default","site-sidebar-style":"default","ast-global-header-display":"","ast-banner-title-visibility":"","ast-main-header-display":"","ast-hfb-above-header-display":"","ast-hfb-below-header-display":"","ast-hfb-mobile-header-display":"","site-post-title":"","ast-breadcrumbs-content":"","ast-featured-img":"","footer-sml-layout":"","ast-disable-related-posts":"","theme-transparent-header-meta":"default","adv-header-id-meta":"","stick-header-meta":"","header-above-stick-meta":"","header-main-stick-meta":"","header-below-stick-meta":"","astra-migrate-meta-layouts":"set","ast-page-background-enabled":"default","ast-page-background-meta":{"desktop":{"background-color":"","background-image":"","background-repeat":"repeat","background-position":"center center","background-size":"auto","background-attachment":"scroll","background-type":"","background-media":"","overlay-type":"","overlay-color":"","overlay-opacity":"","overlay-gradient":""},"tablet":{"background-color":"","background-image":"","background-repeat":"repeat","background-position":"center center","background-size":"auto","background-attachment":"scroll","background-type":"","background-media":"","overlay-type":"","overlay-color":"","overlay-opacity":"","overlay-gradient":""},"mobile":{"background-color":"","background-image":"","background-repeat":"repeat","background-position":"center center","background-size":"auto","background-attachment":"scroll","background-type":"","background-media":"","overlay-type":"","overlay-color":"","overlay-opacity":"","overlay-gradient":""}},"ast-content-background-meta":{"desktop":{"background-color":"var(--ast-global-color-5)","background-image":"","background-repeat":"repeat","background-position":"center center","background-size":"auto","background-attachment":"scroll","background-type":"","background-media":"","overlay-type":"","overlay-color":"","overlay-opacity":"","overlay-gradient":""},"tablet":{"background-color":"var(--ast-global-color-5)","background-image":"","background-repeat":"repeat","background-position":"center center","background-size":"auto","background-attachment":"scroll","background-type":"","background-media":"","overlay-type":"","overlay-color":"","overlay-opacity":"","overlay-gradient":""},"mobile":{"background-color":"var(--ast-global-color-5)","background-image":"","background-repeat":"repeat","background-position":"center center","background-size":"auto","background-attachment":"scroll","background-type":"","background-media":"","overlay-type":"","overlay-color":"","overlay-opacity":"","overlay-gradient":""}},"iawp_total_views":4},"product_brand":[],"product_cat":[212],"product_tag":[],"class_list":{"0":"post-16354","1":"product","2":"type-product","3":"status-publish","4":"has-post-thumbnail","6":"product_cat-displayport","7":"desktop-align-left","8":"tablet-align-left","9":"mobile-align-left","11":"first","12":"instock","13":"shipping-taxable","14":"purchasable","15":"product-type-simple"},"acf":[],"_links":{"self":[{"href":"https:\/\/www.fjpremium.com\/de\/wp-json\/wp\/v2\/product\/16354","targetHints":{"allow":["GET"]}}],"collection":[{"href":"https:\/\/www.fjpremium.com\/de\/wp-json\/wp\/v2\/product"}],"about":[{"href":"https:\/\/www.fjpremium.com\/de\/wp-json\/wp\/v2\/types\/product"}],"wp:featuredmedia":[{"embeddable":true,"href":"https:\/\/www.fjpremium.com\/de\/wp-json\/wp\/v2\/media\/16364"}],"wp:attachment":[{"href":"https:\/\/www.fjpremium.com\/de\/wp-json\/wp\/v2\/media?parent=16354"}],"wp:term":[{"taxonomy":"product_brand","embeddable":true,"href":"https:\/\/www.fjpremium.com\/de\/wp-json\/wp\/v2\/product_brand?post=16354"},{"taxonomy":"product_cat","embeddable":true,"href":"https:\/\/www.fjpremium.com\/de\/wp-json\/wp\/v2\/product_cat?post=16354"},{"taxonomy":"product_tag","embeddable":true,"href":"https:\/\/www.fjpremium.com\/de\/wp-json\/wp\/v2\/product_tag?post=16354"}],"curies":[{"name":"wp","href":"https:\/\/api.w.org\/{rel}","templated":true}]}}