{"id":16353,"date":"2020-09-09T15:54:03","date_gmt":"2020-09-09T07:54:03","guid":{"rendered":"https:\/\/www.fjpremium.com\/?post_type=product&#038;p=16353"},"modified":"2023-10-07T17:30:44","modified_gmt":"2023-10-07T09:30:44","slug":"displayport-1-2-1-4-to-dvi-adapter-coupler-dp-to-dvi-converter-1080p","status":"publish","type":"product","link":"https:\/\/www.fjpremium.com\/de\/product\/displayport-1-2-1-4-to-dvi-adapter-coupler-dp-to-dvi-converter-1080p\/","title":{"rendered":"DisplayPort 1.2 1.4 auf DVI Adapter Koppler DP auf DVI Konverter 1080p"},"content":{"rendered":"<p>Dieser Adapter wurde f\u00fcr verschiedene Anwendungen entwickelt, sei es ein Heimkino oder eine Desktop-Umgebung, und verbindet mit DisplayPort ausgestattete Ger\u00e4te (einschlie\u00dflich DP, DP++ und DisplayPort++) wie Laptops und Desktops nahtlos mit HDTVs, Monitoren, Projektoren oder anderen DVI-f\u00e4higen Ger\u00e4ten.<\/p>\n<p>Da es sowohl Audio- als auch Video\u00fcbertragungen erm\u00f6glicht, ist es ideal f\u00fcr intensives Videostreaming oder fesselnde Gaming-Sessions. Au\u00dferdem k\u00f6nnen Sie die klarsten Bilder erwarten, da er Aufl\u00f6sungen bis zu 1080P (Full HD) unterst\u00fctzt.<\/p>\n<p>Die Integrit\u00e4t des DP-zu-DVI-Konverters wird durch erstklassige Materialien aufrechterhalten, und dank der vollst\u00e4ndig abgeschirmten Leiter wird eine zus\u00e4tzliche Immunit\u00e4t gegen EMI\/RFI-St\u00f6rungen erreicht.<\/p>\n<p>Mit den 24-kar\u00e4tigen vergoldeten Anschl\u00fcssen wird die Signalqualit\u00e4t weiter verbessert.<\/p>\n<p>Seine Spezifikationen:<\/p>\n<ul>\n<li>Kabel-Leiter: Verzinntes Kupfer<\/li>\n<li>Geh\u00e4use: ABS-Schale<\/li>\n<li>Chipsatz: PS8121E<\/li>\n<li>Mantel: PVC<\/li>\n<li>Einhaltung der Vorschriften: RoHS, REACH<\/li>\n<\/ul>\n<p>Und dank unseres Engagements f\u00fcr Qualit\u00e4t h\u00e4lt es dem Test der Zeit und den Ma\u00dfst\u00e4ben der Branche stand, was durch eine 2-j\u00e4hrige Garantie untermauert wird. Kurzum, kontaktieren Sie uns noch heute und bestellen Sie unser Produkt.<\/p>","protected":false},"excerpt":{"rendered":"<p>Erleben Sie un\u00fcbertroffene audiovisuelle Konnektivit\u00e4t mit dem DP-zu-DVI-Konverter von Farsince, der makellose Bilder bis zu 1080P@60Hz und eine einwandfreie Audio\u00fcbertragung bietet.<\/p>","protected":false},"featured_media":16358,"template":"","meta":{"_acf_changed":false,"_seopress_robots_primary_cat":"","_seopress_titles_title":"DP to DVI Converter 1080p - Farsince","_seopress_titles_desc":"","_seopress_robots_index":"","site-sidebar-layout":"default","site-content-layout":"default","ast-site-content-layout":"default","site-content-style":"default","site-sidebar-style":"default","ast-global-header-display":"","ast-banner-title-visibility":"","ast-main-header-display":"","ast-hfb-above-header-display":"","ast-hfb-below-header-display":"","ast-hfb-mobile-header-display":"","site-post-title":"","ast-breadcrumbs-content":"","ast-featured-img":"","footer-sml-layout":"","ast-disable-related-posts":"","theme-transparent-header-meta":"default","adv-header-id-meta":"","stick-header-meta":"","header-above-stick-meta":"","header-main-stick-meta":"","header-below-stick-meta":"","astra-migrate-meta-layouts":"set","ast-page-background-enabled":"default","ast-page-background-meta":{"desktop":{"background-color":"","background-image":"","background-repeat":"repeat","background-position":"center center","background-size":"auto","background-attachment":"scroll","background-type":"","background-media":"","overlay-type":"","overlay-color":"","overlay-opacity":"","overlay-gradient":""},"tablet":{"background-color":"","background-image":"","background-repeat":"repeat","background-position":"center center","background-size":"auto","background-attachment":"scroll","background-type":"","background-media":"","overlay-type":"","overlay-color":"","overlay-opacity":"","overlay-gradient":""},"mobile":{"background-color":"","background-image":"","background-repeat":"repeat","background-position":"center center","background-size":"auto","background-attachment":"scroll","background-type":"","background-media":"","overlay-type":"","overlay-color":"","overlay-opacity":"","overlay-gradient":""}},"ast-content-background-meta":{"desktop":{"background-color":"var(--ast-global-color-5)","background-image":"","background-repeat":"repeat","background-position":"center center","background-size":"auto","background-attachment":"scroll","background-type":"","background-media":"","overlay-type":"","overlay-color":"","overlay-opacity":"","overlay-gradient":""},"tablet":{"background-color":"var(--ast-global-color-5)","background-image":"","background-repeat":"repeat","background-position":"center center","background-size":"auto","background-attachment":"scroll","background-type":"","background-media":"","overlay-type":"","overlay-color":"","overlay-opacity":"","overlay-gradient":""},"mobile":{"background-color":"var(--ast-global-color-5)","background-image":"","background-repeat":"repeat","background-position":"center center","background-size":"auto","background-attachment":"scroll","background-type":"","background-media":"","overlay-type":"","overlay-color":"","overlay-opacity":"","overlay-gradient":""}},"iawp_total_views":28},"product_brand":[],"product_cat":[212],"product_tag":[],"class_list":{"0":"post-16353","1":"product","2":"type-product","3":"status-publish","4":"has-post-thumbnail","6":"product_cat-displayport","7":"desktop-align-left","8":"tablet-align-left","9":"mobile-align-left","11":"first","12":"instock","13":"shipping-taxable","14":"purchasable","15":"product-type-simple"},"acf":[],"_links":{"self":[{"href":"https:\/\/www.fjpremium.com\/de\/wp-json\/wp\/v2\/product\/16353","targetHints":{"allow":["GET"]}}],"collection":[{"href":"https:\/\/www.fjpremium.com\/de\/wp-json\/wp\/v2\/product"}],"about":[{"href":"https:\/\/www.fjpremium.com\/de\/wp-json\/wp\/v2\/types\/product"}],"wp:featuredmedia":[{"embeddable":true,"href":"https:\/\/www.fjpremium.com\/de\/wp-json\/wp\/v2\/media\/16358"}],"wp:attachment":[{"href":"https:\/\/www.fjpremium.com\/de\/wp-json\/wp\/v2\/media?parent=16353"}],"wp:term":[{"taxonomy":"product_brand","embeddable":true,"href":"https:\/\/www.fjpremium.com\/de\/wp-json\/wp\/v2\/product_brand?post=16353"},{"taxonomy":"product_cat","embeddable":true,"href":"https:\/\/www.fjpremium.com\/de\/wp-json\/wp\/v2\/product_cat?post=16353"},{"taxonomy":"product_tag","embeddable":true,"href":"https:\/\/www.fjpremium.com\/de\/wp-json\/wp\/v2\/product_tag?post=16353"}],"curies":[{"name":"wp","href":"https:\/\/api.w.org\/{rel}","templated":true}]}}