{"id":16330,"date":"2020-09-09T15:41:21","date_gmt":"2020-09-09T07:41:21","guid":{"rendered":"https:\/\/www.fjpremium.com\/?post_type=product&#038;p=16330"},"modified":"2023-10-10T09:31:30","modified_gmt":"2023-10-10T01:31:30","slug":"displayport-dp-to-hdmi-vga-dvi-3-in-1-adapter-converter","status":"publish","type":"product","link":"https:\/\/www.fjpremium.com\/de\/product\/displayport-dp-to-hdmi-vga-dvi-3-in-1-adapter-converter\/","title":{"rendered":"3 in 1 DisplayPort auf HDMI VGA DVI Adapter"},"content":{"rendered":"<p>Dieser Adapter verbindet Ihre DisplayPort-kompatiblen Ger\u00e4te, seien es Computer, Laptops oder Set-Top-Boxen, m\u00fchelos mit einer Vielzahl von HDTVs, Monitoren oder Projektoren mit HDMI-, DVI- oder VGA-Anschluss.<\/p>\n<p>Der HDMI-Ausgang unterst\u00fctzt eine \u00fcppige 4K*2K@30Hz-Aufl\u00f6sung und DVI und VGA liegen mit 1080P@60Hz nicht weit dahinter.<\/p>\n<p>Der Plug-and-Play-Adapter ist mit vergoldeten Kontakten und einem Geh\u00e4use ausgestattet und mit einer dreifach abgeschirmten Struktur versehen, die Langlebigkeit und Haltbarkeit verspricht.<\/p>\n<p>Ob Spiegelung oder Erweiterung von Bildschirmen, es macht alles nahtlos und erf\u00fcllt die RoHS- und REACH-Normen.<\/p>\n<p>Seine Spezifikationen:<\/p>\n<ul>\n<li>Isolierung: Gesch\u00e4umte PE-Haut\/HDPE<\/li>\n<li>Drahtst\u00e4rke: 32AWG<\/li>\n<li>Geh\u00e4use: ABS-Schale<\/li>\n<li>Mantel: PVC<\/li>\n<li>\u00c4u\u00dferer Durchmesser: 4,8\u00b10,2mm<\/li>\n<\/ul>\n<p>Denken Sie daran, dass er jeweils nur einen Bildschirmausgang unterst\u00fctzt und dass ein HDMI\/VGA-Kabel separat erh\u00e4ltlich ist. Also, kontaktieren Sie uns noch heute und bestellen Sie unseren DisplayPort zu HDMI VGA DVI Adapter.<\/p>","protected":false},"excerpt":{"rendered":"<p>Der FARSINCE 3-in-1-DisplayPort-zu-HDMI-VGA-DVI-Adapter unterst\u00fctzt eine Aufl\u00f6sung von bis zu 4K*2K@30Hz und erm\u00f6glicht den nahtlosen Anschluss an HDTV, Monitor oder Projektor.<\/p>","protected":false},"featured_media":16336,"template":"","meta":{"_acf_changed":false,"_seopress_robots_primary_cat":"","_seopress_titles_title":"Best 3 in 1 DisplayPort to HDMI VGA DVI Adapter - FARSINCE","_seopress_titles_desc":"","_seopress_robots_index":"","site-sidebar-layout":"default","site-content-layout":"default","ast-site-content-layout":"default","site-content-style":"default","site-sidebar-style":"default","ast-global-header-display":"","ast-banner-title-visibility":"","ast-main-header-display":"","ast-hfb-above-header-display":"","ast-hfb-below-header-display":"","ast-hfb-mobile-header-display":"","site-post-title":"","ast-breadcrumbs-content":"","ast-featured-img":"","footer-sml-layout":"","ast-disable-related-posts":"","theme-transparent-header-meta":"default","adv-header-id-meta":"","stick-header-meta":"","header-above-stick-meta":"","header-main-stick-meta":"","header-below-stick-meta":"","astra-migrate-meta-layouts":"set","ast-page-background-enabled":"default","ast-page-background-meta":{"desktop":{"background-color":"","background-image":"","background-repeat":"repeat","background-position":"center center","background-size":"auto","background-attachment":"scroll","background-type":"","background-media":"","overlay-type":"","overlay-color":"","overlay-opacity":"","overlay-gradient":""},"tablet":{"background-color":"","background-image":"","background-repeat":"repeat","background-position":"center center","background-size":"auto","background-attachment":"scroll","background-type":"","background-media":"","overlay-type":"","overlay-color":"","overlay-opacity":"","overlay-gradient":""},"mobile":{"background-color":"","background-image":"","background-repeat":"repeat","background-position":"center center","background-size":"auto","background-attachment":"scroll","background-type":"","background-media":"","overlay-type":"","overlay-color":"","overlay-opacity":"","overlay-gradient":""}},"ast-content-background-meta":{"desktop":{"background-color":"var(--ast-global-color-5)","background-image":"","background-repeat":"repeat","background-position":"center center","background-size":"auto","background-attachment":"scroll","background-type":"","background-media":"","overlay-type":"","overlay-color":"","overlay-opacity":"","overlay-gradient":""},"tablet":{"background-color":"var(--ast-global-color-5)","background-image":"","background-repeat":"repeat","background-position":"center center","background-size":"auto","background-attachment":"scroll","background-type":"","background-media":"","overlay-type":"","overlay-color":"","overlay-opacity":"","overlay-gradient":""},"mobile":{"background-color":"var(--ast-global-color-5)","background-image":"","background-repeat":"repeat","background-position":"center center","background-size":"auto","background-attachment":"scroll","background-type":"","background-media":"","overlay-type":"","overlay-color":"","overlay-opacity":"","overlay-gradient":""}},"iawp_total_views":10},"product_brand":[],"product_cat":[212],"product_tag":[],"class_list":{"0":"post-16330","1":"product","2":"type-product","3":"status-publish","4":"has-post-thumbnail","6":"product_cat-displayport","7":"desktop-align-left","8":"tablet-align-left","9":"mobile-align-left","11":"first","12":"instock","13":"shipping-taxable","14":"purchasable","15":"product-type-simple"},"acf":[],"_links":{"self":[{"href":"https:\/\/www.fjpremium.com\/de\/wp-json\/wp\/v2\/product\/16330","targetHints":{"allow":["GET"]}}],"collection":[{"href":"https:\/\/www.fjpremium.com\/de\/wp-json\/wp\/v2\/product"}],"about":[{"href":"https:\/\/www.fjpremium.com\/de\/wp-json\/wp\/v2\/types\/product"}],"wp:featuredmedia":[{"embeddable":true,"href":"https:\/\/www.fjpremium.com\/de\/wp-json\/wp\/v2\/media\/16336"}],"wp:attachment":[{"href":"https:\/\/www.fjpremium.com\/de\/wp-json\/wp\/v2\/media?parent=16330"}],"wp:term":[{"taxonomy":"product_brand","embeddable":true,"href":"https:\/\/www.fjpremium.com\/de\/wp-json\/wp\/v2\/product_brand?post=16330"},{"taxonomy":"product_cat","embeddable":true,"href":"https:\/\/www.fjpremium.com\/de\/wp-json\/wp\/v2\/product_cat?post=16330"},{"taxonomy":"product_tag","embeddable":true,"href":"https:\/\/www.fjpremium.com\/de\/wp-json\/wp\/v2\/product_tag?post=16330"}],"curies":[{"name":"wp","href":"https:\/\/api.w.org\/{rel}","templated":true}]}}