{"id":16329,"date":"2020-09-09T15:41:20","date_gmt":"2020-09-09T07:41:20","guid":{"rendered":"https:\/\/www.fjpremium.com\/?post_type=product&#038;p=16329"},"modified":"2023-10-10T09:30:12","modified_gmt":"2023-10-10T01:30:12","slug":"displayport-dp-to-hdmi-to-vga-2-in-1-adapter-converter-4k-1080p","status":"publish","type":"product","link":"https:\/\/www.fjpremium.com\/de\/product\/displayport-dp-to-hdmi-to-vga-2-in-1-adapter-converter-4k-1080p\/","title":{"rendered":"2 in 1 DisplayPort zu HDMI VGA Adapter Konverter 4K 1080P"},"content":{"rendered":"<p>Mit unserem DisplayPort-auf-HDMI-VGA-Adapter k\u00f6nnen Sie DisplayPort-kompatible Ger\u00e4te wie Computer, Laptops oder Set-Top-Boxen direkt an HDTVs, Monitore oder Projektoren mit HDMI- oder VGA-Anschluss anschlie\u00dfen.<\/p>\n<p>HDMI kann Bildmaterial bis zu 4K*2K@30Hz ausgeben, und VGA kann bis zu 1080P@60Hz liefern. Denken Sie jedoch daran, dass er zwar sowohl HDMI als auch VGA hat, aber nur eines davon gleichzeitig nutzen kann.<\/p>\n<p>Au\u00dferdem unterst\u00fctzt es vielseitige Anzeigemodi, die es Ihnen erm\u00f6glichen, zwischen Spiegel- und erweiterten Dualmodi zu w\u00e4hlen, um ein ma\u00dfgeschneidertes Seherlebnis zu erhalten.<\/p>\n<p>Dieser Adapter bietet eine Stereo-Setup-Funktion. Wenn Sie Windows 10 verwenden, k\u00f6nnen Sie die Audioausgabe einfach verwalten, indem Sie das entsprechende Ger\u00e4t in den Soundeinstellungen ausw\u00e4hlen.<\/p>\n<p>Es ist mit vergoldeten Steckern und verzinnten Kupferleitern ausgestattet, die dreifach mit Twisted-Pair-Aluminiumfolie abgeschirmt sind.<\/p>\n<p>Das ABS-Geh\u00e4use sorgt f\u00fcr Langlebigkeit, und die PVC-Ummantelung bietet eine zus\u00e4tzliche Schutzschicht.<\/p>\n<p>Seine Spezifikationen:<\/p>\n<ul>\n<li>Isolierung: Gesch\u00e4umte PE-Haut\/HDPE<\/li>\n<li>Drahtst\u00e4rke: 32AWG<\/li>\n<li>\u00c4u\u00dferer Durchmesser: 4,8\u00b10,2mm<\/li>\n<\/ul>\n<p>Dar\u00fcber hinaus entspricht er den RoHS- und REACH-Normen und gew\u00e4hrleistet Sicherheit und Zuverl\u00e4ssigkeit. Nehmen Sie noch heute Kontakt mit uns auf und investieren Sie in den Adapter.<\/p>","protected":false},"excerpt":{"rendered":"<p>Entdecken Sie den fortschrittlichen 2-in-1-DisplayPort-zu-HDMI-VGA-Adapter von FARSINCE, eine problemlose Plug-and-Play-L\u00f6sung zur m\u00fchelosen Verbesserung der digitalen Verbindung.<\/p>","protected":false},"featured_media":16331,"template":"","meta":{"_acf_changed":false,"_seopress_robots_primary_cat":"","_seopress_titles_title":"Best 2 in 1 DisplayPort to HDMI VGA Adapter %%sep%% %%sitetitle%%","_seopress_titles_desc":"","_seopress_robots_index":"","site-sidebar-layout":"default","site-content-layout":"default","ast-site-content-layout":"default","site-content-style":"default","site-sidebar-style":"default","ast-global-header-display":"","ast-banner-title-visibility":"","ast-main-header-display":"","ast-hfb-above-header-display":"","ast-hfb-below-header-display":"","ast-hfb-mobile-header-display":"","site-post-title":"","ast-breadcrumbs-content":"","ast-featured-img":"","footer-sml-layout":"","ast-disable-related-posts":"","theme-transparent-header-meta":"default","adv-header-id-meta":"","stick-header-meta":"","header-above-stick-meta":"","header-main-stick-meta":"","header-below-stick-meta":"","astra-migrate-meta-layouts":"set","ast-page-background-enabled":"default","ast-page-background-meta":{"desktop":{"background-color":"","background-image":"","background-repeat":"repeat","background-position":"center center","background-size":"auto","background-attachment":"scroll","background-type":"","background-media":"","overlay-type":"","overlay-color":"","overlay-opacity":"","overlay-gradient":""},"tablet":{"background-color":"","background-image":"","background-repeat":"repeat","background-position":"center center","background-size":"auto","background-attachment":"scroll","background-type":"","background-media":"","overlay-type":"","overlay-color":"","overlay-opacity":"","overlay-gradient":""},"mobile":{"background-color":"","background-image":"","background-repeat":"repeat","background-position":"center center","background-size":"auto","background-attachment":"scroll","background-type":"","background-media":"","overlay-type":"","overlay-color":"","overlay-opacity":"","overlay-gradient":""}},"ast-content-background-meta":{"desktop":{"background-color":"var(--ast-global-color-5)","background-image":"","background-repeat":"repeat","background-position":"center center","background-size":"auto","background-attachment":"scroll","background-type":"","background-media":"","overlay-type":"","overlay-color":"","overlay-opacity":"","overlay-gradient":""},"tablet":{"background-color":"var(--ast-global-color-5)","background-image":"","background-repeat":"repeat","background-position":"center center","background-size":"auto","background-attachment":"scroll","background-type":"","background-media":"","overlay-type":"","overlay-color":"","overlay-opacity":"","overlay-gradient":""},"mobile":{"background-color":"var(--ast-global-color-5)","background-image":"","background-repeat":"repeat","background-position":"center center","background-size":"auto","background-attachment":"scroll","background-type":"","background-media":"","overlay-type":"","overlay-color":"","overlay-opacity":"","overlay-gradient":""}},"iawp_total_views":61},"product_brand":[],"product_cat":[212],"product_tag":[],"class_list":{"0":"post-16329","1":"product","2":"type-product","3":"status-publish","4":"has-post-thumbnail","6":"product_cat-displayport","7":"desktop-align-left","8":"tablet-align-left","9":"mobile-align-left","11":"first","12":"instock","13":"shipping-taxable","14":"purchasable","15":"product-type-simple"},"acf":[],"_links":{"self":[{"href":"https:\/\/www.fjpremium.com\/de\/wp-json\/wp\/v2\/product\/16329","targetHints":{"allow":["GET"]}}],"collection":[{"href":"https:\/\/www.fjpremium.com\/de\/wp-json\/wp\/v2\/product"}],"about":[{"href":"https:\/\/www.fjpremium.com\/de\/wp-json\/wp\/v2\/types\/product"}],"wp:featuredmedia":[{"embeddable":true,"href":"https:\/\/www.fjpremium.com\/de\/wp-json\/wp\/v2\/media\/16331"}],"wp:attachment":[{"href":"https:\/\/www.fjpremium.com\/de\/wp-json\/wp\/v2\/media?parent=16329"}],"wp:term":[{"taxonomy":"product_brand","embeddable":true,"href":"https:\/\/www.fjpremium.com\/de\/wp-json\/wp\/v2\/product_brand?post=16329"},{"taxonomy":"product_cat","embeddable":true,"href":"https:\/\/www.fjpremium.com\/de\/wp-json\/wp\/v2\/product_cat?post=16329"},{"taxonomy":"product_tag","embeddable":true,"href":"https:\/\/www.fjpremium.com\/de\/wp-json\/wp\/v2\/product_tag?post=16329"}],"curies":[{"name":"wp","href":"https:\/\/api.w.org\/{rel}","templated":true}]}}