{"id":16305,"date":"2020-09-09T15:24:36","date_gmt":"2020-09-09T07:24:36","guid":{"rendered":"https:\/\/www.fjpremium.com\/?post_type=product&#038;p=16305"},"modified":"2023-10-10T09:44:37","modified_gmt":"2023-10-10T01:44:37","slug":"displayport-dp-1-4-8k-cable-for-144hz-monitor-support-8k60hz-4k120hz","status":"publish","type":"product","link":"https:\/\/www.fjpremium.com\/de\/product\/displayport-dp-1-4-8k-cable-for-144hz-monitor-support-8k60hz-4k120hz\/","title":{"rendered":"DisplayPort DP 8K Kabel f\u00fcr 144hz Monitor Unterst\u00fctzung 8K@60hz, 4K@120hz"},"content":{"rendered":"<p>Unser Kabel ist so konstruiert, dass es Grenzen \u00fcberschreitet und atemberaubende Videoaufl\u00f6sungen bis zu 8K (7680\u00d74320) erm\u00f6glicht.<\/p>\n<p>Nicht nur 8K, sondern auch 5K (5120\u00d72880 @ 60Hz), 4K Ultra HD (3840\u00d72160 @ 60Hz) und 1080P (Full HD) werden nahtlos unterst\u00fctzt und sorgen f\u00fcr ein unvergleichliches visuelles Erlebnis.<\/p>\n<p>Neben den visuellen Eindr\u00fccken k\u00f6nnen Sie auch in fesselnden Ton eintauchen, der m\u00fchelos \u00fcber unkomprimierte digitale Kan\u00e4le \u00fcbertragen wird, sei es 7.1, 5.1 oder einfach 2.<\/p>\n<p>Ausgestattet mit fortschrittlichen Funktionen wie HBR3 High-Bandwidth, DSC 1.2 Display Stream Compression und FEC Forward Error Correction bietet dieses DP 8K-Kabel eine satte Bandbreite von 32,4 Gbit\/s und 32 Audiokan\u00e4le f\u00fcr ein hervorragendes Multimedia-Erlebnis.<\/p>\n<p>Seine Spezifikationen:<\/p>\n<ul>\n<li>Vergoldeter Kontakt; vergoldetes Geh\u00e4use<\/li>\n<li>Kabel-Leiter: Verzinntes Kupfer<\/li>\n<li>Isolierung: Gesch\u00e4umte PE-Haut\/HDPE<\/li>\n<li>Drahtst\u00e4rke: 30AWG(1-3M), 28AWG(5M)<\/li>\n<li>Dreifach abgeschirmt: verdrilltes Paar aus Aluminiumfolie, Gesamtaluminiumfolie, Geflecht,<\/li>\n<li>Mantel: PVC<\/li>\n<\/ul>\n<p>Dar\u00fcber hinaus wurde er in \u00dcbereinstimmung mit den RoHS- und REACH-Normen entwickelt und ist abw\u00e4rtskompatibel mit DisplayPort 1.2 - eine Mischung aus Innovation und Kompatibilit\u00e4t. Wenden Sie sich daher noch heute an uns und nehmen Sie ihn in Ihren Bestand auf.<\/p>","protected":false},"excerpt":{"rendered":"<p>Treten Sie mit dem bahnbrechenden DP 8K-Kabel von Farsince in die Zukunft der Displaytechnologie ein und bieten Sie beeindruckenden Klang und einwandfreie Konnektivit\u00e4t.<\/p>","protected":false},"featured_media":16306,"template":"","meta":{"_acf_changed":false,"_seopress_robots_primary_cat":"","_seopress_titles_title":"Best DisplayPort DP 8K Cable for 144hz Monitor %%sep%% %%sitetitle%%","_seopress_titles_desc":"","_seopress_robots_index":"","site-sidebar-layout":"default","site-content-layout":"default","ast-site-content-layout":"default","site-content-style":"default","site-sidebar-style":"default","ast-global-header-display":"","ast-banner-title-visibility":"","ast-main-header-display":"","ast-hfb-above-header-display":"","ast-hfb-below-header-display":"","ast-hfb-mobile-header-display":"","site-post-title":"","ast-breadcrumbs-content":"","ast-featured-img":"","footer-sml-layout":"","ast-disable-related-posts":"","theme-transparent-header-meta":"default","adv-header-id-meta":"","stick-header-meta":"","header-above-stick-meta":"","header-main-stick-meta":"","header-below-stick-meta":"","astra-migrate-meta-layouts":"set","ast-page-background-enabled":"default","ast-page-background-meta":{"desktop":{"background-color":"","background-image":"","background-repeat":"repeat","background-position":"center center","background-size":"auto","background-attachment":"scroll","background-type":"","background-media":"","overlay-type":"","overlay-color":"","overlay-opacity":"","overlay-gradient":""},"tablet":{"background-color":"","background-image":"","background-repeat":"repeat","background-position":"center center","background-size":"auto","background-attachment":"scroll","background-type":"","background-media":"","overlay-type":"","overlay-color":"","overlay-opacity":"","overlay-gradient":""},"mobile":{"background-color":"","background-image":"","background-repeat":"repeat","background-position":"center center","background-size":"auto","background-attachment":"scroll","background-type":"","background-media":"","overlay-type":"","overlay-color":"","overlay-opacity":"","overlay-gradient":""}},"ast-content-background-meta":{"desktop":{"background-color":"var(--ast-global-color-5)","background-image":"","background-repeat":"repeat","background-position":"center center","background-size":"auto","background-attachment":"scroll","background-type":"","background-media":"","overlay-type":"","overlay-color":"","overlay-opacity":"","overlay-gradient":""},"tablet":{"background-color":"var(--ast-global-color-5)","background-image":"","background-repeat":"repeat","background-position":"center center","background-size":"auto","background-attachment":"scroll","background-type":"","background-media":"","overlay-type":"","overlay-color":"","overlay-opacity":"","overlay-gradient":""},"mobile":{"background-color":"var(--ast-global-color-5)","background-image":"","background-repeat":"repeat","background-position":"center center","background-size":"auto","background-attachment":"scroll","background-type":"","background-media":"","overlay-type":"","overlay-color":"","overlay-opacity":"","overlay-gradient":""}},"iawp_total_views":11},"product_brand":[],"product_cat":[212],"product_tag":[],"class_list":{"0":"post-16305","1":"product","2":"type-product","3":"status-publish","4":"has-post-thumbnail","6":"product_cat-displayport","7":"desktop-align-left","8":"tablet-align-left","9":"mobile-align-left","11":"first","12":"instock","13":"shipping-taxable","14":"purchasable","15":"product-type-simple"},"acf":[],"_links":{"self":[{"href":"https:\/\/www.fjpremium.com\/de\/wp-json\/wp\/v2\/product\/16305","targetHints":{"allow":["GET"]}}],"collection":[{"href":"https:\/\/www.fjpremium.com\/de\/wp-json\/wp\/v2\/product"}],"about":[{"href":"https:\/\/www.fjpremium.com\/de\/wp-json\/wp\/v2\/types\/product"}],"wp:featuredmedia":[{"embeddable":true,"href":"https:\/\/www.fjpremium.com\/de\/wp-json\/wp\/v2\/media\/16306"}],"wp:attachment":[{"href":"https:\/\/www.fjpremium.com\/de\/wp-json\/wp\/v2\/media?parent=16305"}],"wp:term":[{"taxonomy":"product_brand","embeddable":true,"href":"https:\/\/www.fjpremium.com\/de\/wp-json\/wp\/v2\/product_brand?post=16305"},{"taxonomy":"product_cat","embeddable":true,"href":"https:\/\/www.fjpremium.com\/de\/wp-json\/wp\/v2\/product_cat?post=16305"},{"taxonomy":"product_tag","embeddable":true,"href":"https:\/\/www.fjpremium.com\/de\/wp-json\/wp\/v2\/product_tag?post=16305"}],"curies":[{"name":"wp","href":"https:\/\/api.w.org\/{rel}","templated":true}]}}