{"id":16296,"date":"2020-09-09T15:20:37","date_gmt":"2020-09-09T07:20:37","guid":{"rendered":"https:\/\/www.fjpremium.com\/?post_type=product&#038;p=16296"},"modified":"2023-10-10T09:48:45","modified_gmt":"2023-10-10T01:48:45","slug":"wholesale-displayport-male-to-displayport-female-dp-m-f-extension-cable","status":"publish","type":"product","link":"https:\/\/www.fjpremium.com\/de\/product\/wholesale-displayport-male-to-displayport-female-dp-m-f-extension-cable\/","title":{"rendered":"Gro\u00dfhandel Displayport Stecker zu DisplayPort Buchse DP M F Kabel"},"content":{"rendered":"<p>Dieses Kabel ist die ultimative Br\u00fccke zwischen Ihrem Ultra 4K-Fernseher, HDTV, Monitor, Projektor und jedem DisplayPort-Quellger\u00e4t.<\/p>\n<p>Erleben Sie sch\u00e4rfere, lebendigere Bilder mit Aufl\u00f6sungen von bis zu 4K (3840\u00d72160, Ultra HD) und 1080P (Full HD).<\/p>\n<p>Au\u00dferdem genie\u00dfen Sie eine einwandfreie Audio\u00fcbertragung \u00fcber unkomprimierte Digitalkan\u00e4le, sei es ein dynamisches 7.1, ein sattes 5.1 oder ein klares 2.<\/p>\n<p>Das sorgf\u00e4ltig gefertigte DP M F-Kabel h\u00e4lt sich streng an die DisplayPort 1.2-Standards. Vergoldete Stecker sorgen f\u00fcr ein unterbrechungsfreies Signal, w\u00e4hrend die vollst\u00e4ndig abgeschirmten Leiter Immunit\u00e4t gegen EMI\/RFI-St\u00f6rungen garantieren.<\/p>\n<p>Das Verriegelungsdesign des DisplayPort-Steckers sorgt daf\u00fcr, dass er an Ort und Stelle bleibt, und minimiert das Risiko von Verbindungsabbr\u00fcchen.<\/p>\n<p>Seine Spezifikationen:<\/p>\n<ul>\n<li>Kabel-Leiter: Blanke Kupfer<\/li>\n<li>Isolierung: Gesch\u00e4umte PE-Haut\/HDPE<\/li>\n<li>Kabelquerschnitt: 30AWG(1-5M)<\/li>\n<li>Mantel: PVC<\/li>\n<li>Einhaltung der Vorschriften: RoHS, REACH<\/li>\n<\/ul>\n<p>Getestet nach Branchenma\u00dfst\u00e4ben und mit unserer 2-Jahres-Garantie ausgestattet, definiert es Zuverl\u00e4ssigkeit und Leistung neu. Wenden Sie sich daher noch heute an uns und investieren Sie in unser Produkt.<\/p>","protected":false},"excerpt":{"rendered":"<p>Verbessern Sie Ihr technisches Setup mit dem DP MF-Kabel von FARSINCE. Es bietet 4K-Klarheit, immersiven Klang und eine sichere Verbindung, ideal f\u00fcr moderne Multimediar\u00e4ume.<\/p>","protected":false},"featured_media":16297,"template":"","meta":{"_acf_changed":false,"_seopress_robots_primary_cat":"","_seopress_titles_title":"Displayport Male to DisplayPort Female DP M F Cable %%sep%% %%sitetitle%%","_seopress_titles_desc":"","_seopress_robots_index":"","site-sidebar-layout":"default","site-content-layout":"default","ast-site-content-layout":"default","site-content-style":"default","site-sidebar-style":"default","ast-global-header-display":"","ast-banner-title-visibility":"","ast-main-header-display":"","ast-hfb-above-header-display":"","ast-hfb-below-header-display":"","ast-hfb-mobile-header-display":"","site-post-title":"","ast-breadcrumbs-content":"","ast-featured-img":"","footer-sml-layout":"","ast-disable-related-posts":"","theme-transparent-header-meta":"default","adv-header-id-meta":"","stick-header-meta":"","header-above-stick-meta":"","header-main-stick-meta":"","header-below-stick-meta":"","astra-migrate-meta-layouts":"set","ast-page-background-enabled":"default","ast-page-background-meta":{"desktop":{"background-color":"","background-image":"","background-repeat":"repeat","background-position":"center center","background-size":"auto","background-attachment":"scroll","background-type":"","background-media":"","overlay-type":"","overlay-color":"","overlay-opacity":"","overlay-gradient":""},"tablet":{"background-color":"","background-image":"","background-repeat":"repeat","background-position":"center center","background-size":"auto","background-attachment":"scroll","background-type":"","background-media":"","overlay-type":"","overlay-color":"","overlay-opacity":"","overlay-gradient":""},"mobile":{"background-color":"","background-image":"","background-repeat":"repeat","background-position":"center center","background-size":"auto","background-attachment":"scroll","background-type":"","background-media":"","overlay-type":"","overlay-color":"","overlay-opacity":"","overlay-gradient":""}},"ast-content-background-meta":{"desktop":{"background-color":"var(--ast-global-color-5)","background-image":"","background-repeat":"repeat","background-position":"center center","background-size":"auto","background-attachment":"scroll","background-type":"","background-media":"","overlay-type":"","overlay-color":"","overlay-opacity":"","overlay-gradient":""},"tablet":{"background-color":"var(--ast-global-color-5)","background-image":"","background-repeat":"repeat","background-position":"center center","background-size":"auto","background-attachment":"scroll","background-type":"","background-media":"","overlay-type":"","overlay-color":"","overlay-opacity":"","overlay-gradient":""},"mobile":{"background-color":"var(--ast-global-color-5)","background-image":"","background-repeat":"repeat","background-position":"center center","background-size":"auto","background-attachment":"scroll","background-type":"","background-media":"","overlay-type":"","overlay-color":"","overlay-opacity":"","overlay-gradient":""}},"iawp_total_views":11},"product_brand":[],"product_cat":[212],"product_tag":[],"class_list":{"0":"post-16296","1":"product","2":"type-product","3":"status-publish","4":"has-post-thumbnail","6":"product_cat-displayport","7":"desktop-align-left","8":"tablet-align-left","9":"mobile-align-left","11":"first","12":"instock","13":"shipping-taxable","14":"purchasable","15":"product-type-simple"},"acf":[],"_links":{"self":[{"href":"https:\/\/www.fjpremium.com\/de\/wp-json\/wp\/v2\/product\/16296","targetHints":{"allow":["GET"]}}],"collection":[{"href":"https:\/\/www.fjpremium.com\/de\/wp-json\/wp\/v2\/product"}],"about":[{"href":"https:\/\/www.fjpremium.com\/de\/wp-json\/wp\/v2\/types\/product"}],"wp:featuredmedia":[{"embeddable":true,"href":"https:\/\/www.fjpremium.com\/de\/wp-json\/wp\/v2\/media\/16297"}],"wp:attachment":[{"href":"https:\/\/www.fjpremium.com\/de\/wp-json\/wp\/v2\/media?parent=16296"}],"wp:term":[{"taxonomy":"product_brand","embeddable":true,"href":"https:\/\/www.fjpremium.com\/de\/wp-json\/wp\/v2\/product_brand?post=16296"},{"taxonomy":"product_cat","embeddable":true,"href":"https:\/\/www.fjpremium.com\/de\/wp-json\/wp\/v2\/product_cat?post=16296"},{"taxonomy":"product_tag","embeddable":true,"href":"https:\/\/www.fjpremium.com\/de\/wp-json\/wp\/v2\/product_tag?post=16296"}],"curies":[{"name":"wp","href":"https:\/\/api.w.org\/{rel}","templated":true}]}}