{"id":16286,"date":"2020-09-09T13:32:42","date_gmt":"2020-09-09T05:32:42","guid":{"rendered":"https:\/\/www.fjpremium.com\/?post_type=product&#038;p=16286"},"modified":"2023-10-07T14:19:36","modified_gmt":"2023-10-07T06:19:36","slug":"right-left-up-down-angled-displayport-to-displayport-cable","status":"publish","type":"product","link":"https:\/\/www.fjpremium.com\/de\/product\/right-left-up-down-angled-displayport-to-displayport-cable\/","title":{"rendered":"Rechts, links, oben, unten abgewinkelter DisplayPort-auf-DisplayPort-Winkeladapter"},"content":{"rendered":"<p>Unser einzigartig gestaltetes Kabel ist in vier Richtungen erh\u00e4ltlich: links, rechts, oben und unten, so dass Sie die Freiheit haben, die am besten geeigneten Ger\u00e4te anzuschlie\u00dfen.<\/p>\n<p>Der um 90 Grad abgewinkelte Anschluss ist ideal f\u00fcr die Verbindung von DVD- oder Blu-ray-Ger\u00e4ten mit Fernsehern oder Monitoren mit PCs oder Laptops. Er bietet einen bequemen Zugang zu den Anschl\u00fcssen und verringert die Belastung an der Anschlussstelle.<\/p>\n<p>Au\u00dferdem wird dadurch eine m\u00f6gliche Besch\u00e4digung des DisplayPort-Kabels und der Anschl\u00fcsse wirksam verhindert.<\/p>\n<p>Dieser DisplayPort-Winkeladapter unterst\u00fctzt 4K-Ultra-HD-Aufl\u00f6sungen (vorausgesetzt, Ihre Ger\u00e4te sind kompatibel) und sorgt f\u00fcr erstklassige Audio- und Videowiedergabe, w\u00e4hrend er gleichzeitig digitale Signale nahtlos \u00fcbertr\u00e4gt.<\/p>\n<p>Seine Spezifikationen:<\/p>\n<ul>\n<li>Vergoldeter Kontakt, vergoldetes Geh\u00e4use<\/li>\n<li>Kabel-Leiter: Blanke Kupfer<\/li>\n<li>Isolierung: Gesch\u00e4umte PE-Haut\/HDPE<\/li>\n<li>Drahtst\u00e4rke: 30AWG(1-5M), 28AWG(5-10M)<\/li>\n<li>Dreifach abgeschirmt: verdrilltes Paar aus Aluminiumfolie, Gesamtaluminiumfolie, Geflecht<\/li>\n<li>Mantel: PVC<\/li>\n<\/ul>\n<p>Das Ger\u00e4t entspricht den DisplayPort 1.2-Standards und ist RoHS- und REACH-konform, was sein Engagement f\u00fcr die Umwelt verdeutlicht. Wenden Sie sich daher noch heute an uns und investieren Sie in ihn.<\/p>","protected":false},"excerpt":{"rendered":"<p>Maximieren Sie die DisplayPort-Verbindung mit dem vielseitigen FARSINCE DisplayPort-Winkeladapter, der 4K Ultra HD und schnelle Daten\u00fcbertragung unterst\u00fctzt.<\/p>","protected":false},"featured_media":16288,"template":"","meta":{"_acf_changed":false,"_seopress_robots_primary_cat":"","_seopress_titles_title":"Best DisplayPort to DisplayPort Angle Adapter - Farsince","_seopress_titles_desc":"","_seopress_robots_index":"","site-sidebar-layout":"default","site-content-layout":"default","ast-site-content-layout":"default","site-content-style":"default","site-sidebar-style":"default","ast-global-header-display":"","ast-banner-title-visibility":"","ast-main-header-display":"","ast-hfb-above-header-display":"","ast-hfb-below-header-display":"","ast-hfb-mobile-header-display":"","site-post-title":"","ast-breadcrumbs-content":"","ast-featured-img":"","footer-sml-layout":"","ast-disable-related-posts":"","theme-transparent-header-meta":"default","adv-header-id-meta":"","stick-header-meta":"","header-above-stick-meta":"","header-main-stick-meta":"","header-below-stick-meta":"","astra-migrate-meta-layouts":"set","ast-page-background-enabled":"default","ast-page-background-meta":{"desktop":{"background-color":"","background-image":"","background-repeat":"repeat","background-position":"center center","background-size":"auto","background-attachment":"scroll","background-type":"","background-media":"","overlay-type":"","overlay-color":"","overlay-opacity":"","overlay-gradient":""},"tablet":{"background-color":"","background-image":"","background-repeat":"repeat","background-position":"center center","background-size":"auto","background-attachment":"scroll","background-type":"","background-media":"","overlay-type":"","overlay-color":"","overlay-opacity":"","overlay-gradient":""},"mobile":{"background-color":"","background-image":"","background-repeat":"repeat","background-position":"center center","background-size":"auto","background-attachment":"scroll","background-type":"","background-media":"","overlay-type":"","overlay-color":"","overlay-opacity":"","overlay-gradient":""}},"ast-content-background-meta":{"desktop":{"background-color":"var(--ast-global-color-5)","background-image":"","background-repeat":"repeat","background-position":"center center","background-size":"auto","background-attachment":"scroll","background-type":"","background-media":"","overlay-type":"","overlay-color":"","overlay-opacity":"","overlay-gradient":""},"tablet":{"background-color":"var(--ast-global-color-5)","background-image":"","background-repeat":"repeat","background-position":"center center","background-size":"auto","background-attachment":"scroll","background-type":"","background-media":"","overlay-type":"","overlay-color":"","overlay-opacity":"","overlay-gradient":""},"mobile":{"background-color":"var(--ast-global-color-5)","background-image":"","background-repeat":"repeat","background-position":"center center","background-size":"auto","background-attachment":"scroll","background-type":"","background-media":"","overlay-type":"","overlay-color":"","overlay-opacity":"","overlay-gradient":""}},"iawp_total_views":28},"product_brand":[],"product_cat":[212],"product_tag":[],"class_list":{"0":"post-16286","1":"product","2":"type-product","3":"status-publish","4":"has-post-thumbnail","6":"product_cat-displayport","7":"desktop-align-left","8":"tablet-align-left","9":"mobile-align-left","11":"first","12":"instock","13":"shipping-taxable","14":"purchasable","15":"product-type-simple"},"acf":[],"_links":{"self":[{"href":"https:\/\/www.fjpremium.com\/de\/wp-json\/wp\/v2\/product\/16286","targetHints":{"allow":["GET"]}}],"collection":[{"href":"https:\/\/www.fjpremium.com\/de\/wp-json\/wp\/v2\/product"}],"about":[{"href":"https:\/\/www.fjpremium.com\/de\/wp-json\/wp\/v2\/types\/product"}],"wp:featuredmedia":[{"embeddable":true,"href":"https:\/\/www.fjpremium.com\/de\/wp-json\/wp\/v2\/media\/16288"}],"wp:attachment":[{"href":"https:\/\/www.fjpremium.com\/de\/wp-json\/wp\/v2\/media?parent=16286"}],"wp:term":[{"taxonomy":"product_brand","embeddable":true,"href":"https:\/\/www.fjpremium.com\/de\/wp-json\/wp\/v2\/product_brand?post=16286"},{"taxonomy":"product_cat","embeddable":true,"href":"https:\/\/www.fjpremium.com\/de\/wp-json\/wp\/v2\/product_cat?post=16286"},{"taxonomy":"product_tag","embeddable":true,"href":"https:\/\/www.fjpremium.com\/de\/wp-json\/wp\/v2\/product_tag?post=16286"}],"curies":[{"name":"wp","href":"https:\/\/api.w.org\/{rel}","templated":true}]}}