{"id":16230,"date":"2020-09-09T09:03:30","date_gmt":"2020-09-09T01:03:30","guid":{"rendered":"https:\/\/www.fjpremium.com\/?post_type=product&#038;p=16230"},"modified":"2023-10-10T10:36:59","modified_gmt":"2023-10-10T02:36:59","slug":"vr-cable","status":"publish","type":"product","link":"https:\/\/www.fjpremium.com\/de\/product\/vr-cable\/","title":{"rendered":"Kiwi Silent VR Versenkbares Kabelmanagement f\u00fcr PS4 HTC VR Box"},"content":{"rendered":"<p>Unser ma\u00dfgeschneidertes VR-Audio-Videokabel verspricht unvergleichliche Bilder in 4K Ultra HD-Aufl\u00f6sung. Von Spiele-Arenen bis hin zu Kino-Universen - Sie werden in lebendige Realit\u00e4ten eintauchen, die durch High Dynamic Range (HDR) noch verbessert werden.<\/p>\n<p>Das leichte und flexible 34-AWG-Kabel wurde mit Pr\u00e4zision entwickelt und gew\u00e4hrleistet eine einfache und problemlose Installation.<\/p>\n<p>Die vergoldeten Stecker dieses 3,5 m langen Kabels, die aus verzinntem Kupfer geschmiedet sind, gew\u00e4hrleisten eine unterbrechungsfreie, erstklassige \u00dcbertragungsgeschwindigkeit von bis zu 18 Gbit\/s.<\/p>\n<p>Seine Spezifikationen:<\/p>\n<ul>\n<li>Mantel: PVC<\/li>\n<li>OD: 4.0MM<\/li>\n<li>Aufl\u00f6sung: 4K@60Hz<\/li>\n<li>Konform: RoHS<\/li>\n<li>Verpackung: Rei\u00dfverschlussbeutel<\/li>\n<li>Garantie: 2 Jahre<\/li>\n<\/ul>\n<p>Dar\u00fcber hinaus ist das in eine elegante schwarze H\u00fclle geh\u00fcllte System nicht nur funktional, sondern auch ein Qualit\u00e4tsmerkmal. Setzen Sie sich noch heute mit uns in Verbindung und investieren Sie in unser einziehbares Kabelmanagement.<\/p>","protected":false},"excerpt":{"rendered":"<p>Verbessern Sie Ihr Virtual-Reality-Erlebnis mit dem einziehbaren Kiwi-VR-Kabelmanagement von FARSINCE, das auf die PS4 HTC VR Box zugeschnitten ist und eine Geschwindigkeit von 18 Gbit\/s unterst\u00fctzt.<\/p>","protected":false},"featured_media":16269,"template":"","meta":{"_acf_changed":false,"_seopress_robots_primary_cat":"","_seopress_titles_title":"Retractable Cable Management for PS4 HTC VR Box %%sep%% %%sitetitle%%","_seopress_titles_desc":"","_seopress_robots_index":"","site-sidebar-layout":"default","site-content-layout":"default","ast-site-content-layout":"default","site-content-style":"default","site-sidebar-style":"default","ast-global-header-display":"","ast-banner-title-visibility":"","ast-main-header-display":"","ast-hfb-above-header-display":"","ast-hfb-below-header-display":"","ast-hfb-mobile-header-display":"","site-post-title":"","ast-breadcrumbs-content":"","ast-featured-img":"","footer-sml-layout":"","ast-disable-related-posts":"","theme-transparent-header-meta":"default","adv-header-id-meta":"","stick-header-meta":"","header-above-stick-meta":"","header-main-stick-meta":"","header-below-stick-meta":"","astra-migrate-meta-layouts":"set","ast-page-background-enabled":"default","ast-page-background-meta":{"desktop":{"background-color":"","background-image":"","background-repeat":"repeat","background-position":"center center","background-size":"auto","background-attachment":"scroll","background-type":"","background-media":"","overlay-type":"","overlay-color":"","overlay-opacity":"","overlay-gradient":""},"tablet":{"background-color":"","background-image":"","background-repeat":"repeat","background-position":"center center","background-size":"auto","background-attachment":"scroll","background-type":"","background-media":"","overlay-type":"","overlay-color":"","overlay-opacity":"","overlay-gradient":""},"mobile":{"background-color":"","background-image":"","background-repeat":"repeat","background-position":"center center","background-size":"auto","background-attachment":"scroll","background-type":"","background-media":"","overlay-type":"","overlay-color":"","overlay-opacity":"","overlay-gradient":""}},"ast-content-background-meta":{"desktop":{"background-color":"var(--ast-global-color-5)","background-image":"","background-repeat":"repeat","background-position":"center center","background-size":"auto","background-attachment":"scroll","background-type":"","background-media":"","overlay-type":"","overlay-color":"","overlay-opacity":"","overlay-gradient":""},"tablet":{"background-color":"var(--ast-global-color-5)","background-image":"","background-repeat":"repeat","background-position":"center center","background-size":"auto","background-attachment":"scroll","background-type":"","background-media":"","overlay-type":"","overlay-color":"","overlay-opacity":"","overlay-gradient":""},"mobile":{"background-color":"var(--ast-global-color-5)","background-image":"","background-repeat":"repeat","background-position":"center center","background-size":"auto","background-attachment":"scroll","background-type":"","background-media":"","overlay-type":"","overlay-color":"","overlay-opacity":"","overlay-gradient":""}},"iawp_total_views":14},"product_brand":[],"product_cat":[211],"product_tag":[],"class_list":{"0":"post-16230","1":"product","2":"type-product","3":"status-publish","4":"has-post-thumbnail","6":"product_cat-hdmi","7":"desktop-align-left","8":"tablet-align-left","9":"mobile-align-left","11":"first","12":"instock","13":"shipping-taxable","14":"purchasable","15":"product-type-simple"},"acf":[],"_links":{"self":[{"href":"https:\/\/www.fjpremium.com\/de\/wp-json\/wp\/v2\/product\/16230","targetHints":{"allow":["GET"]}}],"collection":[{"href":"https:\/\/www.fjpremium.com\/de\/wp-json\/wp\/v2\/product"}],"about":[{"href":"https:\/\/www.fjpremium.com\/de\/wp-json\/wp\/v2\/types\/product"}],"wp:featuredmedia":[{"embeddable":true,"href":"https:\/\/www.fjpremium.com\/de\/wp-json\/wp\/v2\/media\/16269"}],"wp:attachment":[{"href":"https:\/\/www.fjpremium.com\/de\/wp-json\/wp\/v2\/media?parent=16230"}],"wp:term":[{"taxonomy":"product_brand","embeddable":true,"href":"https:\/\/www.fjpremium.com\/de\/wp-json\/wp\/v2\/product_brand?post=16230"},{"taxonomy":"product_cat","embeddable":true,"href":"https:\/\/www.fjpremium.com\/de\/wp-json\/wp\/v2\/product_cat?post=16230"},{"taxonomy":"product_tag","embeddable":true,"href":"https:\/\/www.fjpremium.com\/de\/wp-json\/wp\/v2\/product_tag?post=16230"}],"curies":[{"name":"wp","href":"https:\/\/api.w.org\/{rel}","templated":true}]}}