{"id":16229,"date":"2020-09-09T11:03:29","date_gmt":"2020-09-09T03:03:29","guid":{"rendered":"https:\/\/www.fjpremium.com\/?post_type=product&#038;p=16229"},"modified":"2023-10-07T14:23:47","modified_gmt":"2023-10-07T06:23:47","slug":"hdmi-wall-plate","status":"publish","type":"product","link":"https:\/\/www.fjpremium.com\/de\/product\/hdmi-wall-plate\/","title":{"rendered":"HDMI-Wandplatte mit abgewinkelter Keystone-Buchse HDMI-Adapterkabel"},"content":{"rendered":"<p>Dieses Kabel wurde entwickelt, um Ihre HDMI-Kabel hinter der Wand zu verstauen. Es sorgt f\u00fcr eine saubere, sichere und professionell aussehende Einrichtung und befreit Sie von unsch\u00f6nem Kabelsalat.<\/p>\n<p>Erh\u00e4ltlich in geraden oder L-f\u00f6rmigen Formaten, h\u00e4lt es dem Test der Zeit stand. Und das Paket enth\u00e4lt lackierte Schrauben, die das polierte Aussehen Ihrer Installation unterstreichen.<\/p>\n<p>Die Wandplatte des HDMI-Adapterkabels ist mit einer Standard-Wandplatte kompatibel und eignet sich f\u00fcr die Verwendung mit einer Einfach-Dose oder einer Niederspannungshalterung.<\/p>\n<p>Sie unterst\u00fctzt Videoaufl\u00f6sungen bis zu 4K (3840\u00d72160), einschlie\u00dflich 2560\u00d71440, 1920\u00d71200 und Full HD 1080p.<\/p>\n<p>Die zus\u00e4tzliche Unterst\u00fctzung von Master Audio und Dolby TrueHD sowie die 48-Bit-Farbtiefe sorgen f\u00fcr ein lebendiges Video- und Audioerlebnis, das Ihr Seherlebnis noch verbessert.<\/p>\n<p>Nehmen Sie deshalb noch heute Kontakt mit uns auf und bestellen Sie unser Kabel.<\/p>","protected":false},"excerpt":{"rendered":"<p>Verbessern Sie Ihr Setup mit dem 4K-HDMI-Adapterkabel von FARSINCE, das einfach zu installieren und mit Standard-Wandplatten kompatibel ist.<\/p>","protected":false},"featured_media":16263,"template":"","meta":{"_acf_changed":false,"_seopress_robots_primary_cat":"","_seopress_titles_title":"Best HDMI Adapter Cable - Farsince","_seopress_titles_desc":"","_seopress_robots_index":"","site-sidebar-layout":"default","site-content-layout":"default","ast-site-content-layout":"default","site-content-style":"default","site-sidebar-style":"default","ast-global-header-display":"","ast-banner-title-visibility":"","ast-main-header-display":"","ast-hfb-above-header-display":"","ast-hfb-below-header-display":"","ast-hfb-mobile-header-display":"","site-post-title":"","ast-breadcrumbs-content":"","ast-featured-img":"","footer-sml-layout":"","ast-disable-related-posts":"","theme-transparent-header-meta":"default","adv-header-id-meta":"","stick-header-meta":"","header-above-stick-meta":"","header-main-stick-meta":"","header-below-stick-meta":"","astra-migrate-meta-layouts":"set","ast-page-background-enabled":"default","ast-page-background-meta":{"desktop":{"background-color":"","background-image":"","background-repeat":"repeat","background-position":"center center","background-size":"auto","background-attachment":"scroll","background-type":"","background-media":"","overlay-type":"","overlay-color":"","overlay-opacity":"","overlay-gradient":""},"tablet":{"background-color":"","background-image":"","background-repeat":"repeat","background-position":"center center","background-size":"auto","background-attachment":"scroll","background-type":"","background-media":"","overlay-type":"","overlay-color":"","overlay-opacity":"","overlay-gradient":""},"mobile":{"background-color":"","background-image":"","background-repeat":"repeat","background-position":"center center","background-size":"auto","background-attachment":"scroll","background-type":"","background-media":"","overlay-type":"","overlay-color":"","overlay-opacity":"","overlay-gradient":""}},"ast-content-background-meta":{"desktop":{"background-color":"var(--ast-global-color-5)","background-image":"","background-repeat":"repeat","background-position":"center center","background-size":"auto","background-attachment":"scroll","background-type":"","background-media":"","overlay-type":"","overlay-color":"","overlay-opacity":"","overlay-gradient":""},"tablet":{"background-color":"var(--ast-global-color-5)","background-image":"","background-repeat":"repeat","background-position":"center center","background-size":"auto","background-attachment":"scroll","background-type":"","background-media":"","overlay-type":"","overlay-color":"","overlay-opacity":"","overlay-gradient":""},"mobile":{"background-color":"var(--ast-global-color-5)","background-image":"","background-repeat":"repeat","background-position":"center center","background-size":"auto","background-attachment":"scroll","background-type":"","background-media":"","overlay-type":"","overlay-color":"","overlay-opacity":"","overlay-gradient":""}},"iawp_total_views":7},"product_brand":[],"product_cat":[211],"product_tag":[],"class_list":{"0":"post-16229","1":"product","2":"type-product","3":"status-publish","4":"has-post-thumbnail","6":"product_cat-hdmi","7":"desktop-align-left","8":"tablet-align-left","9":"mobile-align-left","11":"first","12":"instock","13":"shipping-taxable","14":"purchasable","15":"product-type-simple"},"acf":[],"_links":{"self":[{"href":"https:\/\/www.fjpremium.com\/de\/wp-json\/wp\/v2\/product\/16229","targetHints":{"allow":["GET"]}}],"collection":[{"href":"https:\/\/www.fjpremium.com\/de\/wp-json\/wp\/v2\/product"}],"about":[{"href":"https:\/\/www.fjpremium.com\/de\/wp-json\/wp\/v2\/types\/product"}],"wp:featuredmedia":[{"embeddable":true,"href":"https:\/\/www.fjpremium.com\/de\/wp-json\/wp\/v2\/media\/16263"}],"wp:attachment":[{"href":"https:\/\/www.fjpremium.com\/de\/wp-json\/wp\/v2\/media?parent=16229"}],"wp:term":[{"taxonomy":"product_brand","embeddable":true,"href":"https:\/\/www.fjpremium.com\/de\/wp-json\/wp\/v2\/product_brand?post=16229"},{"taxonomy":"product_cat","embeddable":true,"href":"https:\/\/www.fjpremium.com\/de\/wp-json\/wp\/v2\/product_cat?post=16229"},{"taxonomy":"product_tag","embeddable":true,"href":"https:\/\/www.fjpremium.com\/de\/wp-json\/wp\/v2\/product_tag?post=16229"}],"curies":[{"name":"wp","href":"https:\/\/api.w.org\/{rel}","templated":true}]}}