{"id":16228,"date":"2020-09-09T11:03:28","date_gmt":"2020-09-09T03:03:28","guid":{"rendered":"https:\/\/www.fjpremium.com\/?post_type=product&#038;p=16228"},"modified":"2023-12-22T16:22:35","modified_gmt":"2023-12-22T08:22:35","slug":"av-to-hdmi-converter","status":"publish","type":"product","link":"https:\/\/www.fjpremium.com\/de\/product\/av-to-hdmi-converter\/","title":{"rendered":"Konverter AV Composite 3 RCA zu HDMI Adapter Video Audio AV Mini Konverter mit dem besten Preis"},"content":{"rendered":"<p>Das 1080p (60HZ) f\u00e4hige Ger\u00e4t haucht Ihren Videoinhalten neues Leben ein, indem es analoge Composite-Eing\u00e4nge in scharfe, lebendige HDMI-Ausg\u00e4nge umwandelt.<\/p>\n<p>Er verf\u00fcgt \u00fcber eine \u00fcberragende 10-Bit-Abtastung mit maximal 162 MSPS, die dramatisch verbesserte Schwarz\/Wei\u00df-Werte, lebendige Farb\u00fcberg\u00e4nge und einen erweiterten Dynamikbereich f\u00fcr un\u00fcbertroffene HD-Darstellungen liefert.<\/p>\n<p>Dank der automatischen Erkennung und Konvertierung von Composite-Signalen ist auch die visuelle Qualit\u00e4t einfach spektakul\u00e4r.<\/p>\n<p>Dank der kompakten Gr\u00f6\u00dfe ist unser 3 RCA-zu-HDMI-Adapter kinderleicht zu installieren - einfach anschlie\u00dfen und loslegen.<\/p>\n<p>Seine Spezifikationen:<\/p>\n<ul>\n<li>Eingangsanschluss: 3xRCA (Gelb, Wei\u00df, Rot);<\/li>\n<li>Ausgangsports: 1xHDMI;<\/li>\n<li>Abmessungen (mm): 66(T) x55(B) x20(H);<\/li>\n<li>HDMI-Eingang Aufl\u00f6sung: PAL, NTSC3.58, NTSC4.43,SECAM, PAL\/M,PAL\/N;<\/li>\n<\/ul>\n<p>Au\u00dferdem wiegt es nur 40 g und unterst\u00fctzt mehrere TV-Formate. Kurzum: Nehmen Sie noch heute Kontakt mit uns auf und erweitern Sie Ihr Angebot um diese Spitzentechnologie.<\/p>","protected":false},"excerpt":{"rendered":"<p>Entdecken Sie die Leistung der nahtlosen Integration mit dem 3-RCA-auf-HDMI-Adapter von FARSINCE f\u00fcr verbesserte Farben, Details und 1080p-HD-Aufl\u00f6sung.<\/p>","protected":false},"featured_media":16255,"template":"","meta":{"_acf_changed":false,"_seopress_robots_primary_cat":"","_seopress_titles_title":"Best Converter AV Composite 3 RCA to HDMI Adapter - Farsince","_seopress_titles_desc":"","_seopress_robots_index":"","site-sidebar-layout":"default","site-content-layout":"default","ast-site-content-layout":"default","site-content-style":"default","site-sidebar-style":"default","ast-global-header-display":"","ast-banner-title-visibility":"","ast-main-header-display":"","ast-hfb-above-header-display":"","ast-hfb-below-header-display":"","ast-hfb-mobile-header-display":"","site-post-title":"","ast-breadcrumbs-content":"","ast-featured-img":"","footer-sml-layout":"","ast-disable-related-posts":"","theme-transparent-header-meta":"default","adv-header-id-meta":"","stick-header-meta":"","header-above-stick-meta":"","header-main-stick-meta":"","header-below-stick-meta":"","astra-migrate-meta-layouts":"set","ast-page-background-enabled":"default","ast-page-background-meta":{"desktop":{"background-color":"","background-image":"","background-repeat":"repeat","background-position":"center center","background-size":"auto","background-attachment":"scroll","background-type":"","background-media":"","overlay-type":"","overlay-color":"","overlay-opacity":"","overlay-gradient":""},"tablet":{"background-color":"","background-image":"","background-repeat":"repeat","background-position":"center center","background-size":"auto","background-attachment":"scroll","background-type":"","background-media":"","overlay-type":"","overlay-color":"","overlay-opacity":"","overlay-gradient":""},"mobile":{"background-color":"","background-image":"","background-repeat":"repeat","background-position":"center center","background-size":"auto","background-attachment":"scroll","background-type":"","background-media":"","overlay-type":"","overlay-color":"","overlay-opacity":"","overlay-gradient":""}},"ast-content-background-meta":{"desktop":{"background-color":"var(--ast-global-color-5)","background-image":"","background-repeat":"repeat","background-position":"center center","background-size":"auto","background-attachment":"scroll","background-type":"","background-media":"","overlay-type":"","overlay-color":"","overlay-opacity":"","overlay-gradient":""},"tablet":{"background-color":"var(--ast-global-color-5)","background-image":"","background-repeat":"repeat","background-position":"center center","background-size":"auto","background-attachment":"scroll","background-type":"","background-media":"","overlay-type":"","overlay-color":"","overlay-opacity":"","overlay-gradient":""},"mobile":{"background-color":"var(--ast-global-color-5)","background-image":"","background-repeat":"repeat","background-position":"center center","background-size":"auto","background-attachment":"scroll","background-type":"","background-media":"","overlay-type":"","overlay-color":"","overlay-opacity":"","overlay-gradient":""}},"iawp_total_views":48},"product_brand":[],"product_cat":[211,673],"product_tag":[],"class_list":{"0":"post-16228","1":"product","2":"type-product","3":"status-publish","4":"has-post-thumbnail","6":"product_cat-hdmi","7":"product_cat-hdmi-devices","8":"desktop-align-left","9":"tablet-align-left","10":"mobile-align-left","12":"first","13":"instock","14":"shipping-taxable","15":"purchasable","16":"product-type-simple"},"acf":[],"_links":{"self":[{"href":"https:\/\/www.fjpremium.com\/de\/wp-json\/wp\/v2\/product\/16228","targetHints":{"allow":["GET"]}}],"collection":[{"href":"https:\/\/www.fjpremium.com\/de\/wp-json\/wp\/v2\/product"}],"about":[{"href":"https:\/\/www.fjpremium.com\/de\/wp-json\/wp\/v2\/types\/product"}],"wp:featuredmedia":[{"embeddable":true,"href":"https:\/\/www.fjpremium.com\/de\/wp-json\/wp\/v2\/media\/16255"}],"wp:attachment":[{"href":"https:\/\/www.fjpremium.com\/de\/wp-json\/wp\/v2\/media?parent=16228"}],"wp:term":[{"taxonomy":"product_brand","embeddable":true,"href":"https:\/\/www.fjpremium.com\/de\/wp-json\/wp\/v2\/product_brand?post=16228"},{"taxonomy":"product_cat","embeddable":true,"href":"https:\/\/www.fjpremium.com\/de\/wp-json\/wp\/v2\/product_cat?post=16228"},{"taxonomy":"product_tag","embeddable":true,"href":"https:\/\/www.fjpremium.com\/de\/wp-json\/wp\/v2\/product_tag?post=16228"}],"curies":[{"name":"wp","href":"https:\/\/api.w.org\/{rel}","templated":true}]}}