{"id":16226,"date":"2020-09-09T11:03:23","date_gmt":"2020-09-09T03:03:23","guid":{"rendered":"https:\/\/www.fjpremium.com\/?post_type=product&#038;p=16226"},"modified":"2023-12-22T16:25:26","modified_gmt":"2023-12-22T08:25:26","slug":"hdmi-extender-60m","status":"publish","type":"product","link":"https:\/\/www.fjpremium.com\/de\/product\/hdmi-extender-60m\/","title":{"rendered":"Bester HDMI Wireless Extender 60 mit g\u00fcnstigstem Preis f\u00fcr Promotion"},"content":{"rendered":"<p>Unser bahnbrechendes Ger\u00e4t verwendet ein einziges Cat-5e- oder Cat-6-Kabel zur \u00dcbertragung von High-Definition-Signalen \u00fcber 60 Meter und bietet damit eine kosteng\u00fcnstige Alternative zu teuren und begrenzten HDMI-Kabeln.<\/p>\n<p>Sie werden Zeuge einer nahtlosen 1080p-Full-HD-Qualit\u00e4t \u00fcber gro\u00dfe Entfernungen ohne Qualit\u00e4tsverluste.<\/p>\n<p>Er unterst\u00fctzt das HDCP 1.2-Protokoll und CEC und bietet eine Reihe von Videoeingangs- und -ausgangsoptionen f\u00fcr mehr Flexibilit\u00e4t.<\/p>\n<p>Durch die Unterst\u00fctzung mehrerer Audioformate wie DTS-HD, Dolby-TrueHD und LPCM7.1 wird au\u00dferdem ein hervorragendes H\u00f6rerlebnis gew\u00e4hrleistet, das mit dem visuellen Erlebnis \u00fcbereinstimmt.<\/p>\n<p>Dieser beste drahtlose HDMI-Extender, der nur eine DC5V\/1A-Stromversorgung ben\u00f6tigt, ist in wenigen Minuten installiert und verspricht eine Mischung aus Komfort, Qualit\u00e4t und Kosteneffizienz.<\/p>\n<p>Setzen Sie sich also noch heute mit uns in Verbindung und nehmen Sie es in Ihren Bestand auf.<\/p>","protected":false},"excerpt":{"rendered":"<p>Maximieren Sie die HD-\u00dcbertragungsreichweite mit dem kosteng\u00fcnstigen FARSINCE besten kabellosen HDMI-Extender, der einwandfreies 1080p Full HD \u00fcber 60 m \u00fcbertr\u00e4gt.<\/p>","protected":false},"featured_media":16239,"template":"","meta":{"_acf_changed":false,"_seopress_robots_primary_cat":"","_seopress_titles_title":"Best HDMI Wireless Extender - Farsince","_seopress_titles_desc":"","_seopress_robots_index":"","site-sidebar-layout":"default","site-content-layout":"default","ast-site-content-layout":"default","site-content-style":"default","site-sidebar-style":"default","ast-global-header-display":"","ast-banner-title-visibility":"","ast-main-header-display":"","ast-hfb-above-header-display":"","ast-hfb-below-header-display":"","ast-hfb-mobile-header-display":"","site-post-title":"","ast-breadcrumbs-content":"","ast-featured-img":"","footer-sml-layout":"","ast-disable-related-posts":"","theme-transparent-header-meta":"default","adv-header-id-meta":"","stick-header-meta":"","header-above-stick-meta":"","header-main-stick-meta":"","header-below-stick-meta":"","astra-migrate-meta-layouts":"set","ast-page-background-enabled":"default","ast-page-background-meta":{"desktop":{"background-color":"","background-image":"","background-repeat":"repeat","background-position":"center center","background-size":"auto","background-attachment":"scroll","background-type":"","background-media":"","overlay-type":"","overlay-color":"","overlay-opacity":"","overlay-gradient":""},"tablet":{"background-color":"","background-image":"","background-repeat":"repeat","background-position":"center center","background-size":"auto","background-attachment":"scroll","background-type":"","background-media":"","overlay-type":"","overlay-color":"","overlay-opacity":"","overlay-gradient":""},"mobile":{"background-color":"","background-image":"","background-repeat":"repeat","background-position":"center center","background-size":"auto","background-attachment":"scroll","background-type":"","background-media":"","overlay-type":"","overlay-color":"","overlay-opacity":"","overlay-gradient":""}},"ast-content-background-meta":{"desktop":{"background-color":"var(--ast-global-color-5)","background-image":"","background-repeat":"repeat","background-position":"center center","background-size":"auto","background-attachment":"scroll","background-type":"","background-media":"","overlay-type":"","overlay-color":"","overlay-opacity":"","overlay-gradient":""},"tablet":{"background-color":"var(--ast-global-color-5)","background-image":"","background-repeat":"repeat","background-position":"center center","background-size":"auto","background-attachment":"scroll","background-type":"","background-media":"","overlay-type":"","overlay-color":"","overlay-opacity":"","overlay-gradient":""},"mobile":{"background-color":"var(--ast-global-color-5)","background-image":"","background-repeat":"repeat","background-position":"center center","background-size":"auto","background-attachment":"scroll","background-type":"","background-media":"","overlay-type":"","overlay-color":"","overlay-opacity":"","overlay-gradient":""}},"iawp_total_views":9},"product_brand":[],"product_cat":[211,673],"product_tag":[],"class_list":{"0":"post-16226","1":"product","2":"type-product","3":"status-publish","4":"has-post-thumbnail","6":"product_cat-hdmi","7":"product_cat-hdmi-devices","8":"desktop-align-left","9":"tablet-align-left","10":"mobile-align-left","12":"first","13":"instock","14":"shipping-taxable","15":"purchasable","16":"product-type-simple"},"acf":[],"_links":{"self":[{"href":"https:\/\/www.fjpremium.com\/de\/wp-json\/wp\/v2\/product\/16226","targetHints":{"allow":["GET"]}}],"collection":[{"href":"https:\/\/www.fjpremium.com\/de\/wp-json\/wp\/v2\/product"}],"about":[{"href":"https:\/\/www.fjpremium.com\/de\/wp-json\/wp\/v2\/types\/product"}],"wp:featuredmedia":[{"embeddable":true,"href":"https:\/\/www.fjpremium.com\/de\/wp-json\/wp\/v2\/media\/16239"}],"wp:attachment":[{"href":"https:\/\/www.fjpremium.com\/de\/wp-json\/wp\/v2\/media?parent=16226"}],"wp:term":[{"taxonomy":"product_brand","embeddable":true,"href":"https:\/\/www.fjpremium.com\/de\/wp-json\/wp\/v2\/product_brand?post=16226"},{"taxonomy":"product_cat","embeddable":true,"href":"https:\/\/www.fjpremium.com\/de\/wp-json\/wp\/v2\/product_cat?post=16226"},{"taxonomy":"product_tag","embeddable":true,"href":"https:\/\/www.fjpremium.com\/de\/wp-json\/wp\/v2\/product_tag?post=16226"}],"curies":[{"name":"wp","href":"https:\/\/api.w.org\/{rel}","templated":true}]}}