{"id":16225,"date":"2020-09-09T11:03:22","date_gmt":"2020-09-09T03:03:22","guid":{"rendered":"https:\/\/www.fjpremium.com\/?post_type=product&#038;p=16225"},"modified":"2023-12-22T16:25:59","modified_gmt":"2023-12-22T08:25:59","slug":"hdmi-3-in-1-switch","status":"publish","type":"product","link":"https:\/\/www.fjpremium.com\/de\/product\/hdmi-3-in-1-switch\/","title":{"rendered":"3 in 1 Out HDMI Switch 4k UHD mit Bestpreis"},"content":{"rendered":"<p>Dieser HDMI-Switch 4k UHD wurde entwickelt, um drei HDMI-Ger\u00e4te an ein einziges HDMI-Display anzuschlie\u00dfen, sei es ein Blu-Ray-Player, ein Spielsystem oder ein anderes Audio-\/Videoger\u00e4t, und bietet den Komfort, drei HDMI-Signale m\u00fchelos umzuschalten.<\/p>\n<p>Die mitgelieferte Fernbedienung macht das st\u00e4ndige Ein- und Ausst\u00f6pseln \u00fcberfl\u00fcssig.<\/p>\n<p>Das Plug-and-Play-Ger\u00e4t unterst\u00fctzt 3D und Videoaufl\u00f6sungen bis zu 4Kx2K@30Hz und erm\u00f6glicht so jederzeit eine beeindruckende Darstellung.<\/p>\n<p>Seine Kompatibilit\u00e4t mit DVI unter Verwendung eines HDMI-zu-DVI-Adapters und die Einhaltung des HDCP-Protokolls machen ihn zu einem Gewinn f\u00fcr jeden Gro\u00dfh\u00e4ndler.<\/p>\n<p>Au\u00dferdem ist es in einem abgeschirmten Metallgeh\u00e4use untergebracht, das Signalintegrit\u00e4t verspricht, und wird von uns mit einer 2-j\u00e4hrigen Garantie geliefert. Wenden Sie sich also noch heute an uns und investieren Sie in das Ger\u00e4t.<\/p>","protected":false},"excerpt":{"rendered":"<p>Entfesseln Sie die Freiheit der Konnektivit\u00e4t mit dem FARSINCE 3 In 1 Out HDMI Switch 4k UHD, der 3D- und 4K-Aufl\u00f6sungen unterst\u00fctzt und einfach zwischen drei HDMI-Ger\u00e4ten umschalten kann.<\/p>","protected":false},"featured_media":16231,"template":"","meta":{"_acf_changed":false,"_seopress_robots_primary_cat":"","_seopress_titles_title":"3 in 1 Out HDMI Switch 4k UHD with Best price - FARSINCE","_seopress_titles_desc":"","_seopress_robots_index":"","site-sidebar-layout":"default","site-content-layout":"default","ast-site-content-layout":"default","site-content-style":"default","site-sidebar-style":"default","ast-global-header-display":"","ast-banner-title-visibility":"","ast-main-header-display":"","ast-hfb-above-header-display":"","ast-hfb-below-header-display":"","ast-hfb-mobile-header-display":"","site-post-title":"","ast-breadcrumbs-content":"","ast-featured-img":"","footer-sml-layout":"","ast-disable-related-posts":"","theme-transparent-header-meta":"default","adv-header-id-meta":"","stick-header-meta":"","header-above-stick-meta":"","header-main-stick-meta":"","header-below-stick-meta":"","astra-migrate-meta-layouts":"set","ast-page-background-enabled":"default","ast-page-background-meta":{"desktop":{"background-color":"","background-image":"","background-repeat":"repeat","background-position":"center center","background-size":"auto","background-attachment":"scroll","background-type":"","background-media":"","overlay-type":"","overlay-color":"","overlay-opacity":"","overlay-gradient":""},"tablet":{"background-color":"","background-image":"","background-repeat":"repeat","background-position":"center center","background-size":"auto","background-attachment":"scroll","background-type":"","background-media":"","overlay-type":"","overlay-color":"","overlay-opacity":"","overlay-gradient":""},"mobile":{"background-color":"","background-image":"","background-repeat":"repeat","background-position":"center center","background-size":"auto","background-attachment":"scroll","background-type":"","background-media":"","overlay-type":"","overlay-color":"","overlay-opacity":"","overlay-gradient":""}},"ast-content-background-meta":{"desktop":{"background-color":"var(--ast-global-color-5)","background-image":"","background-repeat":"repeat","background-position":"center center","background-size":"auto","background-attachment":"scroll","background-type":"","background-media":"","overlay-type":"","overlay-color":"","overlay-opacity":"","overlay-gradient":""},"tablet":{"background-color":"var(--ast-global-color-5)","background-image":"","background-repeat":"repeat","background-position":"center center","background-size":"auto","background-attachment":"scroll","background-type":"","background-media":"","overlay-type":"","overlay-color":"","overlay-opacity":"","overlay-gradient":""},"mobile":{"background-color":"var(--ast-global-color-5)","background-image":"","background-repeat":"repeat","background-position":"center center","background-size":"auto","background-attachment":"scroll","background-type":"","background-media":"","overlay-type":"","overlay-color":"","overlay-opacity":"","overlay-gradient":""}},"iawp_total_views":3},"product_brand":[],"product_cat":[211,673],"product_tag":[],"class_list":{"0":"post-16225","1":"product","2":"type-product","3":"status-publish","4":"has-post-thumbnail","6":"product_cat-hdmi","7":"product_cat-hdmi-devices","8":"desktop-align-left","9":"tablet-align-left","10":"mobile-align-left","12":"first","13":"instock","14":"shipping-taxable","15":"purchasable","16":"product-type-simple"},"acf":[],"_links":{"self":[{"href":"https:\/\/www.fjpremium.com\/de\/wp-json\/wp\/v2\/product\/16225","targetHints":{"allow":["GET"]}}],"collection":[{"href":"https:\/\/www.fjpremium.com\/de\/wp-json\/wp\/v2\/product"}],"about":[{"href":"https:\/\/www.fjpremium.com\/de\/wp-json\/wp\/v2\/types\/product"}],"wp:featuredmedia":[{"embeddable":true,"href":"https:\/\/www.fjpremium.com\/de\/wp-json\/wp\/v2\/media\/16231"}],"wp:attachment":[{"href":"https:\/\/www.fjpremium.com\/de\/wp-json\/wp\/v2\/media?parent=16225"}],"wp:term":[{"taxonomy":"product_brand","embeddable":true,"href":"https:\/\/www.fjpremium.com\/de\/wp-json\/wp\/v2\/product_brand?post=16225"},{"taxonomy":"product_cat","embeddable":true,"href":"https:\/\/www.fjpremium.com\/de\/wp-json\/wp\/v2\/product_cat?post=16225"},{"taxonomy":"product_tag","embeddable":true,"href":"https:\/\/www.fjpremium.com\/de\/wp-json\/wp\/v2\/product_tag?post=16225"}],"curies":[{"name":"wp","href":"https:\/\/api.w.org\/{rel}","templated":true}]}}