{"id":16206,"date":"2020-09-09T10:57:02","date_gmt":"2020-09-09T02:57:02","guid":{"rendered":"https:\/\/www.fjpremium.com\/?post_type=product&#038;p=16206"},"modified":"2023-10-07T14:46:56","modified_gmt":"2023-10-07T06:46:56","slug":"automotive-hdmi-a-to-type-e-cable-2","status":"publish","type":"product","link":"https:\/\/www.fjpremium.com\/de\/product\/automotive-hdmi-a-to-type-e-cable-2\/","title":{"rendered":"Kfz-HDMI-Kabel Typ E"},"content":{"rendered":"<p>Unser Kabel wurde f\u00fcr Infotainment- und HD-Medienl\u00f6sungen der n\u00e4chsten Generation entwickelt und verbindet Displays nahtlos mit dem Multimediasystem Ihres Fahrzeugs.<\/p>\n<p>Mit HDMI 1.4-Kompatibilit\u00e4t und einer Daten\u00fcbertragung von bis zu 10,2 Gbit\/s bietet er eine hervorragende Leistung.<\/p>\n<p>Genie\u00dfen Sie die atemberaubende Aufl\u00f6sung von 3840 x 2160 Pixeln bei 30 Hz und lassen Sie sich von Dolby\u00ae TrueHD- und DTS-HD Master Audio-Unterst\u00fctzung mitrei\u00dfen.<\/p>\n<p>Der Verriegelungsmechanismus des HDMI-E-Steckers sorgt daf\u00fcr, dass er gegen Temperaturschwankungen, Vibrationen und Feuchtigkeit best\u00e4ndig ist.<\/p>\n<p>Seine Spezifikationen:<\/p>\n<ul>\n<li>Kabel-Leiter: Blanke Kupfer<\/li>\n<li>Drahtst\u00e4rke: 30AWG<\/li>\n<li>Abschirmung: Alufolie, Geflecht<\/li>\n<li>Mantel: PVC<\/li>\n<li>Konform: RoHS, REACH<\/li>\n<\/ul>\n<p>Au\u00dferdem sorgen die vergoldeten Kontakte f\u00fcr eine zuverl\u00e4ssige Signal\u00fcbertragung. Wenden Sie sich also noch heute an uns und werten Sie die Unterhaltung im Auto mit diesem HDMI-Kabel Typ E auf.<\/p>","protected":false},"excerpt":{"rendered":"<p>Verwandeln Sie die Multimediainhalte Ihres Fahrzeugs mit dem HDMI-Typ-E-Autokabel von FARSINCE, das Zuverl\u00e4ssigkeit und Robustheit verspricht.<\/p>","protected":false},"featured_media":16209,"template":"","meta":{"_acf_changed":false,"_seopress_robots_primary_cat":"","_seopress_titles_title":"Best Automotive HDMI Type E Cable - FARSINCE","_seopress_titles_desc":"","_seopress_robots_index":"","site-sidebar-layout":"default","site-content-layout":"default","ast-site-content-layout":"default","site-content-style":"default","site-sidebar-style":"default","ast-global-header-display":"","ast-banner-title-visibility":"","ast-main-header-display":"","ast-hfb-above-header-display":"","ast-hfb-below-header-display":"","ast-hfb-mobile-header-display":"","site-post-title":"","ast-breadcrumbs-content":"","ast-featured-img":"","footer-sml-layout":"","ast-disable-related-posts":"","theme-transparent-header-meta":"default","adv-header-id-meta":"","stick-header-meta":"","header-above-stick-meta":"","header-main-stick-meta":"","header-below-stick-meta":"","astra-migrate-meta-layouts":"set","ast-page-background-enabled":"default","ast-page-background-meta":{"desktop":{"background-color":"","background-image":"","background-repeat":"repeat","background-position":"center center","background-size":"auto","background-attachment":"scroll","background-type":"","background-media":"","overlay-type":"","overlay-color":"","overlay-opacity":"","overlay-gradient":""},"tablet":{"background-color":"","background-image":"","background-repeat":"repeat","background-position":"center center","background-size":"auto","background-attachment":"scroll","background-type":"","background-media":"","overlay-type":"","overlay-color":"","overlay-opacity":"","overlay-gradient":""},"mobile":{"background-color":"","background-image":"","background-repeat":"repeat","background-position":"center center","background-size":"auto","background-attachment":"scroll","background-type":"","background-media":"","overlay-type":"","overlay-color":"","overlay-opacity":"","overlay-gradient":""}},"ast-content-background-meta":{"desktop":{"background-color":"var(--ast-global-color-5)","background-image":"","background-repeat":"repeat","background-position":"center center","background-size":"auto","background-attachment":"scroll","background-type":"","background-media":"","overlay-type":"","overlay-color":"","overlay-opacity":"","overlay-gradient":""},"tablet":{"background-color":"var(--ast-global-color-5)","background-image":"","background-repeat":"repeat","background-position":"center center","background-size":"auto","background-attachment":"scroll","background-type":"","background-media":"","overlay-type":"","overlay-color":"","overlay-opacity":"","overlay-gradient":""},"mobile":{"background-color":"var(--ast-global-color-5)","background-image":"","background-repeat":"repeat","background-position":"center center","background-size":"auto","background-attachment":"scroll","background-type":"","background-media":"","overlay-type":"","overlay-color":"","overlay-opacity":"","overlay-gradient":""}},"iawp_total_views":13},"product_brand":[],"product_cat":[211],"product_tag":[],"class_list":{"0":"post-16206","1":"product","2":"type-product","3":"status-publish","4":"has-post-thumbnail","6":"product_cat-hdmi","7":"desktop-align-left","8":"tablet-align-left","9":"mobile-align-left","11":"first","12":"instock","13":"shipping-taxable","14":"purchasable","15":"product-type-simple"},"acf":[],"_links":{"self":[{"href":"https:\/\/www.fjpremium.com\/de\/wp-json\/wp\/v2\/product\/16206","targetHints":{"allow":["GET"]}}],"collection":[{"href":"https:\/\/www.fjpremium.com\/de\/wp-json\/wp\/v2\/product"}],"about":[{"href":"https:\/\/www.fjpremium.com\/de\/wp-json\/wp\/v2\/types\/product"}],"wp:featuredmedia":[{"embeddable":true,"href":"https:\/\/www.fjpremium.com\/de\/wp-json\/wp\/v2\/media\/16209"}],"wp:attachment":[{"href":"https:\/\/www.fjpremium.com\/de\/wp-json\/wp\/v2\/media?parent=16206"}],"wp:term":[{"taxonomy":"product_brand","embeddable":true,"href":"https:\/\/www.fjpremium.com\/de\/wp-json\/wp\/v2\/product_brand?post=16206"},{"taxonomy":"product_cat","embeddable":true,"href":"https:\/\/www.fjpremium.com\/de\/wp-json\/wp\/v2\/product_cat?post=16206"},{"taxonomy":"product_tag","embeddable":true,"href":"https:\/\/www.fjpremium.com\/de\/wp-json\/wp\/v2\/product_tag?post=16206"}],"curies":[{"name":"wp","href":"https:\/\/api.w.org\/{rel}","templated":true}]}}