{"id":16184,"date":"2020-09-09T10:51:56","date_gmt":"2020-09-09T02:51:56","guid":{"rendered":"https:\/\/www.fjpremium.com\/?post_type=product&#038;p=16184"},"modified":"2023-10-10T10:00:01","modified_gmt":"2023-10-10T02:00:01","slug":"hdmi-raw-cable-for-diy-application","status":"publish","type":"product","link":"https:\/\/www.fjpremium.com\/de\/product\/hdmi-raw-cable-for-diy-application\/","title":{"rendered":"VW-1 PVC Halogenfrei Raw HDMI 1.4v 2.0v Kabelrolle f\u00fcr DIY Installation und Crimping System 28AWG 26AWG 24AWG"},"content":{"rendered":"<p>Diese HDMI-Rohkabelrolle wurde speziell f\u00fcr Heimwerker und Profis entwickelt, die eine pr\u00e4zise Installation anstreben.<\/p>\n<p>Er wurde perfekt entwickelt und erf\u00fcllt nicht nur die UL VW-1-Zertifizierungsstandards, sondern bietet auch die revolution\u00e4ren HDMI 2.0-Funktionen, die ein unvergleichliches Erlebnis mit 4K@60Hz, 3D-Darstellung und mehr versprechen.<\/p>\n<p>Seine Spezifikationen:<\/p>\n<ul>\n<li>Stecker 1: N\/M<\/li>\n<li>Anschluss 2: N\/M<\/li>\n<li>Kabel-Leiter: Blanke Kupfer<\/li>\n<li>Kabelquerschnitt: 28AWG\/26AWG\/24AWG<\/li>\n<li>Abschirmung: Alufolie, Geflecht<\/li>\n<li>Mantel: PVC, VW-1<\/li>\n<li>Konform: RoHS, REACH<\/li>\n<\/ul>\n<p>Ganz gleich, ob Sie ein Heimkino einrichten, ein professionelles Audio-\/Videosystem aufr\u00fcsten oder einfach nur ein Heimwerkerprojekt in Angriff nehmen m\u00f6chten, es garantiert Ihnen eine Mischung aus Haltbarkeit, Qualit\u00e4t und hoher Leistung, alles in einem Paket.<\/p>\n<p>Nehmen Sie also noch heute Kontakt mit uns auf und bestellen Sie das Produkt.<\/p>","protected":false},"excerpt":{"rendered":"<p>Werten Sie Heimwerker- und Installationsprojekte mit der HDMI-Rohkabelrolle von FARSINCE auf, die \u00fcber UL VW-1-Zertifizierung und erweiterte HDMI 2.0-Funktionen verf\u00fcgt.<\/p>","protected":false},"featured_media":16198,"template":"","meta":{"_acf_changed":false,"_seopress_robots_primary_cat":"","_seopress_titles_title":"HDMI 1.4v 2.0v Cable Wire Roll for DIY Installation and Crimping System %%sep%% %%sitetitle%%","_seopress_titles_desc":"","_seopress_robots_index":"","site-sidebar-layout":"default","site-content-layout":"default","ast-site-content-layout":"default","site-content-style":"default","site-sidebar-style":"default","ast-global-header-display":"","ast-banner-title-visibility":"","ast-main-header-display":"","ast-hfb-above-header-display":"","ast-hfb-below-header-display":"","ast-hfb-mobile-header-display":"","site-post-title":"","ast-breadcrumbs-content":"","ast-featured-img":"","footer-sml-layout":"","ast-disable-related-posts":"","theme-transparent-header-meta":"default","adv-header-id-meta":"","stick-header-meta":"","header-above-stick-meta":"","header-main-stick-meta":"","header-below-stick-meta":"","astra-migrate-meta-layouts":"set","ast-page-background-enabled":"default","ast-page-background-meta":{"desktop":{"background-color":"","background-image":"","background-repeat":"repeat","background-position":"center center","background-size":"auto","background-attachment":"scroll","background-type":"","background-media":"","overlay-type":"","overlay-color":"","overlay-opacity":"","overlay-gradient":""},"tablet":{"background-color":"","background-image":"","background-repeat":"repeat","background-position":"center center","background-size":"auto","background-attachment":"scroll","background-type":"","background-media":"","overlay-type":"","overlay-color":"","overlay-opacity":"","overlay-gradient":""},"mobile":{"background-color":"","background-image":"","background-repeat":"repeat","background-position":"center center","background-size":"auto","background-attachment":"scroll","background-type":"","background-media":"","overlay-type":"","overlay-color":"","overlay-opacity":"","overlay-gradient":""}},"ast-content-background-meta":{"desktop":{"background-color":"var(--ast-global-color-5)","background-image":"","background-repeat":"repeat","background-position":"center center","background-size":"auto","background-attachment":"scroll","background-type":"","background-media":"","overlay-type":"","overlay-color":"","overlay-opacity":"","overlay-gradient":""},"tablet":{"background-color":"var(--ast-global-color-5)","background-image":"","background-repeat":"repeat","background-position":"center center","background-size":"auto","background-attachment":"scroll","background-type":"","background-media":"","overlay-type":"","overlay-color":"","overlay-opacity":"","overlay-gradient":""},"mobile":{"background-color":"var(--ast-global-color-5)","background-image":"","background-repeat":"repeat","background-position":"center center","background-size":"auto","background-attachment":"scroll","background-type":"","background-media":"","overlay-type":"","overlay-color":"","overlay-opacity":"","overlay-gradient":""}},"iawp_total_views":45},"product_brand":[],"product_cat":[211],"product_tag":[],"class_list":{"0":"post-16184","1":"product","2":"type-product","3":"status-publish","4":"has-post-thumbnail","6":"product_cat-hdmi","7":"desktop-align-left","8":"tablet-align-left","9":"mobile-align-left","11":"first","12":"instock","13":"shipping-taxable","14":"purchasable","15":"product-type-simple"},"acf":[],"_links":{"self":[{"href":"https:\/\/www.fjpremium.com\/de\/wp-json\/wp\/v2\/product\/16184","targetHints":{"allow":["GET"]}}],"collection":[{"href":"https:\/\/www.fjpremium.com\/de\/wp-json\/wp\/v2\/product"}],"about":[{"href":"https:\/\/www.fjpremium.com\/de\/wp-json\/wp\/v2\/types\/product"}],"wp:featuredmedia":[{"embeddable":true,"href":"https:\/\/www.fjpremium.com\/de\/wp-json\/wp\/v2\/media\/16198"}],"wp:attachment":[{"href":"https:\/\/www.fjpremium.com\/de\/wp-json\/wp\/v2\/media?parent=16184"}],"wp:term":[{"taxonomy":"product_brand","embeddable":true,"href":"https:\/\/www.fjpremium.com\/de\/wp-json\/wp\/v2\/product_brand?post=16184"},{"taxonomy":"product_cat","embeddable":true,"href":"https:\/\/www.fjpremium.com\/de\/wp-json\/wp\/v2\/product_cat?post=16184"},{"taxonomy":"product_tag","embeddable":true,"href":"https:\/\/www.fjpremium.com\/de\/wp-json\/wp\/v2\/product_tag?post=16184"}],"curies":[{"name":"wp","href":"https:\/\/api.w.org\/{rel}","templated":true}]}}