{"id":16183,"date":"2020-09-09T10:51:54","date_gmt":"2020-09-09T02:51:54","guid":{"rendered":"https:\/\/www.fjpremium.com\/?post_type=product&#038;p=16183"},"modified":"2024-05-14T17:15:29","modified_gmt":"2024-05-14T09:15:29","slug":"automotive-hdmi-a-to-type-e-cable","status":"publish","type":"product","link":"https:\/\/www.fjpremium.com\/de\/product\/automotive-hdmi-a-to-type-e-cable\/","title":{"rendered":"Kfz-Adapterkabel HDMI-A-Stecker auf HDMI-Typ-E-Stecker"},"content":{"rendered":"<p>Das Automotive-HDMI-A-Stecker auf HDMI-Typ-E-Stecker-Adapterkabel ist ein Muss f\u00fcr jeden Autobesitzer, der in seinem Fahrzeug Audio und Video in hoher Qualit\u00e4t genie\u00dfen m\u00f6chte.<\/p>\n<p>Mit diesem Kabel k\u00f6nnen Sie Ihre HDMI-f\u00e4higen Ger\u00e4te, wie z. B. Smartphones, Tablets und Laptops, an das Entertainment-System Ihres Fahrzeugs anschlie\u00dfen und so ein nahtloses und bequemes Streaming-Erlebnis genie\u00dfen.<\/p>\n<p>Mit seiner robusten Konstruktion und den hochwertigen Materialien ist dieses Kabel f\u00fcr den harten Einsatz im Auto ausgelegt.<\/p>\n<p>Es ist in den L\u00e4ngen 0,5 m, 1 m, 1,5 m, 2 m und 3 m erh\u00e4ltlich und damit f\u00fcr verschiedene Fahrzeuggr\u00f6\u00dfen und -aufbauten geeignet.<\/p>\n<p>Durch die Farboptionen Schwarz und Wei\u00df l\u00e4sst er sich leicht mit jeder Inneneinrichtung kombinieren.<\/p>\n<p>Au\u00dferdem k\u00f6nnen Sie die L\u00e4nge, die Farbe und sogar die Verpackung so w\u00e4hlen, wie es Ihren Bed\u00fcrfnissen am besten entspricht, da sie individuell angepasst werden k\u00f6nnen.<\/p>\n<p>Bringen Sie Ihr Auto-Entertainment auf die n\u00e4chste Stufe mit dem Automotive-HDMI-A-Stecker auf HDMI-Typ-E-Stecker-Adapterkabel.<\/p>","protected":false},"excerpt":{"rendered":"<p>Verbessern Sie Ihr Entertainment im Auto mit dem Adapterkabel f\u00fcr den HDMI-Stecker Typ A auf Typ E. Verbinden Sie Ihre Ger\u00e4te mit dem Entertainmentsystem Ihres Autos f\u00fcr ein nahtloses Streaming-Erlebnis.<\/p>","protected":false},"featured_media":16191,"template":"","meta":{"_acf_changed":false,"_seopress_robots_primary_cat":"none","_seopress_titles_title":"HDMI Type E Connector Adapter Cable - Farsince","_seopress_titles_desc":"","_seopress_robots_index":"","site-sidebar-layout":"default","site-content-layout":"default","ast-site-content-layout":"default","site-content-style":"default","site-sidebar-style":"default","ast-global-header-display":"","ast-banner-title-visibility":"","ast-main-header-display":"","ast-hfb-above-header-display":"","ast-hfb-below-header-display":"","ast-hfb-mobile-header-display":"","site-post-title":"","ast-breadcrumbs-content":"","ast-featured-img":"","footer-sml-layout":"","ast-disable-related-posts":"","theme-transparent-header-meta":"default","adv-header-id-meta":"","stick-header-meta":"","header-above-stick-meta":"","header-main-stick-meta":"","header-below-stick-meta":"","astra-migrate-meta-layouts":"set","ast-page-background-enabled":"default","ast-page-background-meta":{"desktop":{"background-color":"","background-image":"","background-repeat":"repeat","background-position":"center center","background-size":"auto","background-attachment":"scroll","background-type":"","background-media":"","overlay-type":"","overlay-color":"","overlay-opacity":"","overlay-gradient":""},"tablet":{"background-color":"","background-image":"","background-repeat":"repeat","background-position":"center center","background-size":"auto","background-attachment":"scroll","background-type":"","background-media":"","overlay-type":"","overlay-color":"","overlay-opacity":"","overlay-gradient":""},"mobile":{"background-color":"","background-image":"","background-repeat":"repeat","background-position":"center center","background-size":"auto","background-attachment":"scroll","background-type":"","background-media":"","overlay-type":"","overlay-color":"","overlay-opacity":"","overlay-gradient":""}},"ast-content-background-meta":{"desktop":{"background-color":"var(--ast-global-color-5)","background-image":"","background-repeat":"repeat","background-position":"center center","background-size":"auto","background-attachment":"scroll","background-type":"","background-media":"","overlay-type":"","overlay-color":"","overlay-opacity":"","overlay-gradient":""},"tablet":{"background-color":"var(--ast-global-color-5)","background-image":"","background-repeat":"repeat","background-position":"center center","background-size":"auto","background-attachment":"scroll","background-type":"","background-media":"","overlay-type":"","overlay-color":"","overlay-opacity":"","overlay-gradient":""},"mobile":{"background-color":"var(--ast-global-color-5)","background-image":"","background-repeat":"repeat","background-position":"center center","background-size":"auto","background-attachment":"scroll","background-type":"","background-media":"","overlay-type":"","overlay-color":"","overlay-opacity":"","overlay-gradient":""}},"iawp_total_views":92},"product_brand":[],"product_cat":[211,638],"product_tag":[],"class_list":{"0":"post-16183","1":"product","2":"type-product","3":"status-publish","4":"has-post-thumbnail","6":"product_cat-hdmi","7":"product_cat-hdmi-cables","8":"desktop-align-left","9":"tablet-align-left","10":"mobile-align-left","12":"first","13":"instock","14":"shipping-taxable","15":"purchasable","16":"product-type-simple"},"acf":[],"_links":{"self":[{"href":"https:\/\/www.fjpremium.com\/de\/wp-json\/wp\/v2\/product\/16183","targetHints":{"allow":["GET"]}}],"collection":[{"href":"https:\/\/www.fjpremium.com\/de\/wp-json\/wp\/v2\/product"}],"about":[{"href":"https:\/\/www.fjpremium.com\/de\/wp-json\/wp\/v2\/types\/product"}],"wp:featuredmedia":[{"embeddable":true,"href":"https:\/\/www.fjpremium.com\/de\/wp-json\/wp\/v2\/media\/16191"}],"wp:attachment":[{"href":"https:\/\/www.fjpremium.com\/de\/wp-json\/wp\/v2\/media?parent=16183"}],"wp:term":[{"taxonomy":"product_brand","embeddable":true,"href":"https:\/\/www.fjpremium.com\/de\/wp-json\/wp\/v2\/product_brand?post=16183"},{"taxonomy":"product_cat","embeddable":true,"href":"https:\/\/www.fjpremium.com\/de\/wp-json\/wp\/v2\/product_cat?post=16183"},{"taxonomy":"product_tag","embeddable":true,"href":"https:\/\/www.fjpremium.com\/de\/wp-json\/wp\/v2\/product_tag?post=16183"}],"curies":[{"name":"wp","href":"https:\/\/api.w.org\/{rel}","templated":true}]}}