{"id":16182,"date":"2020-09-09T10:51:53","date_gmt":"2020-09-09T02:51:53","guid":{"rendered":"https:\/\/www.fjpremium.com\/?post_type=product&#038;p=16182"},"modified":"2023-10-10T10:13:58","modified_gmt":"2023-10-10T02:13:58","slug":"hdmi-to-mini-displayport-active-cable","status":"publish","type":"product","link":"https:\/\/www.fjpremium.com\/de\/product\/hdmi-to-mini-displayport-active-cable\/","title":{"rendered":"HDMI in zu Mini DisplayPort out Active Adapter mit USB Power HDMI DP Adapter 4K Video Resolution Support"},"content":{"rendered":"<p>Unser HDMI DP Adapter 4K ist die hochmoderne Br\u00fccke f\u00fcr Ger\u00e4te. Er wurde f\u00fcr Brillanz entwickelt und verbindet nahtlos mit HDMI ausgestattete Technik mit Mini-DisplayPort-Monitoren, um Ihr Seherlebnis mit scharfer 4K@30Hz-Aufl\u00f6sung zu verst\u00e4rken.<\/p>\n<p>Der vergoldete Kontakt und die vergoldete Schale verleihen dem Ger\u00e4t einen Hauch von Luxus und garantieren eine optimale Signal\u00fcbertragung, so dass ihre Grafiken, Pr\u00e4sentationen oder Spiele nie sch\u00e4rfer aussehen.<\/p>\n<p>Dieser Adapter sieht nicht nur gut aus, sondern ist auch sehr praktisch: Sein integrierter USB-Stecker ist sofort einsatzbereit. Dank der Plug-and-Play-Funktionalit\u00e4t ist die Einrichtung ein Kinderspiel, da keine Software oder Treiber erforderlich sind.<\/p>\n<p>Seine Spezifikationen:<\/p>\n<ul>\n<li>Drahtst\u00e4rke: 30AWG<\/li>\n<li>Chipsatz: STDP2600<\/li>\n<li>Mantel: PVC<\/li>\n<li>Konform: RoHS, REACH<\/li>\n<\/ul>\n<p>Au\u00dferdem unterstreicht jedes Detail, vom blanken Kupferleiter bis zur dreifachen Abschirmung, die Verpflichtung zur Qualit\u00e4t. Alles in allem, kontaktieren Sie uns noch heute und investieren Sie in den HDMI DP Adapter 4K.<\/p>","protected":false},"excerpt":{"rendered":"<p>Maximieren Sie die 4K-Wiedergabe mit dem FARSINCE HDMI DP Adapter 4K, der vergoldet, dreifach abgeschirmt und Plug-and-Play ist und nahtlose Konnektivit\u00e4t bietet.<\/p>","protected":false},"featured_media":16185,"template":"","meta":{"_acf_changed":false,"_seopress_robots_primary_cat":"","_seopress_titles_title":"HDMI DP Adapter 4K Video Resolution Support %%sep%% %%sitetitle%%","_seopress_titles_desc":"","_seopress_robots_index":"","site-sidebar-layout":"default","site-content-layout":"default","ast-site-content-layout":"default","site-content-style":"default","site-sidebar-style":"default","ast-global-header-display":"","ast-banner-title-visibility":"","ast-main-header-display":"","ast-hfb-above-header-display":"","ast-hfb-below-header-display":"","ast-hfb-mobile-header-display":"","site-post-title":"","ast-breadcrumbs-content":"","ast-featured-img":"","footer-sml-layout":"","ast-disable-related-posts":"","theme-transparent-header-meta":"default","adv-header-id-meta":"","stick-header-meta":"","header-above-stick-meta":"","header-main-stick-meta":"","header-below-stick-meta":"","astra-migrate-meta-layouts":"set","ast-page-background-enabled":"default","ast-page-background-meta":{"desktop":{"background-color":"","background-image":"","background-repeat":"repeat","background-position":"center center","background-size":"auto","background-attachment":"scroll","background-type":"","background-media":"","overlay-type":"","overlay-color":"","overlay-opacity":"","overlay-gradient":""},"tablet":{"background-color":"","background-image":"","background-repeat":"repeat","background-position":"center center","background-size":"auto","background-attachment":"scroll","background-type":"","background-media":"","overlay-type":"","overlay-color":"","overlay-opacity":"","overlay-gradient":""},"mobile":{"background-color":"","background-image":"","background-repeat":"repeat","background-position":"center center","background-size":"auto","background-attachment":"scroll","background-type":"","background-media":"","overlay-type":"","overlay-color":"","overlay-opacity":"","overlay-gradient":""}},"ast-content-background-meta":{"desktop":{"background-color":"var(--ast-global-color-5)","background-image":"","background-repeat":"repeat","background-position":"center center","background-size":"auto","background-attachment":"scroll","background-type":"","background-media":"","overlay-type":"","overlay-color":"","overlay-opacity":"","overlay-gradient":""},"tablet":{"background-color":"var(--ast-global-color-5)","background-image":"","background-repeat":"repeat","background-position":"center center","background-size":"auto","background-attachment":"scroll","background-type":"","background-media":"","overlay-type":"","overlay-color":"","overlay-opacity":"","overlay-gradient":""},"mobile":{"background-color":"var(--ast-global-color-5)","background-image":"","background-repeat":"repeat","background-position":"center center","background-size":"auto","background-attachment":"scroll","background-type":"","background-media":"","overlay-type":"","overlay-color":"","overlay-opacity":"","overlay-gradient":""}},"iawp_total_views":3},"product_brand":[],"product_cat":[211],"product_tag":[],"class_list":{"0":"post-16182","1":"product","2":"type-product","3":"status-publish","4":"has-post-thumbnail","6":"product_cat-hdmi","7":"desktop-align-left","8":"tablet-align-left","9":"mobile-align-left","11":"first","12":"instock","13":"shipping-taxable","14":"purchasable","15":"product-type-simple"},"acf":[],"_links":{"self":[{"href":"https:\/\/www.fjpremium.com\/de\/wp-json\/wp\/v2\/product\/16182","targetHints":{"allow":["GET"]}}],"collection":[{"href":"https:\/\/www.fjpremium.com\/de\/wp-json\/wp\/v2\/product"}],"about":[{"href":"https:\/\/www.fjpremium.com\/de\/wp-json\/wp\/v2\/types\/product"}],"wp:featuredmedia":[{"embeddable":true,"href":"https:\/\/www.fjpremium.com\/de\/wp-json\/wp\/v2\/media\/16185"}],"wp:attachment":[{"href":"https:\/\/www.fjpremium.com\/de\/wp-json\/wp\/v2\/media?parent=16182"}],"wp:term":[{"taxonomy":"product_brand","embeddable":true,"href":"https:\/\/www.fjpremium.com\/de\/wp-json\/wp\/v2\/product_brand?post=16182"},{"taxonomy":"product_cat","embeddable":true,"href":"https:\/\/www.fjpremium.com\/de\/wp-json\/wp\/v2\/product_cat?post=16182"},{"taxonomy":"product_tag","embeddable":true,"href":"https:\/\/www.fjpremium.com\/de\/wp-json\/wp\/v2\/product_tag?post=16182"}],"curies":[{"name":"wp","href":"https:\/\/api.w.org\/{rel}","templated":true}]}}