{"id":16132,"date":"2020-09-09T10:41:13","date_gmt":"2020-09-09T02:41:13","guid":{"rendered":"https:\/\/www.fjpremium.com\/?post_type=product&#038;p=16132"},"modified":"2023-12-14T13:51:46","modified_gmt":"2023-12-14T05:51:46","slug":"hdmi-to-displayport-active-cable-adapter","status":"publish","type":"product","link":"https:\/\/www.fjpremium.com\/de\/product\/hdmi-to-displayport-active-cable-adapter\/","title":{"rendered":"DP zu HDMI Adapter unterst\u00fctzt 4K 60hz Videoaufl\u00f6sung"},"content":{"rendered":"<p>Dieser DP-zu-HDMI-Adapter 4K 60hz wurde f\u00fcr Sie entwickelt, um eine erstklassige Verbindung zwischen HDMI-Ger\u00e4ten und DisplayPort-Monitoren zu erm\u00f6glichen.<\/p>\n<p>Ob Computer, Grafikkarte oder Spielkonsole, dieser Adapter sorgt f\u00fcr ein unterbrechungsfreies High-Definition-Erlebnis und unterst\u00fctzt eine hervorragende 4K@60Hz-Aufl\u00f6sung.<\/p>\n<p>Seine sorgf\u00e4ltige Konstruktion mit vergoldeten Kontakten und einem Geh\u00e4use sorgt f\u00fcr h\u00f6chste Signaltreue. Der blanke Kupferleiter und die robuste Dreifachabschirmung unterstreichen die Verpflichtung zu h\u00f6chster Qualit\u00e4t.<\/p>\n<p>Seine Spezifikationen:<\/p>\n<ul>\n<li>Drahtst\u00e4rke: 30AWG<\/li>\n<li>Chipsatz: STDP2600<\/li>\n<li>Mantel: PVC<\/li>\n<li>Konform: RoHS, REACH<\/li>\n<\/ul>\n<p>Dank des integrierten USB-Steckers f\u00fcr die zus\u00e4tzliche Stromversorgung und des Plug-and-Play-Designs ist die Bedienung sowohl effizient als auch intuitiv.<\/p>\n<p>Bestellen Sie es also und erweitern Sie Ihr Angebot um die ultimative Mischung aus Qualit\u00e4t und Komfort.<\/p>","protected":false},"excerpt":{"rendered":"<p>Betreten Sie die Welt verbesserter Bildqualit\u00e4t mit dem DP-zu-HDMI-Adapter 4K 60 Hz von FARSINCE, mit goldenen Details, dreifacher Abschirmung und benutzerfreundlich.<\/p>","protected":false},"featured_media":23955,"template":"","meta":{"_acf_changed":false,"_seopress_robots_primary_cat":"","_seopress_titles_title":"DP to HDMI Adapter 4K 60hz Video Resolution Support %%sep%% %%sitetitle%%","_seopress_titles_desc":"","_seopress_robots_index":"","site-sidebar-layout":"default","site-content-layout":"default","ast-site-content-layout":"default","site-content-style":"default","site-sidebar-style":"default","ast-global-header-display":"","ast-banner-title-visibility":"","ast-main-header-display":"","ast-hfb-above-header-display":"","ast-hfb-below-header-display":"","ast-hfb-mobile-header-display":"","site-post-title":"","ast-breadcrumbs-content":"","ast-featured-img":"","footer-sml-layout":"","ast-disable-related-posts":"","theme-transparent-header-meta":"default","adv-header-id-meta":"","stick-header-meta":"","header-above-stick-meta":"","header-main-stick-meta":"","header-below-stick-meta":"","astra-migrate-meta-layouts":"set","ast-page-background-enabled":"default","ast-page-background-meta":{"desktop":{"background-color":"","background-image":"","background-repeat":"repeat","background-position":"center center","background-size":"auto","background-attachment":"scroll","background-type":"","background-media":"","overlay-type":"","overlay-color":"","overlay-opacity":"","overlay-gradient":""},"tablet":{"background-color":"","background-image":"","background-repeat":"repeat","background-position":"center center","background-size":"auto","background-attachment":"scroll","background-type":"","background-media":"","overlay-type":"","overlay-color":"","overlay-opacity":"","overlay-gradient":""},"mobile":{"background-color":"","background-image":"","background-repeat":"repeat","background-position":"center center","background-size":"auto","background-attachment":"scroll","background-type":"","background-media":"","overlay-type":"","overlay-color":"","overlay-opacity":"","overlay-gradient":""}},"ast-content-background-meta":{"desktop":{"background-color":"var(--ast-global-color-5)","background-image":"","background-repeat":"repeat","background-position":"center center","background-size":"auto","background-attachment":"scroll","background-type":"","background-media":"","overlay-type":"","overlay-color":"","overlay-opacity":"","overlay-gradient":""},"tablet":{"background-color":"var(--ast-global-color-5)","background-image":"","background-repeat":"repeat","background-position":"center center","background-size":"auto","background-attachment":"scroll","background-type":"","background-media":"","overlay-type":"","overlay-color":"","overlay-opacity":"","overlay-gradient":""},"mobile":{"background-color":"var(--ast-global-color-5)","background-image":"","background-repeat":"repeat","background-position":"center center","background-size":"auto","background-attachment":"scroll","background-type":"","background-media":"","overlay-type":"","overlay-color":"","overlay-opacity":"","overlay-gradient":""}},"iawp_total_views":4},"product_brand":[],"product_cat":[211,638],"product_tag":[],"class_list":{"0":"post-16132","1":"product","2":"type-product","3":"status-publish","4":"has-post-thumbnail","6":"product_cat-hdmi","7":"product_cat-hdmi-cables","8":"desktop-align-left","9":"tablet-align-left","10":"mobile-align-left","12":"first","13":"instock","14":"shipping-taxable","15":"purchasable","16":"product-type-simple"},"acf":[],"_links":{"self":[{"href":"https:\/\/www.fjpremium.com\/de\/wp-json\/wp\/v2\/product\/16132","targetHints":{"allow":["GET"]}}],"collection":[{"href":"https:\/\/www.fjpremium.com\/de\/wp-json\/wp\/v2\/product"}],"about":[{"href":"https:\/\/www.fjpremium.com\/de\/wp-json\/wp\/v2\/types\/product"}],"wp:featuredmedia":[{"embeddable":true,"href":"https:\/\/www.fjpremium.com\/de\/wp-json\/wp\/v2\/media\/23955"}],"wp:attachment":[{"href":"https:\/\/www.fjpremium.com\/de\/wp-json\/wp\/v2\/media?parent=16132"}],"wp:term":[{"taxonomy":"product_brand","embeddable":true,"href":"https:\/\/www.fjpremium.com\/de\/wp-json\/wp\/v2\/product_brand?post=16132"},{"taxonomy":"product_cat","embeddable":true,"href":"https:\/\/www.fjpremium.com\/de\/wp-json\/wp\/v2\/product_cat?post=16132"},{"taxonomy":"product_tag","embeddable":true,"href":"https:\/\/www.fjpremium.com\/de\/wp-json\/wp\/v2\/product_tag?post=16132"}],"curies":[{"name":"wp","href":"https:\/\/api.w.org\/{rel}","templated":true}]}}