{"id":16131,"date":"2020-09-09T10:41:12","date_gmt":"2020-09-09T02:41:12","guid":{"rendered":"https:\/\/www.fjpremium.com\/?post_type=product&#038;p=16131"},"modified":"2023-12-14T13:45:49","modified_gmt":"2023-12-14T05:45:49","slug":"hdmi-to-dvi-d-bi-direction-coupler","status":"publish","type":"product","link":"https:\/\/www.fjpremium.com\/de\/product\/hdmi-to-dvi-d-bi-direction-coupler\/","title":{"rendered":"HDMI zu DVI I Dual Link Adapter Konverter Koppler"},"content":{"rendered":"<p>Als vielseitiges Schmuckst\u00fcck f\u00fcr den technisch versierten Gro\u00dfh\u00e4ndler ist der Adapter ein unverzichtbares Werkzeug, um HDMI- und DVI-Ger\u00e4te nahtlos zu verbinden.<\/p>\n<p>Ganz gleich, ob Sie einen Computer an einen HDTV-Fernseher oder eine Spielkonsole an einen DVI-Monitor anschlie\u00dfen - es ist eine problemlose Angelegenheit.<\/p>\n<p>Seine bidirektionale Funktion wandelt m\u00fchelos den HDMI-Eingang in einen DVI-Ausgang und umgekehrt.<\/p>\n<p>Au\u00dferdem sind sowohl die Anschl\u00fcsse als auch das Geh\u00e4use mit Gold beschichtet und versprechen eine makellose Signal\u00fcbertragung, die eine scharfe Aufl\u00f6sung von bis zu 1920*1080@60Hz unterst\u00fctzt.<\/p>\n<p>Unser HDMI-zu-DVI-I-Dual-Link-Adapter, der mit Pr\u00e4zision gefertigt und in strapazierf\u00e4higem Kunststoff eingepackt ist, ist der Inbegriff von Funktion und Finesse. Kontaktieren Sie uns daher noch heute und nehmen Sie ihn in Ihren Bestand auf.<\/p>","protected":false},"excerpt":{"rendered":"<p>Entdecken Sie den HDMI-auf-DVI-I-Dual-Link-Adapter von FARSINCE, der bidirektional, vergoldet und vielseitig ist und eine nahtlose Ger\u00e4teintegration erm\u00f6glicht.<\/p>","protected":false},"featured_media":16161,"template":"","meta":{"_acf_changed":false,"_seopress_robots_primary_cat":"","_seopress_titles_title":"HDMI to DVI I Dual Link Adapter Converter Coupler %%sep%% %%sitetitle%%","_seopress_titles_desc":"","_seopress_robots_index":"","site-sidebar-layout":"default","site-content-layout":"default","ast-site-content-layout":"default","site-content-style":"default","site-sidebar-style":"default","ast-global-header-display":"","ast-banner-title-visibility":"","ast-main-header-display":"","ast-hfb-above-header-display":"","ast-hfb-below-header-display":"","ast-hfb-mobile-header-display":"","site-post-title":"","ast-breadcrumbs-content":"","ast-featured-img":"","footer-sml-layout":"","ast-disable-related-posts":"","theme-transparent-header-meta":"default","adv-header-id-meta":"","stick-header-meta":"","header-above-stick-meta":"","header-main-stick-meta":"","header-below-stick-meta":"","astra-migrate-meta-layouts":"set","ast-page-background-enabled":"default","ast-page-background-meta":{"desktop":{"background-color":"","background-image":"","background-repeat":"repeat","background-position":"center center","background-size":"auto","background-attachment":"scroll","background-type":"","background-media":"","overlay-type":"","overlay-color":"","overlay-opacity":"","overlay-gradient":""},"tablet":{"background-color":"","background-image":"","background-repeat":"repeat","background-position":"center center","background-size":"auto","background-attachment":"scroll","background-type":"","background-media":"","overlay-type":"","overlay-color":"","overlay-opacity":"","overlay-gradient":""},"mobile":{"background-color":"","background-image":"","background-repeat":"repeat","background-position":"center center","background-size":"auto","background-attachment":"scroll","background-type":"","background-media":"","overlay-type":"","overlay-color":"","overlay-opacity":"","overlay-gradient":""}},"ast-content-background-meta":{"desktop":{"background-color":"var(--ast-global-color-5)","background-image":"","background-repeat":"repeat","background-position":"center center","background-size":"auto","background-attachment":"scroll","background-type":"","background-media":"","overlay-type":"","overlay-color":"","overlay-opacity":"","overlay-gradient":""},"tablet":{"background-color":"var(--ast-global-color-5)","background-image":"","background-repeat":"repeat","background-position":"center center","background-size":"auto","background-attachment":"scroll","background-type":"","background-media":"","overlay-type":"","overlay-color":"","overlay-opacity":"","overlay-gradient":""},"mobile":{"background-color":"var(--ast-global-color-5)","background-image":"","background-repeat":"repeat","background-position":"center center","background-size":"auto","background-attachment":"scroll","background-type":"","background-media":"","overlay-type":"","overlay-color":"","overlay-opacity":"","overlay-gradient":""}},"iawp_total_views":8},"product_brand":[],"product_cat":[211,642],"product_tag":[],"class_list":{"0":"post-16131","1":"product","2":"type-product","3":"status-publish","4":"has-post-thumbnail","6":"product_cat-hdmi","7":"product_cat-hdmi-adapters","8":"desktop-align-left","9":"tablet-align-left","10":"mobile-align-left","12":"first","13":"instock","14":"shipping-taxable","15":"purchasable","16":"product-type-simple"},"acf":[],"_links":{"self":[{"href":"https:\/\/www.fjpremium.com\/de\/wp-json\/wp\/v2\/product\/16131","targetHints":{"allow":["GET"]}}],"collection":[{"href":"https:\/\/www.fjpremium.com\/de\/wp-json\/wp\/v2\/product"}],"about":[{"href":"https:\/\/www.fjpremium.com\/de\/wp-json\/wp\/v2\/types\/product"}],"wp:featuredmedia":[{"embeddable":true,"href":"https:\/\/www.fjpremium.com\/de\/wp-json\/wp\/v2\/media\/16161"}],"wp:attachment":[{"href":"https:\/\/www.fjpremium.com\/de\/wp-json\/wp\/v2\/media?parent=16131"}],"wp:term":[{"taxonomy":"product_brand","embeddable":true,"href":"https:\/\/www.fjpremium.com\/de\/wp-json\/wp\/v2\/product_brand?post=16131"},{"taxonomy":"product_cat","embeddable":true,"href":"https:\/\/www.fjpremium.com\/de\/wp-json\/wp\/v2\/product_cat?post=16131"},{"taxonomy":"product_tag","embeddable":true,"href":"https:\/\/www.fjpremium.com\/de\/wp-json\/wp\/v2\/product_tag?post=16131"}],"curies":[{"name":"wp","href":"https:\/\/api.w.org\/{rel}","templated":true}]}}