{"id":16129,"date":"2020-09-09T10:41:09","date_gmt":"2020-09-09T02:41:09","guid":{"rendered":"https:\/\/www.fjpremium.com\/?post_type=product&#038;p=16129"},"modified":"2023-12-14T13:45:51","modified_gmt":"2023-12-14T05:45:51","slug":"micro-hdmi-male-to-hdmi-female-coupler","status":"publish","type":"product","link":"https:\/\/www.fjpremium.com\/de\/product\/micro-hdmi-male-to-hdmi-female-coupler\/","title":{"rendered":"HDMI-Buchse auf Micro-HDMI-Stecker HDMI-In-Out-Adapter Koppler"},"content":{"rendered":"<p>Dieser HDMI-In-Out-Adapter, der ein HDMI-Kabel nahtlos in einen Micro-HDMI-Anschluss einf\u00fcgt, ist der Pr\u00fcfstein f\u00fcr die Anpassungsf\u00e4higkeit von Ger\u00e4ten wie Laptops, Drohnen oder DSLRs.<\/p>\n<p>Sie \u00fcberwindet die Grenzen der Bildschirmgr\u00f6\u00dfe, indem sie Bilder von einem kompakten Ger\u00e4t auf gro\u00dfe Displays \u00fcbertr\u00e4gt.<\/p>\n<p>Dank der Unterst\u00fctzung von Aufl\u00f6sungen von bis zu 4Kx2K (UHD) und Funktionen wie True HD 7.1 Audio und 3D-Video ist jedes Pixel ein wahres Meisterwerk.<\/p>\n<p>Seine Spezifikationen:<\/p>\n<ul>\n<li>Anschluss 1: Micro HDMI Stecker<\/li>\n<li>Anschluss 2: HDMI-Buchse<\/li>\n<li>Geh\u00e4use: Kunststoffspritzguss<\/li>\n<\/ul>\n<p>Dar\u00fcber hinaus sorgt die vergoldete Architektur f\u00fcr Langlebigkeit, w\u00e4hrend die Grifffl\u00e4chen die Benutzerfreundlichkeit in den Vordergrund stellen. Nehmen Sie daher noch heute Kontakt mit uns auf und bestellen Sie die Adapterkupplung.<\/p>","protected":false},"excerpt":{"rendered":"<p>Verbessern Sie die Konnektivit\u00e4t mit dem HDMI-Ein-\/Ausgangs-Adapterkoppler von FARSINCE, der mit Goldakzenten versehen, benutzerfreundlich und f\u00fcr eine \u00fcberragende Aufl\u00f6sung ausgelegt ist.<\/p>","protected":false},"featured_media":16149,"template":"","meta":{"_acf_changed":false,"_seopress_robots_primary_cat":"","_seopress_titles_title":"HDMI in out Adapter Coupler %%sep%% %%sitetitle%%","_seopress_titles_desc":"","_seopress_robots_index":"","site-sidebar-layout":"default","site-content-layout":"default","ast-site-content-layout":"default","site-content-style":"default","site-sidebar-style":"default","ast-global-header-display":"","ast-banner-title-visibility":"","ast-main-header-display":"","ast-hfb-above-header-display":"","ast-hfb-below-header-display":"","ast-hfb-mobile-header-display":"","site-post-title":"","ast-breadcrumbs-content":"","ast-featured-img":"","footer-sml-layout":"","ast-disable-related-posts":"","theme-transparent-header-meta":"default","adv-header-id-meta":"","stick-header-meta":"","header-above-stick-meta":"","header-main-stick-meta":"","header-below-stick-meta":"","astra-migrate-meta-layouts":"set","ast-page-background-enabled":"default","ast-page-background-meta":{"desktop":{"background-color":"","background-image":"","background-repeat":"repeat","background-position":"center center","background-size":"auto","background-attachment":"scroll","background-type":"","background-media":"","overlay-type":"","overlay-color":"","overlay-opacity":"","overlay-gradient":""},"tablet":{"background-color":"","background-image":"","background-repeat":"repeat","background-position":"center center","background-size":"auto","background-attachment":"scroll","background-type":"","background-media":"","overlay-type":"","overlay-color":"","overlay-opacity":"","overlay-gradient":""},"mobile":{"background-color":"","background-image":"","background-repeat":"repeat","background-position":"center center","background-size":"auto","background-attachment":"scroll","background-type":"","background-media":"","overlay-type":"","overlay-color":"","overlay-opacity":"","overlay-gradient":""}},"ast-content-background-meta":{"desktop":{"background-color":"var(--ast-global-color-5)","background-image":"","background-repeat":"repeat","background-position":"center center","background-size":"auto","background-attachment":"scroll","background-type":"","background-media":"","overlay-type":"","overlay-color":"","overlay-opacity":"","overlay-gradient":""},"tablet":{"background-color":"var(--ast-global-color-5)","background-image":"","background-repeat":"repeat","background-position":"center center","background-size":"auto","background-attachment":"scroll","background-type":"","background-media":"","overlay-type":"","overlay-color":"","overlay-opacity":"","overlay-gradient":""},"mobile":{"background-color":"var(--ast-global-color-5)","background-image":"","background-repeat":"repeat","background-position":"center center","background-size":"auto","background-attachment":"scroll","background-type":"","background-media":"","overlay-type":"","overlay-color":"","overlay-opacity":"","overlay-gradient":""}},"iawp_total_views":3},"product_brand":[],"product_cat":[211,642],"product_tag":[],"class_list":{"0":"post-16129","1":"product","2":"type-product","3":"status-publish","4":"has-post-thumbnail","6":"product_cat-hdmi","7":"product_cat-hdmi-adapters","8":"desktop-align-left","9":"tablet-align-left","10":"mobile-align-left","12":"first","13":"instock","14":"shipping-taxable","15":"purchasable","16":"product-type-simple"},"acf":[],"_links":{"self":[{"href":"https:\/\/www.fjpremium.com\/de\/wp-json\/wp\/v2\/product\/16129","targetHints":{"allow":["GET"]}}],"collection":[{"href":"https:\/\/www.fjpremium.com\/de\/wp-json\/wp\/v2\/product"}],"about":[{"href":"https:\/\/www.fjpremium.com\/de\/wp-json\/wp\/v2\/types\/product"}],"wp:featuredmedia":[{"embeddable":true,"href":"https:\/\/www.fjpremium.com\/de\/wp-json\/wp\/v2\/media\/16149"}],"wp:attachment":[{"href":"https:\/\/www.fjpremium.com\/de\/wp-json\/wp\/v2\/media?parent=16129"}],"wp:term":[{"taxonomy":"product_brand","embeddable":true,"href":"https:\/\/www.fjpremium.com\/de\/wp-json\/wp\/v2\/product_brand?post=16129"},{"taxonomy":"product_cat","embeddable":true,"href":"https:\/\/www.fjpremium.com\/de\/wp-json\/wp\/v2\/product_cat?post=16129"},{"taxonomy":"product_tag","embeddable":true,"href":"https:\/\/www.fjpremium.com\/de\/wp-json\/wp\/v2\/product_tag?post=16129"}],"curies":[{"name":"wp","href":"https:\/\/api.w.org\/{rel}","templated":true}]}}