{"id":16128,"date":"2020-09-09T10:41:07","date_gmt":"2020-09-09T02:41:07","guid":{"rendered":"https:\/\/www.fjpremium.com\/?post_type=product&#038;p=16128"},"modified":"2023-12-14T13:45:52","modified_gmt":"2023-12-14T05:45:52","slug":"mini-hdmi-male-to-hdmi-female-coupler","status":"publish","type":"product","link":"https:\/\/www.fjpremium.com\/de\/product\/mini-hdmi-male-to-hdmi-female-coupler\/","title":{"rendered":"Buchse zu Stecker HDMI zu Mini HDMI Adapter Kupplung"},"content":{"rendered":"<p>Der Adapter \u00fcberbr\u00fcckt m\u00fchelos die Welt der Standard-HDMI-Kabel mit kompakten Ger\u00e4ten mit Mini-HDMI-Anschluss wie Kameras, Tablets, Drohnen und mehr.<\/p>\n<p>Er ist nicht nur ein Anschluss, sondern ein Ticket in die UHD-Welt mit Aufl\u00f6sungen von bis zu 4Kx2K. Dank der Unterst\u00fctzung von True HD 7.1-Audio und 3D-Video erleben Sie eine nie dagewesene Immersion.<\/p>\n<p>Der Audio Return Channel (ARC) und der HDMI Ethernet Channel (HEC) dieses Adapters sorgen f\u00fcr eine nahtlose Integration Ihrer Ger\u00e4te.<\/p>\n<p>Seine Spezifikationen:<\/p>\n<ul>\n<li>Anschluss 1: Mini-HDMI-Stecker<\/li>\n<li>Anschluss 2: HDMI-Buchse<\/li>\n<li>Geh\u00e4use: Kunststoffspritzguss<\/li>\n<\/ul>\n<p>Au\u00dferdem gew\u00e4hrleisten die vergoldeten Stecker eine unvergleichliche Leitf\u00e4higkeit und Korrosionsbest\u00e4ndigkeit. Und die zus\u00e4tzlichen Griffmulden machen das Ein- und Ausstecken zu einem Kinderspiel.<\/p>\n<p>Kurzum, kontaktieren Sie uns noch heute und nehmen Sie unseren HDMI-auf-Mini-HDMI-Adapter in Ihren Bestand auf.<\/p>","protected":false},"excerpt":{"rendered":"<p>Erleben Sie 4K- und True HD-Erlebnisse mit dem HDMI-auf-Mini-HDMI-Adapter von FARSINCE, nahtlose Verbindung f\u00fcr Kameras, Tablets und mehr.<\/p>","protected":false},"featured_media":16141,"template":"","meta":{"_acf_changed":false,"_seopress_robots_primary_cat":"","_seopress_titles_title":"Female to Male HDMI to Mini HDMI Adapter Coupler %%sep%% %%sitetitle%%","_seopress_titles_desc":"","_seopress_robots_index":"","site-sidebar-layout":"default","site-content-layout":"default","ast-site-content-layout":"default","site-content-style":"default","site-sidebar-style":"default","ast-global-header-display":"","ast-banner-title-visibility":"","ast-main-header-display":"","ast-hfb-above-header-display":"","ast-hfb-below-header-display":"","ast-hfb-mobile-header-display":"","site-post-title":"","ast-breadcrumbs-content":"","ast-featured-img":"","footer-sml-layout":"","ast-disable-related-posts":"","theme-transparent-header-meta":"default","adv-header-id-meta":"","stick-header-meta":"","header-above-stick-meta":"","header-main-stick-meta":"","header-below-stick-meta":"","astra-migrate-meta-layouts":"set","ast-page-background-enabled":"default","ast-page-background-meta":{"desktop":{"background-color":"","background-image":"","background-repeat":"repeat","background-position":"center center","background-size":"auto","background-attachment":"scroll","background-type":"","background-media":"","overlay-type":"","overlay-color":"","overlay-opacity":"","overlay-gradient":""},"tablet":{"background-color":"","background-image":"","background-repeat":"repeat","background-position":"center center","background-size":"auto","background-attachment":"scroll","background-type":"","background-media":"","overlay-type":"","overlay-color":"","overlay-opacity":"","overlay-gradient":""},"mobile":{"background-color":"","background-image":"","background-repeat":"repeat","background-position":"center center","background-size":"auto","background-attachment":"scroll","background-type":"","background-media":"","overlay-type":"","overlay-color":"","overlay-opacity":"","overlay-gradient":""}},"ast-content-background-meta":{"desktop":{"background-color":"var(--ast-global-color-5)","background-image":"","background-repeat":"repeat","background-position":"center center","background-size":"auto","background-attachment":"scroll","background-type":"","background-media":"","overlay-type":"","overlay-color":"","overlay-opacity":"","overlay-gradient":""},"tablet":{"background-color":"var(--ast-global-color-5)","background-image":"","background-repeat":"repeat","background-position":"center center","background-size":"auto","background-attachment":"scroll","background-type":"","background-media":"","overlay-type":"","overlay-color":"","overlay-opacity":"","overlay-gradient":""},"mobile":{"background-color":"var(--ast-global-color-5)","background-image":"","background-repeat":"repeat","background-position":"center center","background-size":"auto","background-attachment":"scroll","background-type":"","background-media":"","overlay-type":"","overlay-color":"","overlay-opacity":"","overlay-gradient":""}},"iawp_total_views":4},"product_brand":[],"product_cat":[211,642],"product_tag":[],"class_list":{"0":"post-16128","1":"product","2":"type-product","3":"status-publish","4":"has-post-thumbnail","6":"product_cat-hdmi","7":"product_cat-hdmi-adapters","8":"desktop-align-left","9":"tablet-align-left","10":"mobile-align-left","12":"first","13":"instock","14":"shipping-taxable","15":"purchasable","16":"product-type-simple"},"acf":[],"_links":{"self":[{"href":"https:\/\/www.fjpremium.com\/de\/wp-json\/wp\/v2\/product\/16128","targetHints":{"allow":["GET"]}}],"collection":[{"href":"https:\/\/www.fjpremium.com\/de\/wp-json\/wp\/v2\/product"}],"about":[{"href":"https:\/\/www.fjpremium.com\/de\/wp-json\/wp\/v2\/types\/product"}],"wp:featuredmedia":[{"embeddable":true,"href":"https:\/\/www.fjpremium.com\/de\/wp-json\/wp\/v2\/media\/16141"}],"wp:attachment":[{"href":"https:\/\/www.fjpremium.com\/de\/wp-json\/wp\/v2\/media?parent=16128"}],"wp:term":[{"taxonomy":"product_brand","embeddable":true,"href":"https:\/\/www.fjpremium.com\/de\/wp-json\/wp\/v2\/product_brand?post=16128"},{"taxonomy":"product_cat","embeddable":true,"href":"https:\/\/www.fjpremium.com\/de\/wp-json\/wp\/v2\/product_cat?post=16128"},{"taxonomy":"product_tag","embeddable":true,"href":"https:\/\/www.fjpremium.com\/de\/wp-json\/wp\/v2\/product_tag?post=16128"}],"curies":[{"name":"wp","href":"https:\/\/api.w.org\/{rel}","templated":true}]}}