{"id":16127,"date":"2020-09-09T10:41:05","date_gmt":"2020-09-09T02:41:05","guid":{"rendered":"https:\/\/www.fjpremium.com\/?post_type=product&#038;p=16127"},"modified":"2023-12-14T13:45:52","modified_gmt":"2023-12-14T05:45:52","slug":"hdmi-male-to-female-extension-coupler","status":"publish","type":"product","link":"https:\/\/www.fjpremium.com\/de\/product\/hdmi-male-to-female-extension-coupler\/","title":{"rendered":"Rechtwinkliger HDMI Adapter 19pin Stecker auf Buchse Extender Adapter Koppler"},"content":{"rendered":"<p>Unser rechtwinkliger HDMI-Adapter wurde speziell f\u00fcr R\u00e4ume mit engen Ecken oder eingeschr\u00e4nktem Wandabstand entwickelt und sorgt daf\u00fcr, dass Sie niemals Kompromisse bei der Integrit\u00e4t Ihrer HDMI-Kabel eingehen m\u00fcssen.<\/p>\n<p>So k\u00f6nnen Sie sicher sein, dass Ihre HDMI-Kabel nicht \u00fcberm\u00e4\u00dfig geknickt werden und das Kabel und die Anschl\u00fcsse Ihrer wertvollen Ger\u00e4te gesch\u00fctzt sind.<\/p>\n<p>Au\u00dferdem ist er mit einem vergoldeten 90-Grad-HDMI-Stecker ausgestattet, der optimale Leistung verspricht und Aufl\u00f6sungen bis zu 4Kx2K unterst\u00fctzt.<\/p>\n<p>Seine Spezifikationen:<\/p>\n<ul>\n<li>Anschluss 1: HDMI-Stecker<\/li>\n<li>Anschluss 2: HDMI-Buchse<\/li>\n<li>Geh\u00e4use: Kunststoffspritzguss<\/li>\n<\/ul>\n<p>Ganz gleich, ob Sie einen TV Stick, eine Xbox, PS4 oder Nintendo Switch versorgen, dieser Adapter erweitert nahtlos Ihre Reichweite.<\/p>\n<p>Sie k\u00f6nnen in die Vielseitigkeit mit verschiedenen Optionen, gerade, abgewinkelt in mehrere Richtungen, drehbar, und mit oder ohne Schrauben tauchen. Nehmen Sie also noch heute Kontakt mit uns auf und investieren Sie in dieses Produkt.<\/p>","protected":false},"excerpt":{"rendered":"<p>Erschlie\u00dfen Sie sich eine Welt der Konnektivit\u00e4t ohne Einschr\u00e4nkungen mit dem rechtwinkligen HDMI-Adapter von Farsince, der bis zu 4Kx2K unterst\u00fctzt und perfekt f\u00fcr enge R\u00e4ume ist.<\/p>","protected":false},"featured_media":24062,"template":"","meta":{"_acf_changed":false,"_seopress_robots_primary_cat":"","_seopress_titles_title":"Best Right Angle HDMI Adapter %%sep%% %%sitetitle%%","_seopress_titles_desc":"","_seopress_robots_index":"","site-sidebar-layout":"default","site-content-layout":"default","ast-site-content-layout":"default","site-content-style":"default","site-sidebar-style":"default","ast-global-header-display":"","ast-banner-title-visibility":"","ast-main-header-display":"","ast-hfb-above-header-display":"","ast-hfb-below-header-display":"","ast-hfb-mobile-header-display":"","site-post-title":"","ast-breadcrumbs-content":"","ast-featured-img":"","footer-sml-layout":"","ast-disable-related-posts":"","theme-transparent-header-meta":"default","adv-header-id-meta":"","stick-header-meta":"","header-above-stick-meta":"","header-main-stick-meta":"","header-below-stick-meta":"","astra-migrate-meta-layouts":"set","ast-page-background-enabled":"default","ast-page-background-meta":{"desktop":{"background-color":"","background-image":"","background-repeat":"repeat","background-position":"center center","background-size":"auto","background-attachment":"scroll","background-type":"","background-media":"","overlay-type":"","overlay-color":"","overlay-opacity":"","overlay-gradient":""},"tablet":{"background-color":"","background-image":"","background-repeat":"repeat","background-position":"center center","background-size":"auto","background-attachment":"scroll","background-type":"","background-media":"","overlay-type":"","overlay-color":"","overlay-opacity":"","overlay-gradient":""},"mobile":{"background-color":"","background-image":"","background-repeat":"repeat","background-position":"center center","background-size":"auto","background-attachment":"scroll","background-type":"","background-media":"","overlay-type":"","overlay-color":"","overlay-opacity":"","overlay-gradient":""}},"ast-content-background-meta":{"desktop":{"background-color":"var(--ast-global-color-5)","background-image":"","background-repeat":"repeat","background-position":"center center","background-size":"auto","background-attachment":"scroll","background-type":"","background-media":"","overlay-type":"","overlay-color":"","overlay-opacity":"","overlay-gradient":""},"tablet":{"background-color":"var(--ast-global-color-5)","background-image":"","background-repeat":"repeat","background-position":"center center","background-size":"auto","background-attachment":"scroll","background-type":"","background-media":"","overlay-type":"","overlay-color":"","overlay-opacity":"","overlay-gradient":""},"mobile":{"background-color":"var(--ast-global-color-5)","background-image":"","background-repeat":"repeat","background-position":"center center","background-size":"auto","background-attachment":"scroll","background-type":"","background-media":"","overlay-type":"","overlay-color":"","overlay-opacity":"","overlay-gradient":""}},"iawp_total_views":5},"product_brand":[],"product_cat":[211,642],"product_tag":[],"class_list":{"0":"post-16127","1":"product","2":"type-product","3":"status-publish","4":"has-post-thumbnail","6":"product_cat-hdmi","7":"product_cat-hdmi-adapters","8":"desktop-align-left","9":"tablet-align-left","10":"mobile-align-left","12":"first","13":"instock","14":"shipping-taxable","15":"purchasable","16":"product-type-simple"},"acf":[],"_links":{"self":[{"href":"https:\/\/www.fjpremium.com\/de\/wp-json\/wp\/v2\/product\/16127","targetHints":{"allow":["GET"]}}],"collection":[{"href":"https:\/\/www.fjpremium.com\/de\/wp-json\/wp\/v2\/product"}],"about":[{"href":"https:\/\/www.fjpremium.com\/de\/wp-json\/wp\/v2\/types\/product"}],"wp:featuredmedia":[{"embeddable":true,"href":"https:\/\/www.fjpremium.com\/de\/wp-json\/wp\/v2\/media\/24062"}],"wp:attachment":[{"href":"https:\/\/www.fjpremium.com\/de\/wp-json\/wp\/v2\/media?parent=16127"}],"wp:term":[{"taxonomy":"product_brand","embeddable":true,"href":"https:\/\/www.fjpremium.com\/de\/wp-json\/wp\/v2\/product_brand?post=16127"},{"taxonomy":"product_cat","embeddable":true,"href":"https:\/\/www.fjpremium.com\/de\/wp-json\/wp\/v2\/product_cat?post=16127"},{"taxonomy":"product_tag","embeddable":true,"href":"https:\/\/www.fjpremium.com\/de\/wp-json\/wp\/v2\/product_tag?post=16127"}],"curies":[{"name":"wp","href":"https:\/\/api.w.org\/{rel}","templated":true}]}}