{"id":16119,"date":"2020-09-09T10:39:05","date_gmt":"2020-09-09T02:39:05","guid":{"rendered":"https:\/\/www.fjpremium.com\/?post_type=product&#038;p=16119"},"modified":"2023-12-14T13:45:53","modified_gmt":"2023-12-14T05:45:53","slug":"hdmi-female-to-female-coupler","status":"publish","type":"product","link":"https:\/\/www.fjpremium.com\/de\/product\/hdmi-female-to-female-coupler\/","title":{"rendered":"19 Pin HDMI Connector Extender Adapter Coupler mit gro\u00dfem Preis f\u00fcr TV"},"content":{"rendered":"<p>Mit diesem preisg\u00fcnstigen Stecker k\u00f6nnen Sie Ger\u00e4te wie Blu-ray-Player, Fire TV oder Spielekonsolen an Bildschirme und Receiver anschlie\u00dfen.<\/p>\n<p>Der vergoldete Anschluss gew\u00e4hrleistet die Integrit\u00e4t und Qualit\u00e4t der \u00dcbertragung, selbst bei Aufl\u00f6sungen von bis zu 4Kx2K.<\/p>\n<p>Seine Spezifikationen:<\/p>\n<ul>\n<li>Anschluss 1: HDMI-Buchse<\/li>\n<li>Anschluss 2: HDMI-Buchse<\/li>\n<li>Geh\u00e4use: Kunststoffspritzguss<\/li>\n<\/ul>\n<p>Au\u00dferdem gibt es ihn in verschiedenen Konfigurationen, die auf Ihre Bed\u00fcrfnisse zugeschnitten sind, sei es gerade, in verschiedene Richtungen abgewinkelt, drehbar oder mit optionalen Schrauben.<\/p>\n<p>Nehmen Sie also noch heute Kontakt mit uns auf und bestellen Sie den 19-poligen HDMI-Anschluss.<\/p>","protected":false},"excerpt":{"rendered":"<p>Treten Sie ein in eine Welt, in der Erweiterungen m\u00fchelos m\u00f6glich sind - mit dem 19-poligen HDMI-Anschluss von Farsince, der einwandfreie 4Kx2K-Unterst\u00fctzung, vielf\u00e4ltige Konfigurationen und unschlagbare Preise verspricht.<\/p>","protected":false},"featured_media":16120,"template":"","meta":{"_acf_changed":false,"_seopress_robots_primary_cat":"","_seopress_titles_title":"19 Pin HDMI Connector Extender Adapter Coupler %%sep%% %%sitetitle%%","_seopress_titles_desc":"Step into a world where extension is effortless with the Farsince 19 pin HDMI connector, promising flawless 4Kx2K support and unbeatable pricing.","_seopress_robots_index":"","site-sidebar-layout":"default","site-content-layout":"default","ast-site-content-layout":"default","site-content-style":"default","site-sidebar-style":"default","ast-global-header-display":"","ast-banner-title-visibility":"","ast-main-header-display":"","ast-hfb-above-header-display":"","ast-hfb-below-header-display":"","ast-hfb-mobile-header-display":"","site-post-title":"","ast-breadcrumbs-content":"","ast-featured-img":"","footer-sml-layout":"","ast-disable-related-posts":"","theme-transparent-header-meta":"default","adv-header-id-meta":"","stick-header-meta":"","header-above-stick-meta":"","header-main-stick-meta":"","header-below-stick-meta":"","astra-migrate-meta-layouts":"set","ast-page-background-enabled":"default","ast-page-background-meta":{"desktop":{"background-color":"","background-image":"","background-repeat":"repeat","background-position":"center center","background-size":"auto","background-attachment":"scroll","background-type":"","background-media":"","overlay-type":"","overlay-color":"","overlay-opacity":"","overlay-gradient":""},"tablet":{"background-color":"","background-image":"","background-repeat":"repeat","background-position":"center center","background-size":"auto","background-attachment":"scroll","background-type":"","background-media":"","overlay-type":"","overlay-color":"","overlay-opacity":"","overlay-gradient":""},"mobile":{"background-color":"","background-image":"","background-repeat":"repeat","background-position":"center center","background-size":"auto","background-attachment":"scroll","background-type":"","background-media":"","overlay-type":"","overlay-color":"","overlay-opacity":"","overlay-gradient":""}},"ast-content-background-meta":{"desktop":{"background-color":"var(--ast-global-color-5)","background-image":"","background-repeat":"repeat","background-position":"center center","background-size":"auto","background-attachment":"scroll","background-type":"","background-media":"","overlay-type":"","overlay-color":"","overlay-opacity":"","overlay-gradient":""},"tablet":{"background-color":"var(--ast-global-color-5)","background-image":"","background-repeat":"repeat","background-position":"center center","background-size":"auto","background-attachment":"scroll","background-type":"","background-media":"","overlay-type":"","overlay-color":"","overlay-opacity":"","overlay-gradient":""},"mobile":{"background-color":"var(--ast-global-color-5)","background-image":"","background-repeat":"repeat","background-position":"center center","background-size":"auto","background-attachment":"scroll","background-type":"","background-media":"","overlay-type":"","overlay-color":"","overlay-opacity":"","overlay-gradient":""}},"iawp_total_views":13},"product_brand":[],"product_cat":[211,642],"product_tag":[],"class_list":{"0":"post-16119","1":"product","2":"type-product","3":"status-publish","4":"has-post-thumbnail","6":"product_cat-hdmi","7":"product_cat-hdmi-adapters","8":"desktop-align-left","9":"tablet-align-left","10":"mobile-align-left","12":"first","13":"instock","14":"shipping-taxable","15":"purchasable","16":"product-type-simple"},"acf":[],"_links":{"self":[{"href":"https:\/\/www.fjpremium.com\/de\/wp-json\/wp\/v2\/product\/16119","targetHints":{"allow":["GET"]}}],"collection":[{"href":"https:\/\/www.fjpremium.com\/de\/wp-json\/wp\/v2\/product"}],"about":[{"href":"https:\/\/www.fjpremium.com\/de\/wp-json\/wp\/v2\/types\/product"}],"wp:featuredmedia":[{"embeddable":true,"href":"https:\/\/www.fjpremium.com\/de\/wp-json\/wp\/v2\/media\/16120"}],"wp:attachment":[{"href":"https:\/\/www.fjpremium.com\/de\/wp-json\/wp\/v2\/media?parent=16119"}],"wp:term":[{"taxonomy":"product_brand","embeddable":true,"href":"https:\/\/www.fjpremium.com\/de\/wp-json\/wp\/v2\/product_brand?post=16119"},{"taxonomy":"product_cat","embeddable":true,"href":"https:\/\/www.fjpremium.com\/de\/wp-json\/wp\/v2\/product_cat?post=16119"},{"taxonomy":"product_tag","embeddable":true,"href":"https:\/\/www.fjpremium.com\/de\/wp-json\/wp\/v2\/product_tag?post=16119"}],"curies":[{"name":"wp","href":"https:\/\/api.w.org\/{rel}","templated":true}]}}