{"id":16106,"date":"2020-09-09T10:35:09","date_gmt":"2020-09-09T02:35:09","guid":{"rendered":"https:\/\/www.fjpremium.com\/?post_type=product&#038;p=16106"},"modified":"2023-10-10T10:25:06","modified_gmt":"2023-10-10T02:25:06","slug":"premium-hdmi-to-dvi-cable-with-metal-housing","status":"publish","type":"product","link":"https:\/\/www.fjpremium.com\/de\/product\/premium-hdmi-to-dvi-cable-with-metal-housing\/","title":{"rendered":"Hochwertiges Metall DVI-Stecker zu HDMI-Stecker Bidirektionales Adapterkabel"},"content":{"rendered":"<p>Das bidirektionale Kabel wurde speziell f\u00fcr nahtlose Verbindungen entwickelt und \u00fcberbr\u00fcckt mit HDMI ausgestattete Chromebooks oder Laptops mit DVI-Bildschirmen und vice versa.<\/p>\n<p>Ob Videostreaming oder eintauchen in die Welt der Spiele, es garantiert ein lebendiges, verz\u00f6gerungsfreies Erlebnis mit einer Aufl\u00f6sung von bis zu 1920\u00d71080@60Hz.<\/p>\n<p>Stabile, handfest angezogene Schrauben sorgen daf\u00fcr, dass Ihre Ger\u00e4te miteinander verbunden bleiben, w\u00e4hrend die vergoldeten Anschl\u00fcsse Ihre \u00dcbertragung sch\u00fctzen.<\/p>\n<p>Abgeschirmt gegen potenzielles \u00dcbersprechen und st\u00f6rende Interferenzen, verspricht unser bidirektionaler Konverter ununterbrochene Leistung f\u00fcr ein ganzes Leben.<\/p>\n<p>Seine Spezifikationen:<\/p>\n<ul>\n<li>Kabel-Leiter: Blanke Kupfer<\/li>\n<li>Drahtst\u00e4rke: 30AWG(1-5M), 28AWG(5-10M)<\/li>\n<li>Dreifach abgeschirmt: verdrilltes Paar aus Aluminiumfolie, Gesamtaluminiumfolie, Geflecht<\/li>\n<li>Mantel: PVC<\/li>\n<li>Konform: RoHS, REACH<\/li>\n<\/ul>\n<p>Von HD-Monitoren bis hin zu hochmodernen Projektoren erf\u00fcllt es eine Vielzahl von Anzeigeanforderungen in un\u00fcbertroffener Qualit\u00e4t. Entscheiden Sie sich f\u00fcr diese L\u00f6sung und profitieren Sie von beispielloser Konnektivit\u00e4t und kompromissloser Klarheit.<\/p>","protected":false},"excerpt":{"rendered":"<p>Entdecken Sie den Gipfel der Anpassungsf\u00e4higkeit mit dem hochwertigen bidirektionalen HDMI\/DVI-Konverter von FARSINCE, der in einem robusten Metallgeh\u00e4use untergebracht ist.<\/p>","protected":false},"featured_media":16113,"template":"","meta":{"_acf_changed":false,"_seopress_robots_primary_cat":"","_seopress_titles_title":"DVI Male to HDMI Male Bidirectional Converter Adapter Cable %%sep%% %%sitetitle%%","_seopress_titles_desc":"","_seopress_robots_index":"","site-sidebar-layout":"default","site-content-layout":"default","ast-site-content-layout":"default","site-content-style":"default","site-sidebar-style":"default","ast-global-header-display":"","ast-banner-title-visibility":"","ast-main-header-display":"","ast-hfb-above-header-display":"","ast-hfb-below-header-display":"","ast-hfb-mobile-header-display":"","site-post-title":"","ast-breadcrumbs-content":"","ast-featured-img":"","footer-sml-layout":"","ast-disable-related-posts":"","theme-transparent-header-meta":"default","adv-header-id-meta":"","stick-header-meta":"","header-above-stick-meta":"","header-main-stick-meta":"","header-below-stick-meta":"","astra-migrate-meta-layouts":"set","ast-page-background-enabled":"default","ast-page-background-meta":{"desktop":{"background-color":"","background-image":"","background-repeat":"repeat","background-position":"center center","background-size":"auto","background-attachment":"scroll","background-type":"","background-media":"","overlay-type":"","overlay-color":"","overlay-opacity":"","overlay-gradient":""},"tablet":{"background-color":"","background-image":"","background-repeat":"repeat","background-position":"center center","background-size":"auto","background-attachment":"scroll","background-type":"","background-media":"","overlay-type":"","overlay-color":"","overlay-opacity":"","overlay-gradient":""},"mobile":{"background-color":"","background-image":"","background-repeat":"repeat","background-position":"center center","background-size":"auto","background-attachment":"scroll","background-type":"","background-media":"","overlay-type":"","overlay-color":"","overlay-opacity":"","overlay-gradient":""}},"ast-content-background-meta":{"desktop":{"background-color":"var(--ast-global-color-5)","background-image":"","background-repeat":"repeat","background-position":"center center","background-size":"auto","background-attachment":"scroll","background-type":"","background-media":"","overlay-type":"","overlay-color":"","overlay-opacity":"","overlay-gradient":""},"tablet":{"background-color":"var(--ast-global-color-5)","background-image":"","background-repeat":"repeat","background-position":"center center","background-size":"auto","background-attachment":"scroll","background-type":"","background-media":"","overlay-type":"","overlay-color":"","overlay-opacity":"","overlay-gradient":""},"mobile":{"background-color":"var(--ast-global-color-5)","background-image":"","background-repeat":"repeat","background-position":"center center","background-size":"auto","background-attachment":"scroll","background-type":"","background-media":"","overlay-type":"","overlay-color":"","overlay-opacity":"","overlay-gradient":""}},"iawp_total_views":19},"product_brand":[],"product_cat":[211],"product_tag":[],"class_list":{"0":"post-16106","1":"product","2":"type-product","3":"status-publish","4":"has-post-thumbnail","6":"product_cat-hdmi","7":"desktop-align-left","8":"tablet-align-left","9":"mobile-align-left","11":"first","12":"instock","13":"shipping-taxable","14":"purchasable","15":"product-type-simple"},"acf":[],"_links":{"self":[{"href":"https:\/\/www.fjpremium.com\/de\/wp-json\/wp\/v2\/product\/16106","targetHints":{"allow":["GET"]}}],"collection":[{"href":"https:\/\/www.fjpremium.com\/de\/wp-json\/wp\/v2\/product"}],"about":[{"href":"https:\/\/www.fjpremium.com\/de\/wp-json\/wp\/v2\/types\/product"}],"wp:featuredmedia":[{"embeddable":true,"href":"https:\/\/www.fjpremium.com\/de\/wp-json\/wp\/v2\/media\/16113"}],"wp:attachment":[{"href":"https:\/\/www.fjpremium.com\/de\/wp-json\/wp\/v2\/media?parent=16106"}],"wp:term":[{"taxonomy":"product_brand","embeddable":true,"href":"https:\/\/www.fjpremium.com\/de\/wp-json\/wp\/v2\/product_brand?post=16106"},{"taxonomy":"product_cat","embeddable":true,"href":"https:\/\/www.fjpremium.com\/de\/wp-json\/wp\/v2\/product_cat?post=16106"},{"taxonomy":"product_tag","embeddable":true,"href":"https:\/\/www.fjpremium.com\/de\/wp-json\/wp\/v2\/product_tag?post=16106"}],"curies":[{"name":"wp","href":"https:\/\/api.w.org\/{rel}","templated":true}]}}