{"id":16105,"date":"2020-09-09T10:35:06","date_gmt":"2020-09-09T02:35:06","guid":{"rendered":"https:\/\/www.fjpremium.com\/?post_type=product&#038;p=16105"},"modified":"2023-12-14T13:51:47","modified_gmt":"2023-12-14T05:51:47","slug":"dvi-male-to-hdmi-female-cable","status":"publish","type":"product","link":"https:\/\/www.fjpremium.com\/de\/product\/dvi-male-to-hdmi-female-cable\/","title":{"rendered":"24+1 DVI-D Dual Link auf HDMI Konverterkabel"},"content":{"rendered":"<p>Unser Adapterkabel ist so konzipiert, dass es bidirektional funktioniert und HDMI-f\u00e4hige Ger\u00e4te m\u00fchelos mit DVI-Bildschirmen verbinden kann und umgekehrt.<\/p>\n<p>Durch den Anschluss an einen gro\u00dfen Bildschirm mit einer Aufl\u00f6sung von bis zu 1920\u00d71080@60Hz werden Videostreaming- oder Gaming-Sessions noch besser.<\/p>\n<p>Dabei wird nicht nur die Verbindung hergestellt, sondern auch die Anzeige auf einen erweiterten Desktop oder ein gespiegeltes Display zugeschnitten, je nachdem, was Sie bevorzugen.<\/p>\n<p>Der goldene Touch der vergoldeten Anschl\u00fcsse und die mit den Fingern angezogenen Schrauben sorgen f\u00fcr eine dauerhafte, optimale Verbindung.<\/p>\n<p>Seine Spezifikationen:<\/p>\n<ul>\n<li>Kabel-Leiter: Blanke Kupfer<\/li>\n<li>Kabelquerschnitt: 30AWG(1-5M)<\/li>\n<li>Mantel: PVC<\/li>\n<li>Konform: RoHS, REACH<\/li>\n<\/ul>\n<p>Mit der Folien- und Geflechtabschirmung verabschieden Sie sich au\u00dferdem von Interferenzen und sorgen f\u00fcr ein unverf\u00e4lschtes Bild und eine lebenslange, zuverl\u00e4ssige Leistung. Wenden Sie sich also noch heute an uns und investieren Sie in diesen DVI-D-Dual-Link-zu-HDMI-Adapter.<\/p>","protected":false},"excerpt":{"rendered":"<p>Das FARSINCE 24+1 DVI-D-Dual-Link-zu-HDMI-Adapterkabel ist ein Konverterkabel f\u00fcr fl\u00fcssige Verbindungen, das in zwei Richtungen arbeitet und st\u00f6rungsresistent ist.<\/p>","protected":false},"featured_media":16107,"template":"","meta":{"_acf_changed":false,"_seopress_robots_primary_cat":"","_seopress_titles_title":"24+1 DVI-D Dual Link to HDMI Adapter %%sep%% %%sitetitle%%","_seopress_titles_desc":"Step into an era of fluid connectivity with FARSINCE 24+1 DVI-D dual link to HDMI adapter converter cable, boasting dual-direction and interference-resistant.","_seopress_robots_index":"","site-sidebar-layout":"default","site-content-layout":"default","ast-site-content-layout":"default","site-content-style":"default","site-sidebar-style":"default","ast-global-header-display":"","ast-banner-title-visibility":"","ast-main-header-display":"","ast-hfb-above-header-display":"","ast-hfb-below-header-display":"","ast-hfb-mobile-header-display":"","site-post-title":"","ast-breadcrumbs-content":"","ast-featured-img":"","footer-sml-layout":"","ast-disable-related-posts":"","theme-transparent-header-meta":"default","adv-header-id-meta":"","stick-header-meta":"","header-above-stick-meta":"","header-main-stick-meta":"","header-below-stick-meta":"","astra-migrate-meta-layouts":"set","ast-page-background-enabled":"default","ast-page-background-meta":{"desktop":{"background-color":"","background-image":"","background-repeat":"repeat","background-position":"center center","background-size":"auto","background-attachment":"scroll","background-type":"","background-media":"","overlay-type":"","overlay-color":"","overlay-opacity":"","overlay-gradient":""},"tablet":{"background-color":"","background-image":"","background-repeat":"repeat","background-position":"center center","background-size":"auto","background-attachment":"scroll","background-type":"","background-media":"","overlay-type":"","overlay-color":"","overlay-opacity":"","overlay-gradient":""},"mobile":{"background-color":"","background-image":"","background-repeat":"repeat","background-position":"center center","background-size":"auto","background-attachment":"scroll","background-type":"","background-media":"","overlay-type":"","overlay-color":"","overlay-opacity":"","overlay-gradient":""}},"ast-content-background-meta":{"desktop":{"background-color":"var(--ast-global-color-5)","background-image":"","background-repeat":"repeat","background-position":"center center","background-size":"auto","background-attachment":"scroll","background-type":"","background-media":"","overlay-type":"","overlay-color":"","overlay-opacity":"","overlay-gradient":""},"tablet":{"background-color":"var(--ast-global-color-5)","background-image":"","background-repeat":"repeat","background-position":"center center","background-size":"auto","background-attachment":"scroll","background-type":"","background-media":"","overlay-type":"","overlay-color":"","overlay-opacity":"","overlay-gradient":""},"mobile":{"background-color":"var(--ast-global-color-5)","background-image":"","background-repeat":"repeat","background-position":"center center","background-size":"auto","background-attachment":"scroll","background-type":"","background-media":"","overlay-type":"","overlay-color":"","overlay-opacity":"","overlay-gradient":""}},"iawp_total_views":12},"product_brand":[],"product_cat":[211,638],"product_tag":[],"class_list":{"0":"post-16105","1":"product","2":"type-product","3":"status-publish","4":"has-post-thumbnail","6":"product_cat-hdmi","7":"product_cat-hdmi-cables","8":"desktop-align-left","9":"tablet-align-left","10":"mobile-align-left","12":"first","13":"instock","14":"shipping-taxable","15":"purchasable","16":"product-type-simple"},"acf":[],"_links":{"self":[{"href":"https:\/\/www.fjpremium.com\/de\/wp-json\/wp\/v2\/product\/16105","targetHints":{"allow":["GET"]}}],"collection":[{"href":"https:\/\/www.fjpremium.com\/de\/wp-json\/wp\/v2\/product"}],"about":[{"href":"https:\/\/www.fjpremium.com\/de\/wp-json\/wp\/v2\/types\/product"}],"wp:featuredmedia":[{"embeddable":true,"href":"https:\/\/www.fjpremium.com\/de\/wp-json\/wp\/v2\/media\/16107"}],"wp:attachment":[{"href":"https:\/\/www.fjpremium.com\/de\/wp-json\/wp\/v2\/media?parent=16105"}],"wp:term":[{"taxonomy":"product_brand","embeddable":true,"href":"https:\/\/www.fjpremium.com\/de\/wp-json\/wp\/v2\/product_brand?post=16105"},{"taxonomy":"product_cat","embeddable":true,"href":"https:\/\/www.fjpremium.com\/de\/wp-json\/wp\/v2\/product_cat?post=16105"},{"taxonomy":"product_tag","embeddable":true,"href":"https:\/\/www.fjpremium.com\/de\/wp-json\/wp\/v2\/product_tag?post=16105"}],"curies":[{"name":"wp","href":"https:\/\/api.w.org\/{rel}","templated":true}]}}