{"id":16098,"date":"2020-09-09T10:32:13","date_gmt":"2020-09-09T02:32:13","guid":{"rendered":"https:\/\/www.fjpremium.com\/?post_type=product&#038;p=16098"},"modified":"2023-12-14T13:51:48","modified_gmt":"2023-12-14T05:51:48","slug":"hdmi-male-to-dvi-female-short-cable","status":"publish","type":"product","link":"https:\/\/www.fjpremium.com\/de\/product\/hdmi-male-to-dvi-female-short-cable\/","title":{"rendered":"Stecker zu Buchse HDMI zu DVI-I Konverterkabel HDMI zu DVI-I Dual 24+5"},"content":{"rendered":"<p>Dieses Kabel wurde f\u00fcr die nahtlose Verbindung von HDMI-f\u00e4higen Ger\u00e4ten mit DVI-Bildschirmen entwickelt und ist der Inbegriff von Vielseitigkeit.<\/p>\n<p>Ganz gleich, ob Sie High-Definition-Videostreaming genie\u00dfen oder in packende Spielesessions eintauchen, er garantiert kristallklare Bilder mit einer beeindruckenden Aufl\u00f6sung von bis zu 1920\u00d71080@60Hz.<\/p>\n<p>Au\u00dferdem ist es nicht nur ein Anschluss, sondern auch ein Enabler, sei es f\u00fcr einen erweiterten Desktop oder ein gespiegeltes Display.<\/p>\n<p>Die vergoldeten Stecker des HDMI-zu-DVI-I-Konverterkabels und die sorgf\u00e4ltig konstruierten, mit den Fingern angezogenen Schrauben sorgen f\u00fcr eine felsenfeste Verbindung.<\/p>\n<p>Seine Spezifikationen:<\/p>\n<ul>\n<li>Kabel-Leiter: Blanke Kupfer<\/li>\n<li>Kabelquerschnitt: 30AWG(1-5M)<\/li>\n<li>Mantel: PVC<\/li>\n<li>Konform: RoHS, REACH<\/li>\n<\/ul>\n<p>Seine fortschrittliche Folien- und Geflechtabschirmung sch\u00fctzt vor elektromagnetischen oder Hochfrequenzst\u00f6rungen. Und dank der hochwertigen Materialien k\u00f6nnen Sie sich auf eine zuverl\u00e4ssige Leistung w\u00e4hrend der gesamten Lebensdauer verlassen.<\/p>\n<p>Nehmen Sie daher noch heute Kontakt mit uns auf und bestellen Sie unser Kabel.<\/p>","protected":false},"excerpt":{"rendered":"<p>Steigern Sie Ihr digitales Erlebnis mit dem HDMI-auf-DVI-I-Konverterkabel (Stecker auf Buchse) von FARSINCE. Es bietet 1080p Full HD, vergoldete Anschl\u00fcsse und abgeschirmte Leistung.<\/p>","protected":false},"featured_media":16099,"template":"","meta":{"_acf_changed":false,"_seopress_robots_primary_cat":"","_seopress_titles_title":"Male to Female HDMI to DVI-I Converter Cable %%sep%% %%sitetitle%%","_seopress_titles_desc":"Elevate digital experience with FARSINCE male to female HDMI to DVI-I converter cable, offering 1080p Full HD, gold-plated connectors and shielded performance. ","_seopress_robots_index":"","site-sidebar-layout":"default","site-content-layout":"default","ast-site-content-layout":"default","site-content-style":"default","site-sidebar-style":"default","ast-global-header-display":"","ast-banner-title-visibility":"","ast-main-header-display":"","ast-hfb-above-header-display":"","ast-hfb-below-header-display":"","ast-hfb-mobile-header-display":"","site-post-title":"","ast-breadcrumbs-content":"","ast-featured-img":"","footer-sml-layout":"","ast-disable-related-posts":"","theme-transparent-header-meta":"default","adv-header-id-meta":"","stick-header-meta":"","header-above-stick-meta":"","header-main-stick-meta":"","header-below-stick-meta":"","astra-migrate-meta-layouts":"set","ast-page-background-enabled":"default","ast-page-background-meta":{"desktop":{"background-color":"","background-image":"","background-repeat":"repeat","background-position":"center center","background-size":"auto","background-attachment":"scroll","background-type":"","background-media":"","overlay-type":"","overlay-color":"","overlay-opacity":"","overlay-gradient":""},"tablet":{"background-color":"","background-image":"","background-repeat":"repeat","background-position":"center center","background-size":"auto","background-attachment":"scroll","background-type":"","background-media":"","overlay-type":"","overlay-color":"","overlay-opacity":"","overlay-gradient":""},"mobile":{"background-color":"","background-image":"","background-repeat":"repeat","background-position":"center center","background-size":"auto","background-attachment":"scroll","background-type":"","background-media":"","overlay-type":"","overlay-color":"","overlay-opacity":"","overlay-gradient":""}},"ast-content-background-meta":{"desktop":{"background-color":"var(--ast-global-color-5)","background-image":"","background-repeat":"repeat","background-position":"center center","background-size":"auto","background-attachment":"scroll","background-type":"","background-media":"","overlay-type":"","overlay-color":"","overlay-opacity":"","overlay-gradient":""},"tablet":{"background-color":"var(--ast-global-color-5)","background-image":"","background-repeat":"repeat","background-position":"center center","background-size":"auto","background-attachment":"scroll","background-type":"","background-media":"","overlay-type":"","overlay-color":"","overlay-opacity":"","overlay-gradient":""},"mobile":{"background-color":"var(--ast-global-color-5)","background-image":"","background-repeat":"repeat","background-position":"center center","background-size":"auto","background-attachment":"scroll","background-type":"","background-media":"","overlay-type":"","overlay-color":"","overlay-opacity":"","overlay-gradient":""}},"iawp_total_views":3},"product_brand":[],"product_cat":[211,638],"product_tag":[],"class_list":{"0":"post-16098","1":"product","2":"type-product","3":"status-publish","4":"has-post-thumbnail","6":"product_cat-hdmi","7":"product_cat-hdmi-cables","8":"desktop-align-left","9":"tablet-align-left","10":"mobile-align-left","12":"first","13":"instock","14":"shipping-taxable","15":"purchasable","16":"product-type-simple"},"acf":[],"_links":{"self":[{"href":"https:\/\/www.fjpremium.com\/de\/wp-json\/wp\/v2\/product\/16098","targetHints":{"allow":["GET"]}}],"collection":[{"href":"https:\/\/www.fjpremium.com\/de\/wp-json\/wp\/v2\/product"}],"about":[{"href":"https:\/\/www.fjpremium.com\/de\/wp-json\/wp\/v2\/types\/product"}],"wp:featuredmedia":[{"embeddable":true,"href":"https:\/\/www.fjpremium.com\/de\/wp-json\/wp\/v2\/media\/16099"}],"wp:attachment":[{"href":"https:\/\/www.fjpremium.com\/de\/wp-json\/wp\/v2\/media?parent=16098"}],"wp:term":[{"taxonomy":"product_brand","embeddable":true,"href":"https:\/\/www.fjpremium.com\/de\/wp-json\/wp\/v2\/product_brand?post=16098"},{"taxonomy":"product_cat","embeddable":true,"href":"https:\/\/www.fjpremium.com\/de\/wp-json\/wp\/v2\/product_cat?post=16098"},{"taxonomy":"product_tag","embeddable":true,"href":"https:\/\/www.fjpremium.com\/de\/wp-json\/wp\/v2\/product_tag?post=16098"}],"curies":[{"name":"wp","href":"https:\/\/api.w.org\/{rel}","templated":true}]}}