{"id":16093,"date":"2020-09-09T10:31:00","date_gmt":"2020-09-09T02:31:00","guid":{"rendered":"https:\/\/www.fjpremium.com\/?post_type=product&#038;p=16093"},"modified":"2023-12-14T13:51:48","modified_gmt":"2023-12-14T05:51:48","slug":"dvi-to-vga-hdmi-2-in-1-adapter","status":"publish","type":"product","link":"https:\/\/www.fjpremium.com\/de\/product\/dvi-to-vga-hdmi-2-in-1-adapter\/","title":{"rendered":"4K 1080p 2 in 1 HDMI VGA DVI Adapterkabel"},"content":{"rendered":"<p>Das 2-in-1-HDMI-VGA-DVI-Adapterkabel wurde von Experten entwickelt und verbindet Ihr HDMI-f\u00e4higes Chromebook oder Laptop m\u00fchelos mit einem VGA- oder HDMI-Bildschirm.<\/p>\n<p>Ob Sie eine Diashow oder Streaming-Inhalte pr\u00e4sentieren, die Option, in den Spiegelmodus umzuschalten, sorgt f\u00fcr zus\u00e4tzliche Flexibilit\u00e4t. Und mit der Unterst\u00fctzung von Aufl\u00f6sungen bis zu 1920\u00d71080@60Hz k\u00f6nnen Sie nichts als makellose Klarheit erwarten.<\/p>\n<p>Besonders hervorzuheben ist der integrierte aktive IC-Chip unseres Adapters, der die Kompatibilit\u00e4t zwischen verschiedenen Ger\u00e4ten verbessert.<\/p>\n<p>Seine Spezifikationen:<\/p>\n<ul>\n<li>Adapter Geh\u00e4use: ABS-Schale<\/li>\n<li>Kabel-Leiter: 32AWG Blankes Kupfer<\/li>\n<li>Kabell\u00e4nge: 25cm<\/li>\n<li>Abschirmung: Alufolie, Geflecht<\/li>\n<li>Mantel: PVC<\/li>\n<li>OD: 4.5MM<\/li>\n<li>Konform: RoHS<\/li>\n<li>Verpackung: Rei\u00dfverschlussbeutel<\/li>\n<li>Garantie: 2 Jahre<\/li>\n<\/ul>\n<p>Und dank der vergoldeten Anschl\u00fcsse ist eine optimale Signalqualit\u00e4t jederzeit gew\u00e4hrleistet. Nehmen Sie daher noch heute Kontakt mit uns auf und f\u00fcgen Sie es Ihrem Bestand hinzu.<\/p>","protected":false},"excerpt":{"rendered":"<p>Tauchen Sie ein in die Welt der High-Definition-Klarheit mit dem 2-in-1-HDMI-VGA-DVI-Adapterkabel von FARSINCE und genie\u00dfen Sie lebendige Bilder mit bis zu 1920 x 1080 bei 60 Hz.<\/p>","protected":false},"featured_media":16094,"template":"","meta":{"_acf_changed":false,"_seopress_robots_primary_cat":"","_seopress_titles_title":"Best 4K 1080p 2 in 1 HDMI VGA DVI Adapter Cable - FARSINCE","_seopress_titles_desc":"","_seopress_robots_index":"","site-sidebar-layout":"default","site-content-layout":"default","ast-site-content-layout":"default","site-content-style":"default","site-sidebar-style":"default","ast-global-header-display":"","ast-banner-title-visibility":"","ast-main-header-display":"","ast-hfb-above-header-display":"","ast-hfb-below-header-display":"","ast-hfb-mobile-header-display":"","site-post-title":"","ast-breadcrumbs-content":"","ast-featured-img":"","footer-sml-layout":"","ast-disable-related-posts":"","theme-transparent-header-meta":"default","adv-header-id-meta":"","stick-header-meta":"","header-above-stick-meta":"","header-main-stick-meta":"","header-below-stick-meta":"","astra-migrate-meta-layouts":"set","ast-page-background-enabled":"default","ast-page-background-meta":{"desktop":{"background-color":"","background-image":"","background-repeat":"repeat","background-position":"center center","background-size":"auto","background-attachment":"scroll","background-type":"","background-media":"","overlay-type":"","overlay-color":"","overlay-opacity":"","overlay-gradient":""},"tablet":{"background-color":"","background-image":"","background-repeat":"repeat","background-position":"center center","background-size":"auto","background-attachment":"scroll","background-type":"","background-media":"","overlay-type":"","overlay-color":"","overlay-opacity":"","overlay-gradient":""},"mobile":{"background-color":"","background-image":"","background-repeat":"repeat","background-position":"center center","background-size":"auto","background-attachment":"scroll","background-type":"","background-media":"","overlay-type":"","overlay-color":"","overlay-opacity":"","overlay-gradient":""}},"ast-content-background-meta":{"desktop":{"background-color":"var(--ast-global-color-5)","background-image":"","background-repeat":"repeat","background-position":"center center","background-size":"auto","background-attachment":"scroll","background-type":"","background-media":"","overlay-type":"","overlay-color":"","overlay-opacity":"","overlay-gradient":""},"tablet":{"background-color":"var(--ast-global-color-5)","background-image":"","background-repeat":"repeat","background-position":"center center","background-size":"auto","background-attachment":"scroll","background-type":"","background-media":"","overlay-type":"","overlay-color":"","overlay-opacity":"","overlay-gradient":""},"mobile":{"background-color":"var(--ast-global-color-5)","background-image":"","background-repeat":"repeat","background-position":"center center","background-size":"auto","background-attachment":"scroll","background-type":"","background-media":"","overlay-type":"","overlay-color":"","overlay-opacity":"","overlay-gradient":""}},"iawp_total_views":5},"product_brand":[],"product_cat":[460,211,638],"product_tag":[],"class_list":{"0":"post-16093","1":"product","2":"type-product","3":"status-publish","4":"has-post-thumbnail","6":"product_cat-featured-products","7":"product_cat-hdmi","8":"product_cat-hdmi-cables","9":"desktop-align-left","10":"tablet-align-left","11":"mobile-align-left","13":"first","14":"instock","15":"shipping-taxable","16":"purchasable","17":"product-type-simple"},"acf":[],"_links":{"self":[{"href":"https:\/\/www.fjpremium.com\/de\/wp-json\/wp\/v2\/product\/16093","targetHints":{"allow":["GET"]}}],"collection":[{"href":"https:\/\/www.fjpremium.com\/de\/wp-json\/wp\/v2\/product"}],"about":[{"href":"https:\/\/www.fjpremium.com\/de\/wp-json\/wp\/v2\/types\/product"}],"wp:featuredmedia":[{"embeddable":true,"href":"https:\/\/www.fjpremium.com\/de\/wp-json\/wp\/v2\/media\/16094"}],"wp:attachment":[{"href":"https:\/\/www.fjpremium.com\/de\/wp-json\/wp\/v2\/media?parent=16093"}],"wp:term":[{"taxonomy":"product_brand","embeddable":true,"href":"https:\/\/www.fjpremium.com\/de\/wp-json\/wp\/v2\/product_brand?post=16093"},{"taxonomy":"product_cat","embeddable":true,"href":"https:\/\/www.fjpremium.com\/de\/wp-json\/wp\/v2\/product_cat?post=16093"},{"taxonomy":"product_tag","embeddable":true,"href":"https:\/\/www.fjpremium.com\/de\/wp-json\/wp\/v2\/product_tag?post=16093"}],"curies":[{"name":"wp","href":"https:\/\/api.w.org\/{rel}","templated":true}]}}