{"id":16030,"date":"2020-09-08T10:54:35","date_gmt":"2020-09-08T02:54:35","guid":{"rendered":"https:\/\/www.fjpremium.com\/?post_type=product&#038;p=16030"},"modified":"2023-12-14T13:51:50","modified_gmt":"2023-12-14T05:51:50","slug":"hdmi-to-vga-hdmi-2-in-1-adapter","status":"publish","type":"product","link":"https:\/\/www.fjpremium.com\/de\/product\/hdmi-to-vga-hdmi-2-in-1-adapter\/","title":{"rendered":"HDMI auf HDMI VGA 4k 1080p HDMI 2 in 1 Adapterkabel"},"content":{"rendered":"<p>Das vielseitige Kabel wurde speziell f\u00fcr HDMI-f\u00e4hige Ger\u00e4te wie Chromebooks oder Laptops entwickelt und l\u00e4sst sich nahtlos sowohl mit VGA- als auch mit HDMI-Bildschirmen verbinden.<\/p>\n<p>Mit Aufl\u00f6sungen von bis zu 4K@30Hz f\u00fcr HDMI und atemberaubenden 1920\u00d71080@60Hz f\u00fcr VGA erleben Sie den Gipfel der Anzeigeklarheit.<\/p>\n<p>Unser HDMI 2 in 1-Adapter verf\u00fcgt \u00fcber einen mit Schraubmuttern verst\u00e4rkten VGA-Anschluss und einen avantgardistischen integrierten aktiven IC-Chip und verspricht unvergleichliche Kompatibilit\u00e4t.<\/p>\n<p>Das robuste ABS-Geh\u00e4use, das durch eine sorgf\u00e4ltige Mischung aus Aluminiumfolie und -geflecht verst\u00e4rkt wird, strahlt Langlebigkeit aus.<\/p>\n<p>Seine Spezifikationen:<\/p>\n<ul>\n<li>Kabell\u00e4nge: 25cm<\/li>\n<li>Abschirmung: Alufolie, Geflecht<\/li>\n<li>Mantel: PVC<\/li>\n<li>OD: 4.5MM<\/li>\n<li>Konform: RoHS<\/li>\n<li>Verpackung: Rei\u00dfverschlussbeutel<\/li>\n<li>Garantie: 2 Jahre<\/li>\n<\/ul>\n<p>Dar\u00fcber hinaus stehen die vergoldeten Anschl\u00fcsse, die aus 32AWG blankem Kupfer geformt sind, als Leuchtturm f\u00fcr seine Spitzenleistung. Wenden Sie sich daher noch heute an uns und nehmen Sie sie in Ihren Bestand auf.<\/p>","protected":false},"excerpt":{"rendered":"<p>Der FARSINCE HDMI 2-in-1-Adapter er\u00f6ffnet Ihnen eine neue Dimension der Konnektivit\u00e4t mit atemberaubender 4K@30Hz und 1080p@60Hz Klarheit.<\/p>","protected":false},"featured_media":16085,"template":"","meta":{"_acf_changed":false,"_seopress_robots_primary_cat":"","_seopress_titles_title":"HDMI to HDMI VGA 4k 1080p HDMI 2 in 1 Adapter Cable %%sep%% %%sitetitle%%","_seopress_titles_desc":"","_seopress_robots_index":"","site-sidebar-layout":"default","site-content-layout":"default","ast-site-content-layout":"default","site-content-style":"default","site-sidebar-style":"default","ast-global-header-display":"","ast-banner-title-visibility":"","ast-main-header-display":"","ast-hfb-above-header-display":"","ast-hfb-below-header-display":"","ast-hfb-mobile-header-display":"","site-post-title":"","ast-breadcrumbs-content":"","ast-featured-img":"","footer-sml-layout":"","ast-disable-related-posts":"","theme-transparent-header-meta":"default","adv-header-id-meta":"","stick-header-meta":"","header-above-stick-meta":"","header-main-stick-meta":"","header-below-stick-meta":"","astra-migrate-meta-layouts":"set","ast-page-background-enabled":"default","ast-page-background-meta":{"desktop":{"background-color":"","background-image":"","background-repeat":"repeat","background-position":"center center","background-size":"auto","background-attachment":"scroll","background-type":"","background-media":"","overlay-type":"","overlay-color":"","overlay-opacity":"","overlay-gradient":""},"tablet":{"background-color":"","background-image":"","background-repeat":"repeat","background-position":"center center","background-size":"auto","background-attachment":"scroll","background-type":"","background-media":"","overlay-type":"","overlay-color":"","overlay-opacity":"","overlay-gradient":""},"mobile":{"background-color":"","background-image":"","background-repeat":"repeat","background-position":"center center","background-size":"auto","background-attachment":"scroll","background-type":"","background-media":"","overlay-type":"","overlay-color":"","overlay-opacity":"","overlay-gradient":""}},"ast-content-background-meta":{"desktop":{"background-color":"var(--ast-global-color-5)","background-image":"","background-repeat":"repeat","background-position":"center center","background-size":"auto","background-attachment":"scroll","background-type":"","background-media":"","overlay-type":"","overlay-color":"","overlay-opacity":"","overlay-gradient":""},"tablet":{"background-color":"var(--ast-global-color-5)","background-image":"","background-repeat":"repeat","background-position":"center center","background-size":"auto","background-attachment":"scroll","background-type":"","background-media":"","overlay-type":"","overlay-color":"","overlay-opacity":"","overlay-gradient":""},"mobile":{"background-color":"var(--ast-global-color-5)","background-image":"","background-repeat":"repeat","background-position":"center center","background-size":"auto","background-attachment":"scroll","background-type":"","background-media":"","overlay-type":"","overlay-color":"","overlay-opacity":"","overlay-gradient":""}},"iawp_total_views":5},"product_brand":[],"product_cat":[460,211,638],"product_tag":[],"class_list":{"0":"post-16030","1":"product","2":"type-product","3":"status-publish","4":"has-post-thumbnail","6":"product_cat-featured-products","7":"product_cat-hdmi","8":"product_cat-hdmi-cables","9":"desktop-align-left","10":"tablet-align-left","11":"mobile-align-left","13":"first","14":"instock","15":"shipping-taxable","16":"purchasable","17":"product-type-simple"},"acf":[],"_links":{"self":[{"href":"https:\/\/www.fjpremium.com\/de\/wp-json\/wp\/v2\/product\/16030","targetHints":{"allow":["GET"]}}],"collection":[{"href":"https:\/\/www.fjpremium.com\/de\/wp-json\/wp\/v2\/product"}],"about":[{"href":"https:\/\/www.fjpremium.com\/de\/wp-json\/wp\/v2\/types\/product"}],"wp:featuredmedia":[{"embeddable":true,"href":"https:\/\/www.fjpremium.com\/de\/wp-json\/wp\/v2\/media\/16085"}],"wp:attachment":[{"href":"https:\/\/www.fjpremium.com\/de\/wp-json\/wp\/v2\/media?parent=16030"}],"wp:term":[{"taxonomy":"product_brand","embeddable":true,"href":"https:\/\/www.fjpremium.com\/de\/wp-json\/wp\/v2\/product_brand?post=16030"},{"taxonomy":"product_cat","embeddable":true,"href":"https:\/\/www.fjpremium.com\/de\/wp-json\/wp\/v2\/product_cat?post=16030"},{"taxonomy":"product_tag","embeddable":true,"href":"https:\/\/www.fjpremium.com\/de\/wp-json\/wp\/v2\/product_tag?post=16030"}],"curies":[{"name":"wp","href":"https:\/\/api.w.org\/{rel}","templated":true}]}}