{"id":16029,"date":"2020-09-08T10:54:34","date_gmt":"2020-09-08T02:54:34","guid":{"rendered":"https:\/\/www.fjpremium.com\/?post_type=product&#038;p=16029"},"modified":"2023-12-14T13:51:50","modified_gmt":"2023-12-14T05:51:50","slug":"vga-to-hdmi-coupler","status":"publish","type":"product","link":"https:\/\/www.fjpremium.com\/de\/product\/vga-to-hdmi-coupler\/","title":{"rendered":"Amazon Hot Selling 2023 Konverter VGA-Adapter auf HDMI"},"content":{"rendered":"<p>Unser perfekt entwickelter Konverter stellt m\u00fchelos eine Verbindung zwischen Ihrem PC oder Laptop und einem HDMI-Display her. Dank der Stereobuchse k\u00f6nnen Sie die Qualit\u00e4t nicht nur sehen, sondern auch h\u00f6ren, denn sie \u00fcbertr\u00e4gt einwandfreie Audiosignale ohne Umschweife.<\/p>\n<p>Au\u00dferdem gibt es keinen Kabelsalat mehr, denn dank des ausgekl\u00fcgelten USB-betriebenen Designs sind keine zus\u00e4tzlichen Netzteile erforderlich.<\/p>\n<p>Dieser VGA-Adapter f\u00fcr HDMI bietet kristallklare Bilder mit einer Aufl\u00f6sung von 1920 x 1080. Egal, ob Sie das umh\u00fcllende Gef\u00fchl von Dolby TrueHD oder die Pr\u00e4zision von DTS-HD Master Audio bevorzugen, es ist f\u00fcr Sie da.<\/p>\n<p>Seine Spezifikationen:<\/p>\n<ul>\n<li>Vergoldeter Kontakt, vergoldetes Geh\u00e4use<\/li>\n<li>Kabel-Leiter: Blanke Kupfer<\/li>\n<li>Drahtst\u00e4rke: 32AWG<\/li>\n<li>Abschirmung: Alufolie, Geflecht<\/li>\n<li>Mantel: PVC<\/li>\n<li>Konform: RoHS, REACH<\/li>\n<\/ul>\n<p>Die Unabh\u00e4ngigkeit vom Betriebssystem und die treiberlose Installation versprechen zudem ein Plug-and-Play-Erlebnis. Nehmen Sie daher noch heute Kontakt mit uns auf und investieren Sie in das Produkt.<\/p>","protected":false},"excerpt":{"rendered":"<p>Erh\u00f6hen Sie das Anzeigeerlebnis mit dem zukunftsweisenden VGA-Adapter auf HDMI von FARSINCE, dem aktuellen Verkaufsschlager des Jahres 2023 auf Amazon, mit ultraklarem Bild, tadellosem Ton und m\u00fcheloser Einrichtung.<\/p>","protected":false},"featured_media":16077,"template":"","meta":{"_acf_changed":false,"_seopress_robots_primary_cat":"","_seopress_titles_title":"Converter VGA Adaptor to HDMI - Farsince","_seopress_titles_desc":"Elevate display experience with FARSINCE&#039;s trend-setting VGA adaptor to HDMI, currently the hot seller of 2023 on Amazon, featuring ultra-clear visuals.","_seopress_robots_index":"","site-sidebar-layout":"default","site-content-layout":"default","ast-site-content-layout":"default","site-content-style":"default","site-sidebar-style":"default","ast-global-header-display":"","ast-banner-title-visibility":"","ast-main-header-display":"","ast-hfb-above-header-display":"","ast-hfb-below-header-display":"","ast-hfb-mobile-header-display":"","site-post-title":"","ast-breadcrumbs-content":"","ast-featured-img":"","footer-sml-layout":"","ast-disable-related-posts":"","theme-transparent-header-meta":"default","adv-header-id-meta":"","stick-header-meta":"","header-above-stick-meta":"","header-main-stick-meta":"","header-below-stick-meta":"","astra-migrate-meta-layouts":"set","ast-page-background-enabled":"default","ast-page-background-meta":{"desktop":{"background-color":"","background-image":"","background-repeat":"repeat","background-position":"center center","background-size":"auto","background-attachment":"scroll","background-type":"","background-media":"","overlay-type":"","overlay-color":"","overlay-opacity":"","overlay-gradient":""},"tablet":{"background-color":"","background-image":"","background-repeat":"repeat","background-position":"center center","background-size":"auto","background-attachment":"scroll","background-type":"","background-media":"","overlay-type":"","overlay-color":"","overlay-opacity":"","overlay-gradient":""},"mobile":{"background-color":"","background-image":"","background-repeat":"repeat","background-position":"center center","background-size":"auto","background-attachment":"scroll","background-type":"","background-media":"","overlay-type":"","overlay-color":"","overlay-opacity":"","overlay-gradient":""}},"ast-content-background-meta":{"desktop":{"background-color":"var(--ast-global-color-5)","background-image":"","background-repeat":"repeat","background-position":"center center","background-size":"auto","background-attachment":"scroll","background-type":"","background-media":"","overlay-type":"","overlay-color":"","overlay-opacity":"","overlay-gradient":""},"tablet":{"background-color":"var(--ast-global-color-5)","background-image":"","background-repeat":"repeat","background-position":"center center","background-size":"auto","background-attachment":"scroll","background-type":"","background-media":"","overlay-type":"","overlay-color":"","overlay-opacity":"","overlay-gradient":""},"mobile":{"background-color":"var(--ast-global-color-5)","background-image":"","background-repeat":"repeat","background-position":"center center","background-size":"auto","background-attachment":"scroll","background-type":"","background-media":"","overlay-type":"","overlay-color":"","overlay-opacity":"","overlay-gradient":""}},"iawp_total_views":7},"product_brand":[],"product_cat":[460,211,638],"product_tag":[],"class_list":{"0":"post-16029","1":"product","2":"type-product","3":"status-publish","4":"has-post-thumbnail","6":"product_cat-featured-products","7":"product_cat-hdmi","8":"product_cat-hdmi-cables","9":"desktop-align-left","10":"tablet-align-left","11":"mobile-align-left","13":"first","14":"instock","15":"shipping-taxable","16":"purchasable","17":"product-type-simple"},"acf":[],"_links":{"self":[{"href":"https:\/\/www.fjpremium.com\/de\/wp-json\/wp\/v2\/product\/16029","targetHints":{"allow":["GET"]}}],"collection":[{"href":"https:\/\/www.fjpremium.com\/de\/wp-json\/wp\/v2\/product"}],"about":[{"href":"https:\/\/www.fjpremium.com\/de\/wp-json\/wp\/v2\/types\/product"}],"wp:featuredmedia":[{"embeddable":true,"href":"https:\/\/www.fjpremium.com\/de\/wp-json\/wp\/v2\/media\/16077"}],"wp:attachment":[{"href":"https:\/\/www.fjpremium.com\/de\/wp-json\/wp\/v2\/media?parent=16029"}],"wp:term":[{"taxonomy":"product_brand","embeddable":true,"href":"https:\/\/www.fjpremium.com\/de\/wp-json\/wp\/v2\/product_brand?post=16029"},{"taxonomy":"product_cat","embeddable":true,"href":"https:\/\/www.fjpremium.com\/de\/wp-json\/wp\/v2\/product_cat?post=16029"},{"taxonomy":"product_tag","embeddable":true,"href":"https:\/\/www.fjpremium.com\/de\/wp-json\/wp\/v2\/product_tag?post=16029"}],"curies":[{"name":"wp","href":"https:\/\/api.w.org\/{rel}","templated":true}]}}