{"id":16025,"date":"2020-09-08T10:54:31","date_gmt":"2020-09-08T02:54:31","guid":{"rendered":"https:\/\/www.fjpremium.com\/?post_type=product&#038;p=16025"},"modified":"2023-12-14T13:51:53","modified_gmt":"2023-12-14T05:51:53","slug":"hdmi-to-vga-adapter-cable-with-audio-and-power-1-8m","status":"publish","type":"product","link":"https:\/\/www.fjpremium.com\/de\/product\/hdmi-to-vga-adapter-cable-with-audio-and-power-1-8m\/","title":{"rendered":"1.8m HDMI Stecker zu VGA 15pin Stecker Monitor Display Video Adapter Kabel mit Audio"},"content":{"rendered":"<p>Dieses Kabel verspricht eine nahtlose Integration zwischen modernen HDMI-f\u00e4higen Ger\u00e4ten wie Chromebooks oder Laptops und zuverl\u00e4ssigen VGA-Bildschirmen.<\/p>\n<p>Jedes Bild, jedes Pixel, wird in unvergleichlicher Klarheit zum Leben erweckt. Au\u00dferdem wird die digitale Leistungsf\u00e4higkeit von HDMI mit der analogen Tiefe von VGA kombiniert, die durch einen klangvollen Stereoton verst\u00e4rkt wird.<\/p>\n<p>Das 1,8 m lange Videoadapterkabel ist mit vergoldeten Steckern ausgestattet und mit einer robusten PVC-Ummantelung versehen, die eine lange Lebensdauer garantiert.<\/p>\n<p>Der eingebaute aktive IC-Chip sorgt f\u00fcr optimale Kompatibilit\u00e4t, und f\u00fcr Ger\u00e4te, die etwas mehr Strom ben\u00f6tigen, steht das Micro-USB-Kabel bereit.<\/p>\n<p>Seine Spezifikationen:<\/p>\n<ul>\n<li>Kabelgeh\u00e4use: Kunststoff-Spritzgussform<\/li>\n<li>Kabel-Leiter: 30AWG Blankes Kupfer<\/li>\n<li>Abschirmung: Alufolie, Geflecht<\/li>\n<li>OD: 4.5MM<\/li>\n<li>Aufl\u00f6sung: 1920*1080@60Hz<\/li>\n<\/ul>\n<p>Jedes Kabel wird mit einer 2-Jahres-Garantie geliefert, ist ordentlich in einem Rei\u00dfverschlussbeutel verpackt und als RoHS- und REACH-konform zertifiziert. Nehmen Sie also noch heute Kontakt mit uns auf und investieren Sie in dieses Produkt.<\/p>","protected":false},"excerpt":{"rendered":"<div>\n<div class=\"notranslate\" contenteditable=\"true\" spellcheck=\"true\" data-root=\"true\">Entdecken Sie die nahtlose 1080p HD-Integration mit dem Videoadapterkabel von FARSINCE, ausgestattet mit einer 2-Jahres-Garantie und verspricht un\u00fcbertroffene Kompatibilit\u00e4t.<\/div>\n<\/div>","protected":false},"featured_media":16045,"template":"","meta":{"_acf_changed":false,"_seopress_robots_primary_cat":"","_seopress_titles_title":"HDMI Male to VGA 15pin Male Monitor Display Video Adapter Cable %%sep%% %%sitetitle%%","_seopress_titles_desc":"","_seopress_robots_index":"","site-sidebar-layout":"default","site-content-layout":"default","ast-site-content-layout":"default","site-content-style":"default","site-sidebar-style":"default","ast-global-header-display":"","ast-banner-title-visibility":"","ast-main-header-display":"","ast-hfb-above-header-display":"","ast-hfb-below-header-display":"","ast-hfb-mobile-header-display":"","site-post-title":"","ast-breadcrumbs-content":"","ast-featured-img":"","footer-sml-layout":"","ast-disable-related-posts":"","theme-transparent-header-meta":"default","adv-header-id-meta":"","stick-header-meta":"","header-above-stick-meta":"","header-main-stick-meta":"","header-below-stick-meta":"","astra-migrate-meta-layouts":"set","ast-page-background-enabled":"default","ast-page-background-meta":{"desktop":{"background-color":"","background-image":"","background-repeat":"repeat","background-position":"center center","background-size":"auto","background-attachment":"scroll","background-type":"","background-media":"","overlay-type":"","overlay-color":"","overlay-opacity":"","overlay-gradient":""},"tablet":{"background-color":"","background-image":"","background-repeat":"repeat","background-position":"center center","background-size":"auto","background-attachment":"scroll","background-type":"","background-media":"","overlay-type":"","overlay-color":"","overlay-opacity":"","overlay-gradient":""},"mobile":{"background-color":"","background-image":"","background-repeat":"repeat","background-position":"center center","background-size":"auto","background-attachment":"scroll","background-type":"","background-media":"","overlay-type":"","overlay-color":"","overlay-opacity":"","overlay-gradient":""}},"ast-content-background-meta":{"desktop":{"background-color":"var(--ast-global-color-5)","background-image":"","background-repeat":"repeat","background-position":"center center","background-size":"auto","background-attachment":"scroll","background-type":"","background-media":"","overlay-type":"","overlay-color":"","overlay-opacity":"","overlay-gradient":""},"tablet":{"background-color":"var(--ast-global-color-5)","background-image":"","background-repeat":"repeat","background-position":"center center","background-size":"auto","background-attachment":"scroll","background-type":"","background-media":"","overlay-type":"","overlay-color":"","overlay-opacity":"","overlay-gradient":""},"mobile":{"background-color":"var(--ast-global-color-5)","background-image":"","background-repeat":"repeat","background-position":"center center","background-size":"auto","background-attachment":"scroll","background-type":"","background-media":"","overlay-type":"","overlay-color":"","overlay-opacity":"","overlay-gradient":""}},"iawp_total_views":7},"product_brand":[],"product_cat":[460,211,638],"product_tag":[],"class_list":{"0":"post-16025","1":"product","2":"type-product","3":"status-publish","4":"has-post-thumbnail","6":"product_cat-featured-products","7":"product_cat-hdmi","8":"product_cat-hdmi-cables","9":"desktop-align-left","10":"tablet-align-left","11":"mobile-align-left","13":"first","14":"instock","15":"shipping-taxable","16":"purchasable","17":"product-type-simple"},"acf":[],"_links":{"self":[{"href":"https:\/\/www.fjpremium.com\/de\/wp-json\/wp\/v2\/product\/16025","targetHints":{"allow":["GET"]}}],"collection":[{"href":"https:\/\/www.fjpremium.com\/de\/wp-json\/wp\/v2\/product"}],"about":[{"href":"https:\/\/www.fjpremium.com\/de\/wp-json\/wp\/v2\/types\/product"}],"wp:featuredmedia":[{"embeddable":true,"href":"https:\/\/www.fjpremium.com\/de\/wp-json\/wp\/v2\/media\/16045"}],"wp:attachment":[{"href":"https:\/\/www.fjpremium.com\/de\/wp-json\/wp\/v2\/media?parent=16025"}],"wp:term":[{"taxonomy":"product_brand","embeddable":true,"href":"https:\/\/www.fjpremium.com\/de\/wp-json\/wp\/v2\/product_brand?post=16025"},{"taxonomy":"product_cat","embeddable":true,"href":"https:\/\/www.fjpremium.com\/de\/wp-json\/wp\/v2\/product_cat?post=16025"},{"taxonomy":"product_tag","embeddable":true,"href":"https:\/\/www.fjpremium.com\/de\/wp-json\/wp\/v2\/product_tag?post=16025"}],"curies":[{"name":"wp","href":"https:\/\/api.w.org\/{rel}","templated":true}]}}