{"id":16024,"date":"2020-09-08T10:54:29","date_gmt":"2020-09-08T02:54:29","guid":{"rendered":"https:\/\/www.fjpremium.com\/?post_type=product&#038;p=16024"},"modified":"2023-12-14T13:51:53","modified_gmt":"2023-12-14T05:51:53","slug":"micro-hdmi-to-vga-adapter-cable-conerter","status":"publish","type":"product","link":"https:\/\/www.fjpremium.com\/de\/product\/micro-hdmi-to-vga-adapter-cable-conerter\/","title":{"rendered":"Gro\u00dfhandel Stecker zu Buchse Micro HDMI zu VGA 15 Pin Monitor Adapter 1080p"},"content":{"rendered":"<p>Unser Adapter verbindet m\u00fchelos Micro HDMI-f\u00e4hige Ger\u00e4te wie Kameras mit herk\u00f6mmlichen VGA-Bildschirmen. Keine Kompromisse mehr bei der Qualit\u00e4t; es werden brillante 1080p Full HD-Pr\u00e4sentationen mit sattem Stereo-Audio erreicht.<\/p>\n<p>Nicht alle Ger\u00e4te haben eine hohe Leistung. Manche brauchen ein bisschen mehr, und da kommt das mitgelieferte Micro-USB-Kabel ins Spiel und sorgt f\u00fcr den n\u00f6tigen Schub.<\/p>\n<p>Seine Spezifikationen:<\/p>\n<ul>\n<li>Kabel-Leiter: Blanke Kupfer<\/li>\n<li>Drahtst\u00e4rke: 32AWG<\/li>\n<li>Kabell\u00e4nge: 25cm<\/li>\n<li>Abschirmung: Alufolie, Geflecht<\/li>\n<li>Mantel: PVC<\/li>\n<\/ul>\n<p>Au\u00dferdem ist dieser 15-Pin-Monitoradapter f\u00fcr Perfektion vergoldet, mit einem aktiven IC-Chip f\u00fcr un\u00fcbertroffene Kompatibilit\u00e4t ausgestattet und konform mit RoHS und REACH.<\/p>\n<p>Setzen Sie sich also noch heute mit uns in Verbindung und nehmen Sie es in Ihren Bestand auf.<\/p>","protected":false},"excerpt":{"rendered":"<p>Wir pr\u00e4sentieren den FARSINCE Micro HDMI zu VGA 15 Pin Monitor Adapter, der 1080p HD Klarheit und hervorragende Kompatibilit\u00e4t garantiert.<\/p>","protected":false},"featured_media":16037,"template":"","meta":{"_acf_changed":false,"_seopress_robots_primary_cat":"","_seopress_titles_title":"Micro HDMI to VGA 15 pin Monitor Adapter 1080p %%sep%% %%sitetitle%%","_seopress_titles_desc":"","_seopress_robots_index":"","site-sidebar-layout":"default","site-content-layout":"default","ast-site-content-layout":"default","site-content-style":"default","site-sidebar-style":"default","ast-global-header-display":"","ast-banner-title-visibility":"","ast-main-header-display":"","ast-hfb-above-header-display":"","ast-hfb-below-header-display":"","ast-hfb-mobile-header-display":"","site-post-title":"","ast-breadcrumbs-content":"","ast-featured-img":"","footer-sml-layout":"","ast-disable-related-posts":"","theme-transparent-header-meta":"default","adv-header-id-meta":"","stick-header-meta":"","header-above-stick-meta":"","header-main-stick-meta":"","header-below-stick-meta":"","astra-migrate-meta-layouts":"set","ast-page-background-enabled":"default","ast-page-background-meta":{"desktop":{"background-color":"","background-image":"","background-repeat":"repeat","background-position":"center center","background-size":"auto","background-attachment":"scroll","background-type":"","background-media":"","overlay-type":"","overlay-color":"","overlay-opacity":"","overlay-gradient":""},"tablet":{"background-color":"","background-image":"","background-repeat":"repeat","background-position":"center center","background-size":"auto","background-attachment":"scroll","background-type":"","background-media":"","overlay-type":"","overlay-color":"","overlay-opacity":"","overlay-gradient":""},"mobile":{"background-color":"","background-image":"","background-repeat":"repeat","background-position":"center center","background-size":"auto","background-attachment":"scroll","background-type":"","background-media":"","overlay-type":"","overlay-color":"","overlay-opacity":"","overlay-gradient":""}},"ast-content-background-meta":{"desktop":{"background-color":"var(--ast-global-color-5)","background-image":"","background-repeat":"repeat","background-position":"center center","background-size":"auto","background-attachment":"scroll","background-type":"","background-media":"","overlay-type":"","overlay-color":"","overlay-opacity":"","overlay-gradient":""},"tablet":{"background-color":"var(--ast-global-color-5)","background-image":"","background-repeat":"repeat","background-position":"center center","background-size":"auto","background-attachment":"scroll","background-type":"","background-media":"","overlay-type":"","overlay-color":"","overlay-opacity":"","overlay-gradient":""},"mobile":{"background-color":"var(--ast-global-color-5)","background-image":"","background-repeat":"repeat","background-position":"center center","background-size":"auto","background-attachment":"scroll","background-type":"","background-media":"","overlay-type":"","overlay-color":"","overlay-opacity":"","overlay-gradient":""}},"iawp_total_views":5},"product_brand":[],"product_cat":[460,211,638],"product_tag":[],"class_list":{"0":"post-16024","1":"product","2":"type-product","3":"status-publish","4":"has-post-thumbnail","6":"product_cat-featured-products","7":"product_cat-hdmi","8":"product_cat-hdmi-cables","9":"desktop-align-left","10":"tablet-align-left","11":"mobile-align-left","13":"first","14":"instock","15":"shipping-taxable","16":"purchasable","17":"product-type-simple"},"acf":[],"_links":{"self":[{"href":"https:\/\/www.fjpremium.com\/de\/wp-json\/wp\/v2\/product\/16024","targetHints":{"allow":["GET"]}}],"collection":[{"href":"https:\/\/www.fjpremium.com\/de\/wp-json\/wp\/v2\/product"}],"about":[{"href":"https:\/\/www.fjpremium.com\/de\/wp-json\/wp\/v2\/types\/product"}],"wp:featuredmedia":[{"embeddable":true,"href":"https:\/\/www.fjpremium.com\/de\/wp-json\/wp\/v2\/media\/16037"}],"wp:attachment":[{"href":"https:\/\/www.fjpremium.com\/de\/wp-json\/wp\/v2\/media?parent=16024"}],"wp:term":[{"taxonomy":"product_brand","embeddable":true,"href":"https:\/\/www.fjpremium.com\/de\/wp-json\/wp\/v2\/product_brand?post=16024"},{"taxonomy":"product_cat","embeddable":true,"href":"https:\/\/www.fjpremium.com\/de\/wp-json\/wp\/v2\/product_cat?post=16024"},{"taxonomy":"product_tag","embeddable":true,"href":"https:\/\/www.fjpremium.com\/de\/wp-json\/wp\/v2\/product_tag?post=16024"}],"curies":[{"name":"wp","href":"https:\/\/api.w.org\/{rel}","templated":true}]}}