{"id":16023,"date":"2020-09-08T10:54:28","date_gmt":"2020-09-08T02:54:28","guid":{"rendered":"https:\/\/www.fjpremium.com\/?post_type=product&#038;p=16023"},"modified":"2023-12-14T13:51:54","modified_gmt":"2023-12-14T05:51:54","slug":"mini-hdmi-to-vga-adapter-cable-conerter","status":"publish","type":"product","link":"https:\/\/www.fjpremium.com\/de\/product\/mini-hdmi-to-vga-adapter-cable-conerter\/","title":{"rendered":"Gro\u00dfhandel Stecker zu Buchse Mini HDMI zu VGA Adapter 15pin Video Display Adapter 1080P"},"content":{"rendered":"<p>Der Adapter wurde f\u00fcr alle entwickelt, die Wert auf Funktionalit\u00e4t und Qualit\u00e4t legen und schlie\u00dft die L\u00fccke zwischen Mini-HDMI- und VGA-Technologien.<\/p>\n<p>Er verleiht Ihrem VGA-Monitor ein neues Leben, indem er ihn an ein modernes Ger\u00e4t mit einer Mini-HDMI-C-Schnittstelle anschlie\u00dft. Ob f\u00fcr hochwertige Pr\u00e4sentationen oder eine leistungsstarke visuelle Darstellung, er sorgt f\u00fcr Klarheit und Pr\u00e4zision.<\/p>\n<p>Unser Mini-HDMI-zu-VGA-Adapter mit einer Full-HD-Aufl\u00f6sung von 1080p wandelt digitale Signale nahtlos in ihre analogen Gegenst\u00fccke um und verst\u00e4rkt den Ton durch eine Stereo-Signalumwandlung.<\/p>\n<p>Die vergoldeten Kontakte garantieren eine einwandfreie Verbindung, w\u00e4hrend der aktive IC-Chip f\u00fcr un\u00fcbertroffene Kompatibilit\u00e4t sorgt.<\/p>\n<p>Seine Spezifikationen:<\/p>\n<ul>\n<li>Kabel-Leiter: Blanke Kupfer<\/li>\n<li>Drahtst\u00e4rke: 32AWG<\/li>\n<li>Kabell\u00e4nge: 25cm<\/li>\n<li>Abschirmung: Alufolie, Geflecht<\/li>\n<li>Mantel: PVC<\/li>\n<\/ul>\n<p>Dar\u00fcber hinaus ist er RoHS- und REACH-konform. Kurz gesagt, kontaktieren Sie uns noch heute und machen Sie diesen Adapter zu einem Teil Ihres Inventars.<\/p>","protected":false},"excerpt":{"rendered":"<p>Mit dem FARSINCE Mini-HDMI-zu-VGA-Adapter, der eine HD-Aufl\u00f6sung von 1080p und einwandfreie Kompatibilit\u00e4t bietet, k\u00f6nnen Sie die Welt der High-Definition-Displays entdecken.<\/p>","protected":false},"featured_media":23941,"template":"","meta":{"_acf_changed":false,"_seopress_robots_primary_cat":"","_seopress_titles_title":"Wholesale Male to Female Mini HDMI to VGA Adapter  %%sep%% %%sitetitle%%","_seopress_titles_desc":"","_seopress_robots_index":"","site-sidebar-layout":"default","site-content-layout":"default","ast-site-content-layout":"default","site-content-style":"default","site-sidebar-style":"default","ast-global-header-display":"","ast-banner-title-visibility":"","ast-main-header-display":"","ast-hfb-above-header-display":"","ast-hfb-below-header-display":"","ast-hfb-mobile-header-display":"","site-post-title":"","ast-breadcrumbs-content":"","ast-featured-img":"","footer-sml-layout":"","ast-disable-related-posts":"","theme-transparent-header-meta":"default","adv-header-id-meta":"","stick-header-meta":"","header-above-stick-meta":"","header-main-stick-meta":"","header-below-stick-meta":"","astra-migrate-meta-layouts":"set","ast-page-background-enabled":"default","ast-page-background-meta":{"desktop":{"background-color":"","background-image":"","background-repeat":"repeat","background-position":"center center","background-size":"auto","background-attachment":"scroll","background-type":"","background-media":"","overlay-type":"","overlay-color":"","overlay-opacity":"","overlay-gradient":""},"tablet":{"background-color":"","background-image":"","background-repeat":"repeat","background-position":"center center","background-size":"auto","background-attachment":"scroll","background-type":"","background-media":"","overlay-type":"","overlay-color":"","overlay-opacity":"","overlay-gradient":""},"mobile":{"background-color":"","background-image":"","background-repeat":"repeat","background-position":"center center","background-size":"auto","background-attachment":"scroll","background-type":"","background-media":"","overlay-type":"","overlay-color":"","overlay-opacity":"","overlay-gradient":""}},"ast-content-background-meta":{"desktop":{"background-color":"var(--ast-global-color-5)","background-image":"","background-repeat":"repeat","background-position":"center center","background-size":"auto","background-attachment":"scroll","background-type":"","background-media":"","overlay-type":"","overlay-color":"","overlay-opacity":"","overlay-gradient":""},"tablet":{"background-color":"var(--ast-global-color-5)","background-image":"","background-repeat":"repeat","background-position":"center center","background-size":"auto","background-attachment":"scroll","background-type":"","background-media":"","overlay-type":"","overlay-color":"","overlay-opacity":"","overlay-gradient":""},"mobile":{"background-color":"var(--ast-global-color-5)","background-image":"","background-repeat":"repeat","background-position":"center center","background-size":"auto","background-attachment":"scroll","background-type":"","background-media":"","overlay-type":"","overlay-color":"","overlay-opacity":"","overlay-gradient":""}},"iawp_total_views":4},"product_brand":[],"product_cat":[460,211,638],"product_tag":[],"class_list":{"0":"post-16023","1":"product","2":"type-product","3":"status-publish","4":"has-post-thumbnail","6":"product_cat-featured-products","7":"product_cat-hdmi","8":"product_cat-hdmi-cables","9":"desktop-align-left","10":"tablet-align-left","11":"mobile-align-left","13":"first","14":"instock","15":"shipping-taxable","16":"purchasable","17":"product-type-simple"},"acf":[],"_links":{"self":[{"href":"https:\/\/www.fjpremium.com\/de\/wp-json\/wp\/v2\/product\/16023","targetHints":{"allow":["GET"]}}],"collection":[{"href":"https:\/\/www.fjpremium.com\/de\/wp-json\/wp\/v2\/product"}],"about":[{"href":"https:\/\/www.fjpremium.com\/de\/wp-json\/wp\/v2\/types\/product"}],"wp:featuredmedia":[{"embeddable":true,"href":"https:\/\/www.fjpremium.com\/de\/wp-json\/wp\/v2\/media\/23941"}],"wp:attachment":[{"href":"https:\/\/www.fjpremium.com\/de\/wp-json\/wp\/v2\/media?parent=16023"}],"wp:term":[{"taxonomy":"product_brand","embeddable":true,"href":"https:\/\/www.fjpremium.com\/de\/wp-json\/wp\/v2\/product_brand?post=16023"},{"taxonomy":"product_cat","embeddable":true,"href":"https:\/\/www.fjpremium.com\/de\/wp-json\/wp\/v2\/product_cat?post=16023"},{"taxonomy":"product_tag","embeddable":true,"href":"https:\/\/www.fjpremium.com\/de\/wp-json\/wp\/v2\/product_tag?post=16023"}],"curies":[{"name":"wp","href":"https:\/\/api.w.org\/{rel}","templated":true}]}}