{"id":16011,"date":"2020-09-08T10:47:42","date_gmt":"2020-09-08T02:47:42","guid":{"rendered":"https:\/\/www.fjpremium.com\/?post_type=product&#038;p=16011"},"modified":"2023-12-22T17:13:55","modified_gmt":"2023-12-22T09:13:55","slug":"micro-hdmi-male-to-hdmi-female-adapter-cable","status":"publish","type":"product","link":"https:\/\/www.fjpremium.com\/de\/product\/micro-hdmi-male-to-hdmi-female-adapter-cable\/","title":{"rendered":"Stecker zu Buchse Micro HDMI Adapter Kabel 4K"},"content":{"rendered":"<p>Dieses Micro-HDMI-Adapterkabel entspricht den neuesten HDMI-Protokollen und verspricht eine schnelle Daten\u00fcbertragung sowie hervorragende Audio-, Video- und Internet-Interaktionen.<\/p>\n<p>Sein Micro-HDMI-D-Anschluss, der speziell f\u00fcr moderne Mobiltelefone und Digitalkameras entwickelt wurde, erm\u00f6glicht m\u00fchelos die \u00dcbertragung von lebendigen Videos und scharfen Bildern. Und er spiegelt auch die Online-Inhalte Ihres Smartphones auf einen gr\u00f6\u00dferen Bildschirm.<\/p>\n<p>Das Kabel ist so konzipiert, dass es die unterschiedlichsten Anforderungen erf\u00fcllt und Aufl\u00f6sungen von kinoreifen 4K 60Hz bis hin zu 480i abdeckt.<\/p>\n<p>Von der 3D-Unterst\u00fctzung und der F\u00fclle von True HD Dolby 7.1 bis hin zur universellen Kompatibilit\u00e4t mit Ger\u00e4ten von GoPro, Lenovo, Sony und anderen - sie ist der Inbegriff von Flexibilit\u00e4t und Effizienz.<\/p>\n<p>Seine Spezifikationen:<\/p>\n<ul>\n<li>Kabel-Leiter: Hochreines sauerstofffreies Kupfer<\/li>\n<li>Drahtst\u00e4rke: 32AWG<\/li>\n<li>Isolierung: HDPE<\/li>\n<li>Mantel: PVC<\/li>\n<li>Konform: RoHS, REACH<\/li>\n<\/ul>\n<p>Mit vergoldeter Pr\u00e4zision und strenger Abschirmung ist Langlebigkeit eine Selbstverst\u00e4ndlichkeit. Wenden Sie sich daher noch heute an uns und bestellen Sie es.<\/p>","protected":false},"excerpt":{"rendered":"<p>Erleben Sie unvergleichliche digitale Konnektivit\u00e4t mit dem Micro-HDMI-Adapterkabel von FARSINCE mit 4K-Bild, Kompatibilit\u00e4t mit mehreren Ger\u00e4ten und erstklassiger Verarbeitung.<\/p>","protected":false},"featured_media":24196,"template":"","meta":{"_acf_changed":false,"_seopress_robots_primary_cat":"","_seopress_titles_title":"Male to Female Micro HDMI Adapters Cable 4K - FARSINCE","_seopress_titles_desc":"","_seopress_robots_index":"","site-sidebar-layout":"default","site-content-layout":"default","ast-site-content-layout":"default","site-content-style":"default","site-sidebar-style":"default","ast-global-header-display":"","ast-banner-title-visibility":"","ast-main-header-display":"","ast-hfb-above-header-display":"","ast-hfb-below-header-display":"","ast-hfb-mobile-header-display":"","site-post-title":"","ast-breadcrumbs-content":"","ast-featured-img":"","footer-sml-layout":"","ast-disable-related-posts":"","theme-transparent-header-meta":"default","adv-header-id-meta":"","stick-header-meta":"","header-above-stick-meta":"","header-main-stick-meta":"","header-below-stick-meta":"","astra-migrate-meta-layouts":"set","ast-page-background-enabled":"default","ast-page-background-meta":{"desktop":{"background-color":"","background-image":"","background-repeat":"repeat","background-position":"center center","background-size":"auto","background-attachment":"scroll","background-type":"","background-media":"","overlay-type":"","overlay-color":"","overlay-opacity":"","overlay-gradient":""},"tablet":{"background-color":"","background-image":"","background-repeat":"repeat","background-position":"center center","background-size":"auto","background-attachment":"scroll","background-type":"","background-media":"","overlay-type":"","overlay-color":"","overlay-opacity":"","overlay-gradient":""},"mobile":{"background-color":"","background-image":"","background-repeat":"repeat","background-position":"center center","background-size":"auto","background-attachment":"scroll","background-type":"","background-media":"","overlay-type":"","overlay-color":"","overlay-opacity":"","overlay-gradient":""}},"ast-content-background-meta":{"desktop":{"background-color":"var(--ast-global-color-5)","background-image":"","background-repeat":"repeat","background-position":"center center","background-size":"auto","background-attachment":"scroll","background-type":"","background-media":"","overlay-type":"","overlay-color":"","overlay-opacity":"","overlay-gradient":""},"tablet":{"background-color":"var(--ast-global-color-5)","background-image":"","background-repeat":"repeat","background-position":"center center","background-size":"auto","background-attachment":"scroll","background-type":"","background-media":"","overlay-type":"","overlay-color":"","overlay-opacity":"","overlay-gradient":""},"mobile":{"background-color":"var(--ast-global-color-5)","background-image":"","background-repeat":"repeat","background-position":"center center","background-size":"auto","background-attachment":"scroll","background-type":"","background-media":"","overlay-type":"","overlay-color":"","overlay-opacity":"","overlay-gradient":""}},"iawp_total_views":8},"product_brand":[],"product_cat":[211,638],"product_tag":[],"class_list":{"0":"post-16011","1":"product","2":"type-product","3":"status-publish","4":"has-post-thumbnail","6":"product_cat-hdmi","7":"product_cat-hdmi-cables","8":"desktop-align-left","9":"tablet-align-left","10":"mobile-align-left","12":"first","13":"instock","14":"shipping-taxable","15":"purchasable","16":"product-type-simple"},"acf":[],"_links":{"self":[{"href":"https:\/\/www.fjpremium.com\/de\/wp-json\/wp\/v2\/product\/16011","targetHints":{"allow":["GET"]}}],"collection":[{"href":"https:\/\/www.fjpremium.com\/de\/wp-json\/wp\/v2\/product"}],"about":[{"href":"https:\/\/www.fjpremium.com\/de\/wp-json\/wp\/v2\/types\/product"}],"wp:featuredmedia":[{"embeddable":true,"href":"https:\/\/www.fjpremium.com\/de\/wp-json\/wp\/v2\/media\/24196"}],"wp:attachment":[{"href":"https:\/\/www.fjpremium.com\/de\/wp-json\/wp\/v2\/media?parent=16011"}],"wp:term":[{"taxonomy":"product_brand","embeddable":true,"href":"https:\/\/www.fjpremium.com\/de\/wp-json\/wp\/v2\/product_brand?post=16011"},{"taxonomy":"product_cat","embeddable":true,"href":"https:\/\/www.fjpremium.com\/de\/wp-json\/wp\/v2\/product_cat?post=16011"},{"taxonomy":"product_tag","embeddable":true,"href":"https:\/\/www.fjpremium.com\/de\/wp-json\/wp\/v2\/product_tag?post=16011"}],"curies":[{"name":"wp","href":"https:\/\/api.w.org\/{rel}","templated":true}]}}