{"id":16010,"date":"2020-09-08T10:47:40","date_gmt":"2020-09-08T02:47:40","guid":{"rendered":"https:\/\/www.fjpremium.com\/?post_type=product&#038;p=16010"},"modified":"2023-12-14T13:51:55","modified_gmt":"2023-12-14T05:51:55","slug":"micro-hdmi-to-hdmi-cable","status":"publish","type":"product","link":"https:\/\/www.fjpremium.com\/de\/product\/micro-hdmi-to-hdmi-cable\/","title":{"rendered":"Gro\u00dfhandel Micro HDMI zu HDMI Adapter Kabel"},"content":{"rendered":"<p>Unser Kabel ist speziell mit einem Micro-HDMI-D-Anschluss ausgestattet und gew\u00e4hrleistet eine schnelle Daten\u00fcbertragung, sodass Sie Videos und Bilder von Ihren Ger\u00e4ten m\u00fchelos pr\u00e4sentieren k\u00f6nnen.<\/p>\n<p>Er projiziert Internetbilder von Ihrem Smartphone auf einen gr\u00f6\u00dferen Bildschirm und sorgt so f\u00fcr ein verst\u00e4rktes Erlebnis. Dar\u00fcber hinaus kann er eine Vielzahl von Aufl\u00f6sungen verarbeiten, von beeindruckenden 4K 60Hz bis hin zu bescheidenen 480i, und bleibt damit vielseitig.<\/p>\n<p>Mit Funktionen, die 3D, Ethernet und einen tiefgreifenden Audio Return Channel unterst\u00fctzen, steht dieses Produkt f\u00fcr Qualit\u00e4t und Kompatibilit\u00e4t.<\/p>\n<p>Sie ist mit Action-Kameras, Heimkinos oder den neuesten GoPro- und Lenovo-Modellen kompatibel und gew\u00e4hrleistet nahtlose Konnektivit\u00e4t.<\/p>\n<p>Seine Spezifikationen:<\/p>\n<ul>\n<li>Kabel-Leiter: Hochreines sauerstofffreies Kupfer<\/li>\n<li>Drahtst\u00e4rke: 32AWG<\/li>\n<li>Isolierung: HDPE<\/li>\n<li>Mantel: PVC<\/li>\n<li>Konform: RoHS, REACH<\/li>\n<\/ul>\n<p>Und zusammen mit den vergoldeten Kontakten und der dreifachen Abschirmung verspricht es Langlebigkeit und ein verzerrungsfreies Erlebnis. Wenden Sie sich daher noch heute an uns und investieren Sie in das Micro HDMI auf HDMI Adapterkabel.<\/p>","protected":false},"excerpt":{"rendered":"<p>Verbessern Sie die digitale Verbindung mit dem FARSINCE Micro-HDMI-auf-HDMI-Adapterkabel, das speziell f\u00fcr moderne Mobiltelefone und Digitalkameras entwickelt wurde.<\/p>","protected":false},"featured_media":16012,"template":"","meta":{"_acf_changed":false,"_seopress_robots_primary_cat":"","_seopress_titles_title":"Wholesale Micro HDMI to HDMI Adapter Cable - FARSINCE","_seopress_titles_desc":"","_seopress_robots_index":"","site-sidebar-layout":"default","site-content-layout":"default","ast-site-content-layout":"default","site-content-style":"default","site-sidebar-style":"default","ast-global-header-display":"","ast-banner-title-visibility":"","ast-main-header-display":"","ast-hfb-above-header-display":"","ast-hfb-below-header-display":"","ast-hfb-mobile-header-display":"","site-post-title":"","ast-breadcrumbs-content":"","ast-featured-img":"","footer-sml-layout":"","ast-disable-related-posts":"","theme-transparent-header-meta":"default","adv-header-id-meta":"","stick-header-meta":"","header-above-stick-meta":"","header-main-stick-meta":"","header-below-stick-meta":"","astra-migrate-meta-layouts":"set","ast-page-background-enabled":"default","ast-page-background-meta":{"desktop":{"background-color":"","background-image":"","background-repeat":"repeat","background-position":"center center","background-size":"auto","background-attachment":"scroll","background-type":"","background-media":"","overlay-type":"","overlay-color":"","overlay-opacity":"","overlay-gradient":""},"tablet":{"background-color":"","background-image":"","background-repeat":"repeat","background-position":"center center","background-size":"auto","background-attachment":"scroll","background-type":"","background-media":"","overlay-type":"","overlay-color":"","overlay-opacity":"","overlay-gradient":""},"mobile":{"background-color":"","background-image":"","background-repeat":"repeat","background-position":"center center","background-size":"auto","background-attachment":"scroll","background-type":"","background-media":"","overlay-type":"","overlay-color":"","overlay-opacity":"","overlay-gradient":""}},"ast-content-background-meta":{"desktop":{"background-color":"var(--ast-global-color-5)","background-image":"","background-repeat":"repeat","background-position":"center center","background-size":"auto","background-attachment":"scroll","background-type":"","background-media":"","overlay-type":"","overlay-color":"","overlay-opacity":"","overlay-gradient":""},"tablet":{"background-color":"var(--ast-global-color-5)","background-image":"","background-repeat":"repeat","background-position":"center center","background-size":"auto","background-attachment":"scroll","background-type":"","background-media":"","overlay-type":"","overlay-color":"","overlay-opacity":"","overlay-gradient":""},"mobile":{"background-color":"var(--ast-global-color-5)","background-image":"","background-repeat":"repeat","background-position":"center center","background-size":"auto","background-attachment":"scroll","background-type":"","background-media":"","overlay-type":"","overlay-color":"","overlay-opacity":"","overlay-gradient":""}},"iawp_total_views":8},"product_brand":[],"product_cat":[211,638],"product_tag":[],"class_list":{"0":"post-16010","1":"product","2":"type-product","3":"status-publish","4":"has-post-thumbnail","6":"product_cat-hdmi","7":"product_cat-hdmi-cables","8":"desktop-align-left","9":"tablet-align-left","10":"mobile-align-left","12":"first","13":"instock","14":"shipping-taxable","15":"purchasable","16":"product-type-simple"},"acf":[],"_links":{"self":[{"href":"https:\/\/www.fjpremium.com\/de\/wp-json\/wp\/v2\/product\/16010","targetHints":{"allow":["GET"]}}],"collection":[{"href":"https:\/\/www.fjpremium.com\/de\/wp-json\/wp\/v2\/product"}],"about":[{"href":"https:\/\/www.fjpremium.com\/de\/wp-json\/wp\/v2\/types\/product"}],"wp:featuredmedia":[{"embeddable":true,"href":"https:\/\/www.fjpremium.com\/de\/wp-json\/wp\/v2\/media\/16012"}],"wp:attachment":[{"href":"https:\/\/www.fjpremium.com\/de\/wp-json\/wp\/v2\/media?parent=16010"}],"wp:term":[{"taxonomy":"product_brand","embeddable":true,"href":"https:\/\/www.fjpremium.com\/de\/wp-json\/wp\/v2\/product_brand?post=16010"},{"taxonomy":"product_cat","embeddable":true,"href":"https:\/\/www.fjpremium.com\/de\/wp-json\/wp\/v2\/product_cat?post=16010"},{"taxonomy":"product_tag","embeddable":true,"href":"https:\/\/www.fjpremium.com\/de\/wp-json\/wp\/v2\/product_tag?post=16010"}],"curies":[{"name":"wp","href":"https:\/\/api.w.org\/{rel}","templated":true}]}}