{"id":15990,"date":"2020-09-08T10:38:44","date_gmt":"2020-09-08T02:38:44","guid":{"rendered":"https:\/\/www.fjpremium.com\/?post_type=product&#038;p=15990"},"modified":"2023-12-14T13:52:14","modified_gmt":"2023-12-14T05:52:14","slug":"hdmi-2-0-extension-cable","status":"publish","type":"product","link":"https:\/\/www.fjpremium.com\/de\/product\/hdmi-2-0-extension-cable\/","title":{"rendered":"Gro\u00dfhandel HDMI 2.0 Verl\u00e4ngerungskabel HDMI 2.0 zu HDMI 4K 15cm 2m 5m"},"content":{"rendered":"<p>Unser \"Premium\"-zertifiziertes Kabel, das nicht nur ein tadelloses Bild und einen einwandfreien Klang, sondern auch eine hohe Zuverl\u00e4ssigkeit garantiert, ist mit einem exklusiven, scannbaren Etikett versehen, das seine un\u00fcbertroffene Qualit\u00e4t bezeugt.<\/p>\n<p>Seine robuste Dreifachabschirmung garantiert Schutz vor Signalst\u00f6rungen und EMI-Schutz, um ein einwandfreies Benutzererlebnis zu gew\u00e4hrleisten. Au\u00dferdem verbessert es die Konnektivit\u00e4t zwischen PCs, DVD- oder Blu-ray-Laufwerken, Monitoren und Fernsehern.<\/p>\n<p>Seine Spezifikationen:<\/p>\n<ul>\n<li>Vergoldeter Kontakt; vergoldetes Geh\u00e4use<\/li>\n<li>Kabel-Leiter: Hochreines sauerstofffreies Kupfer<\/li>\n<li>Drahtst\u00e4rke: 30AWG oder 28AWG<\/li>\n<li>Mantel: PVC<\/li>\n<li>Konform: RoHS, REACH<\/li>\n<\/ul>\n<p>Und die un\u00fcbertroffenen HDMI-F\u00e4higkeiten sorgen f\u00fcr eine erstklassige Aufl\u00f6sung, dynamische Audiovielfalt und Hochgeschwindigkeitsdaten\u00fcbertragung.<\/p>\n<p>Nehmen Sie Kontakt mit uns auf und investieren Sie in dieses HDMI 2.0-Verl\u00e4ngerungskabel.<\/p>","protected":false},"excerpt":{"rendered":"<p>Tauchen Sie ein in die Zukunft einwandfreier Konnektivit\u00e4t mit dem HDMI 2.0-Verl\u00e4ngerungskabel von Farsince, das un\u00fcbertroffene 4K-Klarheit, dreifache Abschirmung und EMI-Schutz bietet.<\/p>","protected":false},"featured_media":23933,"template":"","meta":{"_acf_changed":false,"_seopress_robots_primary_cat":"","_seopress_titles_title":"Wholesale HDMI 2.0 Extension Cable %%sep%% %%sitetitle%%","_seopress_titles_desc":"Dive into the future of flawless connectivity with this wholesale HDMI 2.0 extension cable, providing unmatched 4K clarity, triple shielding, and EMI protection","_seopress_robots_index":"","site-sidebar-layout":"default","site-content-layout":"default","ast-site-content-layout":"default","site-content-style":"default","site-sidebar-style":"default","ast-global-header-display":"","ast-banner-title-visibility":"","ast-main-header-display":"","ast-hfb-above-header-display":"","ast-hfb-below-header-display":"","ast-hfb-mobile-header-display":"","site-post-title":"","ast-breadcrumbs-content":"","ast-featured-img":"","footer-sml-layout":"","ast-disable-related-posts":"","theme-transparent-header-meta":"default","adv-header-id-meta":"","stick-header-meta":"","header-above-stick-meta":"","header-main-stick-meta":"","header-below-stick-meta":"","astra-migrate-meta-layouts":"set","ast-page-background-enabled":"default","ast-page-background-meta":{"desktop":{"background-color":"","background-image":"","background-repeat":"repeat","background-position":"center center","background-size":"auto","background-attachment":"scroll","background-type":"","background-media":"","overlay-type":"","overlay-color":"","overlay-opacity":"","overlay-gradient":""},"tablet":{"background-color":"","background-image":"","background-repeat":"repeat","background-position":"center center","background-size":"auto","background-attachment":"scroll","background-type":"","background-media":"","overlay-type":"","overlay-color":"","overlay-opacity":"","overlay-gradient":""},"mobile":{"background-color":"","background-image":"","background-repeat":"repeat","background-position":"center center","background-size":"auto","background-attachment":"scroll","background-type":"","background-media":"","overlay-type":"","overlay-color":"","overlay-opacity":"","overlay-gradient":""}},"ast-content-background-meta":{"desktop":{"background-color":"var(--ast-global-color-5)","background-image":"","background-repeat":"repeat","background-position":"center center","background-size":"auto","background-attachment":"scroll","background-type":"","background-media":"","overlay-type":"","overlay-color":"","overlay-opacity":"","overlay-gradient":""},"tablet":{"background-color":"var(--ast-global-color-5)","background-image":"","background-repeat":"repeat","background-position":"center center","background-size":"auto","background-attachment":"scroll","background-type":"","background-media":"","overlay-type":"","overlay-color":"","overlay-opacity":"","overlay-gradient":""},"mobile":{"background-color":"var(--ast-global-color-5)","background-image":"","background-repeat":"repeat","background-position":"center center","background-size":"auto","background-attachment":"scroll","background-type":"","background-media":"","overlay-type":"","overlay-color":"","overlay-opacity":"","overlay-gradient":""}},"iawp_total_views":12},"product_brand":[],"product_cat":[211,638],"product_tag":[],"class_list":{"0":"post-15990","1":"product","2":"type-product","3":"status-publish","4":"has-post-thumbnail","6":"product_cat-hdmi","7":"product_cat-hdmi-cables","8":"desktop-align-left","9":"tablet-align-left","10":"mobile-align-left","12":"first","13":"instock","14":"shipping-taxable","15":"purchasable","16":"product-type-simple"},"acf":[],"_links":{"self":[{"href":"https:\/\/www.fjpremium.com\/de\/wp-json\/wp\/v2\/product\/15990","targetHints":{"allow":["GET"]}}],"collection":[{"href":"https:\/\/www.fjpremium.com\/de\/wp-json\/wp\/v2\/product"}],"about":[{"href":"https:\/\/www.fjpremium.com\/de\/wp-json\/wp\/v2\/types\/product"}],"wp:featuredmedia":[{"embeddable":true,"href":"https:\/\/www.fjpremium.com\/de\/wp-json\/wp\/v2\/media\/23933"}],"wp:attachment":[{"href":"https:\/\/www.fjpremium.com\/de\/wp-json\/wp\/v2\/media?parent=15990"}],"wp:term":[{"taxonomy":"product_brand","embeddable":true,"href":"https:\/\/www.fjpremium.com\/de\/wp-json\/wp\/v2\/product_brand?post=15990"},{"taxonomy":"product_cat","embeddable":true,"href":"https:\/\/www.fjpremium.com\/de\/wp-json\/wp\/v2\/product_cat?post=15990"},{"taxonomy":"product_tag","embeddable":true,"href":"https:\/\/www.fjpremium.com\/de\/wp-json\/wp\/v2\/product_tag?post=15990"}],"curies":[{"name":"wp","href":"https:\/\/api.w.org\/{rel}","templated":true}]}}