{"id":15946,"date":"2020-09-08T10:24:19","date_gmt":"2020-09-08T02:24:19","guid":{"rendered":"https:\/\/www.fjpremium.com\/?post_type=product&#038;p=15946"},"modified":"2023-12-14T13:52:15","modified_gmt":"2023-12-14T05:52:15","slug":"8k-hdmi-2-1-aoc-fiber-optic-cable","status":"publish","type":"product","link":"https:\/\/www.fjpremium.com\/de\/product\/8k-hdmi-2-1-aoc-fiber-optic-cable\/","title":{"rendered":"2.1 8K Fiber HDMI 2.1 AOC Optisches Kabel"},"content":{"rendered":"<p>Dieses Kabel nutzt die Glasfasertechnologie, eine revolution\u00e4re Verkabelungsl\u00f6sung, die es erm\u00f6glicht, HDMI-Signale \u00fcber gro\u00dfe Entfernungen ohne Verlust oder Latenz zu \u00fcbertragen.<\/p>\n<p>Durch die Kombination von Glasfasern und Kupferdr\u00e4hten wird sichergestellt, dass sowohl Hochgeschwindigkeits-TMDS-Signale als auch niederfrequente Steuersignale nahtlos \u00fcbertragen werden.<\/p>\n<p>Dar\u00fcber hinaus k\u00f6nnen Sie bis zu 100 m weit ein klares Signal empfangen, ohne dass Sie eine externe Stromquelle ben\u00f6tigen oder die Signalqualit\u00e4t beeintr\u00e4chtigt wird.<\/p>\n<p>Das optische Kabel von AOC, das ein 8K@60hz UHD-Display unterst\u00fctzt, wurde f\u00fcr hervorragende Leistungen gefertigt und ist resistent gegen EMI und RFI.<\/p>\n<p>Seine Spezifikationen:<\/p>\n<ul>\n<li>Vergoldeter Kontakt; vergoldetes Geh\u00e4use<\/li>\n<li>Geh\u00e4use: Aluminium-Schale<\/li>\n<li>Kabel-Leiter: Glasfaser (4*0,20mm), Stromkabel: 24AWG (41\/0,08mm verzinntes Kupfer)<\/li>\n<li>Dreifach abgeschirmt: Aluminium-Folie, Geflecht<\/li>\n<li>Mantel: PVC<\/li>\n<li>Durchmesser: 4,8\u00b10,15mm<\/li>\n<li>Konform: RoHS, REACH<\/li>\n<\/ul>\n<p>Ob f\u00fcr ein Heimkino oder ein hochaufl\u00f6sendes Video\u00fcberwachungssystem, es verspricht un\u00fcbertroffene Leistung. Entscheiden Sie sich also f\u00fcr die Zukunft, entscheiden Sie sich f\u00fcr sie.<\/p>","protected":false},"excerpt":{"rendered":"<p>Entdecken Sie unvergleichliche Klarheit mit dem FARSINCE 8K fiber HDMI 2.1 AOC optical cable, das HDMI-Signale \u00fcber 100 m verl\u00e4ngert und 8K@60hz unterst\u00fctzt.<\/p>","protected":false},"featured_media":15984,"template":"","meta":{"_acf_changed":false,"_seopress_robots_primary_cat":"","_seopress_titles_title":"2.1 8K Fiber HDMI 2.1 AOC Optical Cable - FARSINCE","_seopress_titles_desc":"","_seopress_robots_index":"","site-sidebar-layout":"default","site-content-layout":"default","ast-site-content-layout":"default","site-content-style":"default","site-sidebar-style":"default","ast-global-header-display":"","ast-banner-title-visibility":"","ast-main-header-display":"","ast-hfb-above-header-display":"","ast-hfb-below-header-display":"","ast-hfb-mobile-header-display":"","site-post-title":"","ast-breadcrumbs-content":"","ast-featured-img":"","footer-sml-layout":"","ast-disable-related-posts":"","theme-transparent-header-meta":"default","adv-header-id-meta":"","stick-header-meta":"","header-above-stick-meta":"","header-main-stick-meta":"","header-below-stick-meta":"","astra-migrate-meta-layouts":"set","ast-page-background-enabled":"default","ast-page-background-meta":{"desktop":{"background-color":"","background-image":"","background-repeat":"repeat","background-position":"center center","background-size":"auto","background-attachment":"scroll","background-type":"","background-media":"","overlay-type":"","overlay-color":"","overlay-opacity":"","overlay-gradient":""},"tablet":{"background-color":"","background-image":"","background-repeat":"repeat","background-position":"center center","background-size":"auto","background-attachment":"scroll","background-type":"","background-media":"","overlay-type":"","overlay-color":"","overlay-opacity":"","overlay-gradient":""},"mobile":{"background-color":"","background-image":"","background-repeat":"repeat","background-position":"center center","background-size":"auto","background-attachment":"scroll","background-type":"","background-media":"","overlay-type":"","overlay-color":"","overlay-opacity":"","overlay-gradient":""}},"ast-content-background-meta":{"desktop":{"background-color":"var(--ast-global-color-5)","background-image":"","background-repeat":"repeat","background-position":"center center","background-size":"auto","background-attachment":"scroll","background-type":"","background-media":"","overlay-type":"","overlay-color":"","overlay-opacity":"","overlay-gradient":""},"tablet":{"background-color":"var(--ast-global-color-5)","background-image":"","background-repeat":"repeat","background-position":"center center","background-size":"auto","background-attachment":"scroll","background-type":"","background-media":"","overlay-type":"","overlay-color":"","overlay-opacity":"","overlay-gradient":""},"mobile":{"background-color":"var(--ast-global-color-5)","background-image":"","background-repeat":"repeat","background-position":"center center","background-size":"auto","background-attachment":"scroll","background-type":"","background-media":"","overlay-type":"","overlay-color":"","overlay-opacity":"","overlay-gradient":""}},"iawp_total_views":8},"product_brand":[],"product_cat":[211,638,694],"product_tag":[],"class_list":{"0":"post-15946","1":"product","2":"type-product","3":"status-publish","4":"has-post-thumbnail","6":"product_cat-hdmi","7":"product_cat-hdmi-cables","8":"product_cat-aoc","9":"desktop-align-left","10":"tablet-align-left","11":"mobile-align-left","13":"first","14":"instock","15":"shipping-taxable","16":"purchasable","17":"product-type-simple"},"acf":[],"_links":{"self":[{"href":"https:\/\/www.fjpremium.com\/de\/wp-json\/wp\/v2\/product\/15946","targetHints":{"allow":["GET"]}}],"collection":[{"href":"https:\/\/www.fjpremium.com\/de\/wp-json\/wp\/v2\/product"}],"about":[{"href":"https:\/\/www.fjpremium.com\/de\/wp-json\/wp\/v2\/types\/product"}],"wp:featuredmedia":[{"embeddable":true,"href":"https:\/\/www.fjpremium.com\/de\/wp-json\/wp\/v2\/media\/15984"}],"wp:attachment":[{"href":"https:\/\/www.fjpremium.com\/de\/wp-json\/wp\/v2\/media?parent=15946"}],"wp:term":[{"taxonomy":"product_brand","embeddable":true,"href":"https:\/\/www.fjpremium.com\/de\/wp-json\/wp\/v2\/product_brand?post=15946"},{"taxonomy":"product_cat","embeddable":true,"href":"https:\/\/www.fjpremium.com\/de\/wp-json\/wp\/v2\/product_cat?post=15946"},{"taxonomy":"product_tag","embeddable":true,"href":"https:\/\/www.fjpremium.com\/de\/wp-json\/wp\/v2\/product_tag?post=15946"}],"curies":[{"name":"wp","href":"https:\/\/api.w.org\/{rel}","templated":true}]}}