{"id":15945,"date":"2020-09-08T10:24:19","date_gmt":"2020-09-08T02:24:19","guid":{"rendered":"https:\/\/www.fjpremium.com\/?post_type=product&#038;p=15945"},"modified":"2023-12-08T13:16:26","modified_gmt":"2023-12-08T05:16:26","slug":"hot-selling-braided-ultra-high-speed-hdmi-2-1-8k-cable-with-zinc-alloy-housing","status":"publish","type":"product","link":"https:\/\/www.fjpremium.com\/de\/product\/hot-selling-braided-ultra-high-speed-hdmi-2-1-8k-cable-with-zinc-alloy-housing\/","title":{"rendered":"Nylon geflochtenes Ultra HD Metall HDMI Kabel f\u00fcr 8k 10k TV Box Ethernet Kabel HDMI Adapter"},"content":{"rendered":"<p>Das auf h\u00f6chste Klarheit zugeschnittene, nylongeflochtene Kabel strahlt nicht nur Langlebigkeit aus, sondern bietet auch die Leistung von HDMI 2.1, die Ihr visuelles Erlebnis auf atemberaubende 8K @60Hz und lebendige 4K@120Hz steigert.<\/p>\n<p>Neben den beeindruckenden visuellen Eindr\u00fccken erwartet Sie ein auditives Paradies mit Unterst\u00fctzung f\u00fcr eARC, das Audioformate wie Dolby\u00ae TrueHD und DTS-HD Master Audio\u2122 vorstellt.<\/p>\n<p>Seine Spezifikationen:<\/p>\n<ul>\n<li>24K vergoldete Kontakte; vergoldetes Geh\u00e4use<\/li>\n<li>Kabel-Leiter: Hochreines sauerstofffreies Kupfer<\/li>\n<li>Drahtst\u00e4rke: 30AWG(1-3M), 28(5M)<\/li>\n<li>Isolierung: HDPE<\/li>\n<li>Mantel: Weich-PVC<\/li>\n<li>Konform: RoHS, REACH<\/li>\n<\/ul>\n<p>Dar\u00fcber hinaus verf\u00fcgt er \u00fcber Funktionen wie Dynamic HDR, das sich Bild f\u00fcr Bild an die optimalen Einstellungen anpasst, und den schnellen Spielmodus VRR.<\/p>\n<p>Unser Ethernetkabel-HDMI-Adapter ist in ein Geh\u00e4use aus einer Zinklegierung geh\u00fcllt und dreifach abgeschirmt, um die Reinheit zu gew\u00e4hrleisten. Er ist eine Investition in kompromisslose Qualit\u00e4t und unvergleichliche Leistung.<\/p>\n<p>Kurzum, nehmen Sie noch heute Kontakt mit uns auf und investieren Sie in sie.<\/p>","protected":false},"excerpt":{"rendered":"<p>Erh\u00f6hen Sie die Bildqualit\u00e4t mit dem FARSINCE Ethernet-Kabel-HDMI-Adapter, der f\u00fcr 8K- und 10K-TV-Boxen entwickelt wurde und un\u00fcbertroffene Klarheit, dynamisches HDR, eARC-Unterst\u00fctzung und mehr verspricht.<\/p>","protected":false},"featured_media":15976,"template":"","meta":{"_acf_changed":false,"_seopress_robots_primary_cat":"","_seopress_titles_title":"Best 8k 10k TV Box Ethernet Cable HDMI Adapter - Farsince","_seopress_titles_desc":"","_seopress_robots_index":"","site-sidebar-layout":"default","site-content-layout":"default","ast-site-content-layout":"default","site-content-style":"default","site-sidebar-style":"default","ast-global-header-display":"","ast-banner-title-visibility":"","ast-main-header-display":"","ast-hfb-above-header-display":"","ast-hfb-below-header-display":"","ast-hfb-mobile-header-display":"","site-post-title":"","ast-breadcrumbs-content":"","ast-featured-img":"","footer-sml-layout":"","ast-disable-related-posts":"","theme-transparent-header-meta":"default","adv-header-id-meta":"","stick-header-meta":"","header-above-stick-meta":"","header-main-stick-meta":"","header-below-stick-meta":"","astra-migrate-meta-layouts":"set","ast-page-background-enabled":"default","ast-page-background-meta":{"desktop":{"background-color":"","background-image":"","background-repeat":"repeat","background-position":"center center","background-size":"auto","background-attachment":"scroll","background-type":"","background-media":"","overlay-type":"","overlay-color":"","overlay-opacity":"","overlay-gradient":""},"tablet":{"background-color":"","background-image":"","background-repeat":"repeat","background-position":"center center","background-size":"auto","background-attachment":"scroll","background-type":"","background-media":"","overlay-type":"","overlay-color":"","overlay-opacity":"","overlay-gradient":""},"mobile":{"background-color":"","background-image":"","background-repeat":"repeat","background-position":"center center","background-size":"auto","background-attachment":"scroll","background-type":"","background-media":"","overlay-type":"","overlay-color":"","overlay-opacity":"","overlay-gradient":""}},"ast-content-background-meta":{"desktop":{"background-color":"var(--ast-global-color-5)","background-image":"","background-repeat":"repeat","background-position":"center center","background-size":"auto","background-attachment":"scroll","background-type":"","background-media":"","overlay-type":"","overlay-color":"","overlay-opacity":"","overlay-gradient":""},"tablet":{"background-color":"var(--ast-global-color-5)","background-image":"","background-repeat":"repeat","background-position":"center center","background-size":"auto","background-attachment":"scroll","background-type":"","background-media":"","overlay-type":"","overlay-color":"","overlay-opacity":"","overlay-gradient":""},"mobile":{"background-color":"var(--ast-global-color-5)","background-image":"","background-repeat":"repeat","background-position":"center center","background-size":"auto","background-attachment":"scroll","background-type":"","background-media":"","overlay-type":"","overlay-color":"","overlay-opacity":"","overlay-gradient":""}},"iawp_total_views":6},"product_brand":[],"product_cat":[211],"product_tag":[],"class_list":{"0":"post-15945","1":"product","2":"type-product","3":"status-publish","4":"has-post-thumbnail","6":"product_cat-hdmi","7":"desktop-align-left","8":"tablet-align-left","9":"mobile-align-left","11":"first","12":"instock","13":"shipping-taxable","14":"purchasable","15":"product-type-simple"},"acf":[],"_links":{"self":[{"href":"https:\/\/www.fjpremium.com\/de\/wp-json\/wp\/v2\/product\/15945","targetHints":{"allow":["GET"]}}],"collection":[{"href":"https:\/\/www.fjpremium.com\/de\/wp-json\/wp\/v2\/product"}],"about":[{"href":"https:\/\/www.fjpremium.com\/de\/wp-json\/wp\/v2\/types\/product"}],"wp:featuredmedia":[{"embeddable":true,"href":"https:\/\/www.fjpremium.com\/de\/wp-json\/wp\/v2\/media\/15976"}],"wp:attachment":[{"href":"https:\/\/www.fjpremium.com\/de\/wp-json\/wp\/v2\/media?parent=15945"}],"wp:term":[{"taxonomy":"product_brand","embeddable":true,"href":"https:\/\/www.fjpremium.com\/de\/wp-json\/wp\/v2\/product_brand?post=15945"},{"taxonomy":"product_cat","embeddable":true,"href":"https:\/\/www.fjpremium.com\/de\/wp-json\/wp\/v2\/product_cat?post=15945"},{"taxonomy":"product_tag","embeddable":true,"href":"https:\/\/www.fjpremium.com\/de\/wp-json\/wp\/v2\/product_tag?post=15945"}],"curies":[{"name":"wp","href":"https:\/\/api.w.org\/{rel}","templated":true}]}}