{"id":15944,"date":"2020-09-08T10:24:18","date_gmt":"2020-09-08T02:24:18","guid":{"rendered":"https:\/\/www.fjpremium.com\/?post_type=product&#038;p=15944"},"modified":"2023-12-14T13:52:16","modified_gmt":"2023-12-14T05:52:16","slug":"braided-ultra-high-speed-hdmi-2-1-8k-cable-with-metal-housing","status":"publish","type":"product","link":"https:\/\/www.fjpremium.com\/de\/product\/braided-ultra-high-speed-hdmi-2-1-8k-cable-with-metal-housing\/","title":{"rendered":"Metall UHD Kabel Club 3D HDMI Kabel 8k 10k Cabo f\u00fcr TV Box"},"content":{"rendered":"<p>Das Kabel unterst\u00fctzt Aufl\u00f6sungen von 8K bei 60 Hz bis 4K bei 120 Hz und ist mit allen HDMI-Versionen abw\u00e4rtskompatibel.<\/p>\n<p>Zu den erweiterten Funktionen geh\u00f6ren Dynamic HDR und eARC, die szenenspezifische Optimierungen wie Helligkeitsanpassungen und immersive Audioerlebnisse mit den neuesten Audioformaten erm\u00f6glichen.<\/p>\n<p>Die Kombination aus robustem Flechtwerk und Metallgeh\u00e4use verspricht Langlebigkeit und gleichbleibend hohe Leistung.<\/p>\n<p>Die technischen Aspekte unseres Kabels gl\u00e4nzen mit zwei HDMI 2.1-Steckern, die durch einen 24-kar\u00e4tig vergoldeten Kontakt und eine vergoldete H\u00fclle hervorgehoben werden. Mit seinem hochreinen, sauerstofffreien Kupfer gew\u00e4hrleistet es eine effiziente Daten\u00fcbertragung.<\/p>\n<p>Seine Spezifikationen:<\/p>\n<ul>\n<li>Drahtst\u00e4rke: 30AWG(1-3M), 28(5M)<\/li>\n<li>Isolierung: HDPE<\/li>\n<li>Abschirmung: Dreifach geschirmte, verdrillte AL-Folie, AL-Gesamtfolie, 128# AL-MG-Geflecht, abgedeckt mit Kupferfolie und Metallschirmdose am Stecker<\/li>\n<\/ul>\n<p>Au\u00dferdem ist es in einen weichen PVC-Mantel geh\u00fcllt, der die RoHS- und REACH-Normen erf\u00fcllt und Sicherheit und hervorragende Leistung gew\u00e4hrleistet. Kurzum, kontaktieren Sie uns noch heute und bestellen Sie dieses Club 3D HDMI-Kabel.<\/p>","protected":false},"excerpt":{"rendered":"<p>Wir pr\u00e4sentieren das Ultra-High-Speed-HDMI-Kabel Club 3D von FARSINCE mit einer Bandbreite von 48 Gbit\/s f\u00fcr eine reibungslose und unterbrechungsfreie Daten\u00fcbertragung.<\/p>","protected":false},"featured_media":23924,"template":"","meta":{"_acf_changed":false,"_seopress_robots_primary_cat":"","_seopress_titles_title":"Metal UHD Kabel Club 3D HDMI Cable %%sep%% %%sitetitle%%","_seopress_titles_desc":"","_seopress_robots_index":"","site-sidebar-layout":"default","site-content-layout":"default","ast-site-content-layout":"default","site-content-style":"default","site-sidebar-style":"default","ast-global-header-display":"","ast-banner-title-visibility":"","ast-main-header-display":"","ast-hfb-above-header-display":"","ast-hfb-below-header-display":"","ast-hfb-mobile-header-display":"","site-post-title":"","ast-breadcrumbs-content":"","ast-featured-img":"","footer-sml-layout":"","ast-disable-related-posts":"","theme-transparent-header-meta":"default","adv-header-id-meta":"","stick-header-meta":"","header-above-stick-meta":"","header-main-stick-meta":"","header-below-stick-meta":"","astra-migrate-meta-layouts":"set","ast-page-background-enabled":"default","ast-page-background-meta":{"desktop":{"background-color":"","background-image":"","background-repeat":"repeat","background-position":"center center","background-size":"auto","background-attachment":"scroll","background-type":"","background-media":"","overlay-type":"","overlay-color":"","overlay-opacity":"","overlay-gradient":""},"tablet":{"background-color":"","background-image":"","background-repeat":"repeat","background-position":"center center","background-size":"auto","background-attachment":"scroll","background-type":"","background-media":"","overlay-type":"","overlay-color":"","overlay-opacity":"","overlay-gradient":""},"mobile":{"background-color":"","background-image":"","background-repeat":"repeat","background-position":"center center","background-size":"auto","background-attachment":"scroll","background-type":"","background-media":"","overlay-type":"","overlay-color":"","overlay-opacity":"","overlay-gradient":""}},"ast-content-background-meta":{"desktop":{"background-color":"var(--ast-global-color-5)","background-image":"","background-repeat":"repeat","background-position":"center center","background-size":"auto","background-attachment":"scroll","background-type":"","background-media":"","overlay-type":"","overlay-color":"","overlay-opacity":"","overlay-gradient":""},"tablet":{"background-color":"var(--ast-global-color-5)","background-image":"","background-repeat":"repeat","background-position":"center center","background-size":"auto","background-attachment":"scroll","background-type":"","background-media":"","overlay-type":"","overlay-color":"","overlay-opacity":"","overlay-gradient":""},"mobile":{"background-color":"var(--ast-global-color-5)","background-image":"","background-repeat":"repeat","background-position":"center center","background-size":"auto","background-attachment":"scroll","background-type":"","background-media":"","overlay-type":"","overlay-color":"","overlay-opacity":"","overlay-gradient":""}},"iawp_total_views":8},"product_brand":[],"product_cat":[460,211,638],"product_tag":[],"class_list":{"0":"post-15944","1":"product","2":"type-product","3":"status-publish","4":"has-post-thumbnail","6":"product_cat-featured-products","7":"product_cat-hdmi","8":"product_cat-hdmi-cables","9":"desktop-align-left","10":"tablet-align-left","11":"mobile-align-left","13":"first","14":"instock","15":"shipping-taxable","16":"purchasable","17":"product-type-simple"},"acf":[],"_links":{"self":[{"href":"https:\/\/www.fjpremium.com\/de\/wp-json\/wp\/v2\/product\/15944","targetHints":{"allow":["GET"]}}],"collection":[{"href":"https:\/\/www.fjpremium.com\/de\/wp-json\/wp\/v2\/product"}],"about":[{"href":"https:\/\/www.fjpremium.com\/de\/wp-json\/wp\/v2\/types\/product"}],"wp:featuredmedia":[{"embeddable":true,"href":"https:\/\/www.fjpremium.com\/de\/wp-json\/wp\/v2\/media\/23924"}],"wp:attachment":[{"href":"https:\/\/www.fjpremium.com\/de\/wp-json\/wp\/v2\/media?parent=15944"}],"wp:term":[{"taxonomy":"product_brand","embeddable":true,"href":"https:\/\/www.fjpremium.com\/de\/wp-json\/wp\/v2\/product_brand?post=15944"},{"taxonomy":"product_cat","embeddable":true,"href":"https:\/\/www.fjpremium.com\/de\/wp-json\/wp\/v2\/product_cat?post=15944"},{"taxonomy":"product_tag","embeddable":true,"href":"https:\/\/www.fjpremium.com\/de\/wp-json\/wp\/v2\/product_tag?post=15944"}],"curies":[{"name":"wp","href":"https:\/\/api.w.org\/{rel}","templated":true}]}}