{"id":15943,"date":"2020-10-08T10:24:17","date_gmt":"2020-10-08T02:24:17","guid":{"rendered":"https:\/\/www.fjpremium.com\/?post_type=product&#038;p=15943"},"modified":"2023-12-14T13:51:42","modified_gmt":"2023-12-14T05:51:42","slug":"ultra-high-speed-hdmi-2-1-8k-cable-2","status":"publish","type":"product","link":"https:\/\/www.fjpremium.com\/de\/product\/ultra-high-speed-hdmi-2-1-8k-cable-2\/","title":{"rendered":"Gro\u00dfhandel HDMI Kabel HDMI 2.1 zu HDMI Unterst\u00fctzung 8k@60hz 4k@120hz 48gbps HDCP"},"content":{"rendered":"<p>Unser Gro\u00dfhandels-HDMI-Kabel wurde fachm\u00e4nnisch entwickelt, um hohe Aufl\u00f6sungen wie 8K @60Hz und 4K@120Hz zu unterst\u00fctzen. Es ist abw\u00e4rtskompatibel mit fr\u00fcheren HDMI-Versionen und erh\u00f6ht die Bandbreite auf 48Gbps.<\/p>\n<p>Erleben Sie die Leistung von Dynamic HDR, das Helligkeit, Farbe und Tiefe auf der Grundlage bestimmter Szenen f\u00fcr eine optimale Darstellung anpasst.<\/p>\n<p>Dieses Kabel unterst\u00fctzt auch die neuesten Audioformate \u00fcber eARC, einschlie\u00dflich DTS Master, DTS:X, Dolby True HD und Dolby Atmos.<\/p>\n<p>Seine Spezifikationen:<\/p>\n<ul>\n<li>24K vergoldeter Kontakt, vergoldetes Geh\u00e4use<\/li>\n<li>Kabel-Leiter: Hochreines sauerstofffreies Kupfer<\/li>\n<li>Drahtst\u00e4rke: 30AWG(1-3M), 28(5M)<\/li>\n<li>Isolierung: HDPE<\/li>\n<li>Abschirmung: Dreifach geschirmte, verdrillte AL-Folie, AL-Gesamtfolie, 128# AL-MG-Geflecht, abgedeckt mit Kupferfolie und Metallschirmdose am Stecker<\/li>\n<li>Mantel: Weich-PVC<\/li>\n<li>Konform: RoHS, REACH<\/li>\n<\/ul>\n<p>Die neuen Funktionen wie Auto Low-Latency Mode (ALLM), Variable Refresh Rate (VRR), Quick Frame Transport (QFT) und Quick Media Switching (QMS) definieren Ihre Unterhaltungsreise neu.<\/p>\n<p>Nehmen Sie daher noch heute Kontakt mit uns auf und investieren Sie in sie.<\/p>","protected":false},"excerpt":{"rendered":"<p>Erh\u00f6hen Sie das Seherlebnis mit dem FARSINCE Gro\u00dfhandels-HDMI-Kabel, das abw\u00e4rtskompatibel ist und eine erh\u00f6hte Bandbreite von bis zu 48 Gbps bietet, auf die n\u00e4chste Stufe.<\/p>","protected":false},"featured_media":23913,"template":"","meta":{"_acf_changed":false,"_seopress_robots_primary_cat":"","_seopress_titles_title":"Wholesale HDMI Cable HDMI 2.1 to HDMI - Farsince","_seopress_titles_desc":"","_seopress_robots_index":"","site-sidebar-layout":"default","site-content-layout":"default","ast-site-content-layout":"default","site-content-style":"default","site-sidebar-style":"default","ast-global-header-display":"","ast-banner-title-visibility":"","ast-main-header-display":"","ast-hfb-above-header-display":"","ast-hfb-below-header-display":"","ast-hfb-mobile-header-display":"","site-post-title":"","ast-breadcrumbs-content":"","ast-featured-img":"","footer-sml-layout":"","ast-disable-related-posts":"","theme-transparent-header-meta":"default","adv-header-id-meta":"","stick-header-meta":"","header-above-stick-meta":"","header-main-stick-meta":"","header-below-stick-meta":"","astra-migrate-meta-layouts":"set","ast-page-background-enabled":"default","ast-page-background-meta":{"desktop":{"background-color":"","background-image":"","background-repeat":"repeat","background-position":"center center","background-size":"auto","background-attachment":"scroll","background-type":"","background-media":"","overlay-type":"","overlay-color":"","overlay-opacity":"","overlay-gradient":""},"tablet":{"background-color":"","background-image":"","background-repeat":"repeat","background-position":"center center","background-size":"auto","background-attachment":"scroll","background-type":"","background-media":"","overlay-type":"","overlay-color":"","overlay-opacity":"","overlay-gradient":""},"mobile":{"background-color":"","background-image":"","background-repeat":"repeat","background-position":"center center","background-size":"auto","background-attachment":"scroll","background-type":"","background-media":"","overlay-type":"","overlay-color":"","overlay-opacity":"","overlay-gradient":""}},"ast-content-background-meta":{"desktop":{"background-color":"var(--ast-global-color-5)","background-image":"","background-repeat":"repeat","background-position":"center center","background-size":"auto","background-attachment":"scroll","background-type":"","background-media":"","overlay-type":"","overlay-color":"","overlay-opacity":"","overlay-gradient":""},"tablet":{"background-color":"var(--ast-global-color-5)","background-image":"","background-repeat":"repeat","background-position":"center center","background-size":"auto","background-attachment":"scroll","background-type":"","background-media":"","overlay-type":"","overlay-color":"","overlay-opacity":"","overlay-gradient":""},"mobile":{"background-color":"var(--ast-global-color-5)","background-image":"","background-repeat":"repeat","background-position":"center center","background-size":"auto","background-attachment":"scroll","background-type":"","background-media":"","overlay-type":"","overlay-color":"","overlay-opacity":"","overlay-gradient":""}},"iawp_total_views":18},"product_brand":[],"product_cat":[211,638],"product_tag":[],"class_list":{"0":"post-15943","1":"product","2":"type-product","3":"status-publish","4":"has-post-thumbnail","6":"product_cat-hdmi","7":"product_cat-hdmi-cables","8":"desktop-align-left","9":"tablet-align-left","10":"mobile-align-left","12":"first","13":"instock","14":"shipping-taxable","15":"purchasable","16":"product-type-simple"},"acf":[],"_links":{"self":[{"href":"https:\/\/www.fjpremium.com\/de\/wp-json\/wp\/v2\/product\/15943","targetHints":{"allow":["GET"]}}],"collection":[{"href":"https:\/\/www.fjpremium.com\/de\/wp-json\/wp\/v2\/product"}],"about":[{"href":"https:\/\/www.fjpremium.com\/de\/wp-json\/wp\/v2\/types\/product"}],"wp:featuredmedia":[{"embeddable":true,"href":"https:\/\/www.fjpremium.com\/de\/wp-json\/wp\/v2\/media\/23913"}],"wp:attachment":[{"href":"https:\/\/www.fjpremium.com\/de\/wp-json\/wp\/v2\/media?parent=15943"}],"wp:term":[{"taxonomy":"product_brand","embeddable":true,"href":"https:\/\/www.fjpremium.com\/de\/wp-json\/wp\/v2\/product_brand?post=15943"},{"taxonomy":"product_cat","embeddable":true,"href":"https:\/\/www.fjpremium.com\/de\/wp-json\/wp\/v2\/product_cat?post=15943"},{"taxonomy":"product_tag","embeddable":true,"href":"https:\/\/www.fjpremium.com\/de\/wp-json\/wp\/v2\/product_tag?post=15943"}],"curies":[{"name":"wp","href":"https:\/\/api.w.org\/{rel}","templated":true}]}}