{"id":15933,"date":"2020-09-08T10:19:40","date_gmt":"2020-09-08T02:19:40","guid":{"rendered":"https:\/\/www.fjpremium.com\/?post_type=product&#038;p=15933"},"modified":"2023-12-14T13:52:17","modified_gmt":"2023-12-14T05:52:17","slug":"worlds-thinnest-flexible-coaxial-40awg-hdmi-cable","status":"publish","type":"product","link":"https:\/\/www.fjpremium.com\/de\/product\/worlds-thinnest-flexible-coaxial-40awg-hdmi-cable\/","title":{"rendered":"D\u00fcnnstes 40AWG Koaxial Super Slim HDMI Kabel 2.5mm Durchmesser"},"content":{"rendered":"<p>Mit einem ultrad\u00fcnnen Durchmesser von 2,5 mm ist das Kabel 85% d\u00fcnner und f\u00fcnfmal biegsamer als herk\u00f6mmliche HDMI-Kabel.<\/p>\n<p>Es ist sogar beweglicher als ein APPLE iPod\/iPhone USB-Ladeger\u00e4t. Au\u00dferdem k\u00f6nnen Sie lebendige 4K@60Hz-Visualisierungen und 3D-Effekte entfesseln, sei es auf AR\/VR-Brillen, Drohnen oder UHD-Kameras.<\/p>\n<p>Mehrere Anschl\u00fcsse und Richtungsoptionen machen unser superschlankes HDMI-Kabel vielseitig einsetzbar, perfekt f\u00fcr enge Ecken und Wearables.<\/p>\n<p>Seine Spezifikationen:<\/p>\n<ul>\n<li>24K vergoldete Kontakte; vergoldetes Geh\u00e4use<\/li>\n<li>Kabel-Leiter: Koaxialkabel aus verzinntem Kupfer<\/li>\n<li>Kabeldurchmesser: 40AWG 2.5mm Durchmesser (0.3m-1.2m), 36AWG 3.3 Durchmesser (bis zu 1.2m)<\/li>\n<li>Isolierung: PET<\/li>\n<li>Abschirmung: Dreifach geschirmte verdrillte AL-Folie, AL-Folie insgesamt, verzinntes Kupfergeflecht<\/li>\n<li>Mantel: PVC<\/li>\n<li>Konform: RoHS, REACH<\/li>\n<\/ul>\n<p>Au\u00dferdem verf\u00fcgt es \u00fcber eine Bandbreite von 18 Gbit\/s und Funktionen wie Dolby\u00ae TrueHD, die f\u00fcr die Technologie von morgen entwickelt wurden. Kurz gesagt: W\u00e4hlen Sie die Zukunft, w\u00e4hlen Sie das Beste und w\u00e4hlen Sie unser Produkt.<\/p>","protected":false},"excerpt":{"rendered":"<p>FARSINCE pr\u00e4sentiert das d\u00fcnnste 40AWG Koaxial-Super-Slim-HDMI-Kabel, den Inbegriff von Flexibilit\u00e4t und Innovation, das 4K@60Hz, 3D und HDR unterst\u00fctzt.<\/p>","protected":false},"featured_media":15934,"template":"","meta":{"_acf_changed":false,"_seopress_robots_primary_cat":"","_seopress_titles_title":"Super Slim HDMI Cable 2.5mm Diameter - Farsince","_seopress_titles_desc":"","_seopress_robots_index":"","site-sidebar-layout":"default","site-content-layout":"default","ast-site-content-layout":"default","site-content-style":"default","site-sidebar-style":"default","ast-global-header-display":"","ast-banner-title-visibility":"","ast-main-header-display":"","ast-hfb-above-header-display":"","ast-hfb-below-header-display":"","ast-hfb-mobile-header-display":"","site-post-title":"","ast-breadcrumbs-content":"","ast-featured-img":"","footer-sml-layout":"","ast-disable-related-posts":"","theme-transparent-header-meta":"default","adv-header-id-meta":"","stick-header-meta":"","header-above-stick-meta":"","header-main-stick-meta":"","header-below-stick-meta":"","astra-migrate-meta-layouts":"set","ast-page-background-enabled":"default","ast-page-background-meta":{"desktop":{"background-color":"","background-image":"","background-repeat":"repeat","background-position":"center center","background-size":"auto","background-attachment":"scroll","background-type":"","background-media":"","overlay-type":"","overlay-color":"","overlay-opacity":"","overlay-gradient":""},"tablet":{"background-color":"","background-image":"","background-repeat":"repeat","background-position":"center center","background-size":"auto","background-attachment":"scroll","background-type":"","background-media":"","overlay-type":"","overlay-color":"","overlay-opacity":"","overlay-gradient":""},"mobile":{"background-color":"","background-image":"","background-repeat":"repeat","background-position":"center center","background-size":"auto","background-attachment":"scroll","background-type":"","background-media":"","overlay-type":"","overlay-color":"","overlay-opacity":"","overlay-gradient":""}},"ast-content-background-meta":{"desktop":{"background-color":"var(--ast-global-color-5)","background-image":"","background-repeat":"repeat","background-position":"center center","background-size":"auto","background-attachment":"scroll","background-type":"","background-media":"","overlay-type":"","overlay-color":"","overlay-opacity":"","overlay-gradient":""},"tablet":{"background-color":"var(--ast-global-color-5)","background-image":"","background-repeat":"repeat","background-position":"center center","background-size":"auto","background-attachment":"scroll","background-type":"","background-media":"","overlay-type":"","overlay-color":"","overlay-opacity":"","overlay-gradient":""},"mobile":{"background-color":"var(--ast-global-color-5)","background-image":"","background-repeat":"repeat","background-position":"center center","background-size":"auto","background-attachment":"scroll","background-type":"","background-media":"","overlay-type":"","overlay-color":"","overlay-opacity":"","overlay-gradient":""}},"iawp_total_views":30},"product_brand":[],"product_cat":[211,638],"product_tag":[],"class_list":{"0":"post-15933","1":"product","2":"type-product","3":"status-publish","4":"has-post-thumbnail","6":"product_cat-hdmi","7":"product_cat-hdmi-cables","8":"desktop-align-left","9":"tablet-align-left","10":"mobile-align-left","12":"first","13":"instock","14":"shipping-taxable","15":"purchasable","16":"product-type-simple"},"acf":[],"_links":{"self":[{"href":"https:\/\/www.fjpremium.com\/de\/wp-json\/wp\/v2\/product\/15933","targetHints":{"allow":["GET"]}}],"collection":[{"href":"https:\/\/www.fjpremium.com\/de\/wp-json\/wp\/v2\/product"}],"about":[{"href":"https:\/\/www.fjpremium.com\/de\/wp-json\/wp\/v2\/types\/product"}],"wp:featuredmedia":[{"embeddable":true,"href":"https:\/\/www.fjpremium.com\/de\/wp-json\/wp\/v2\/media\/15934"}],"wp:attachment":[{"href":"https:\/\/www.fjpremium.com\/de\/wp-json\/wp\/v2\/media?parent=15933"}],"wp:term":[{"taxonomy":"product_brand","embeddable":true,"href":"https:\/\/www.fjpremium.com\/de\/wp-json\/wp\/v2\/product_brand?post=15933"},{"taxonomy":"product_cat","embeddable":true,"href":"https:\/\/www.fjpremium.com\/de\/wp-json\/wp\/v2\/product_cat?post=15933"},{"taxonomy":"product_tag","embeddable":true,"href":"https:\/\/www.fjpremium.com\/de\/wp-json\/wp\/v2\/product_tag?post=15933"}],"curies":[{"name":"wp","href":"https:\/\/api.w.org\/{rel}","templated":true}]}}