{"id":15903,"date":"2020-09-08T10:09:21","date_gmt":"2020-09-08T02:09:21","guid":{"rendered":"https:\/\/www.fjpremium.com\/?post_type=product&#038;p=15903"},"modified":"2023-12-14T13:52:18","modified_gmt":"2023-12-14T05:52:18","slug":"premium-1-0-hdmi-4k-cable","status":"publish","type":"product","link":"https:\/\/www.fjpremium.com\/de\/product\/premium-1-0-hdmi-4k-cable\/","title":{"rendered":"Zertifiziertes Premium-Dreifach-HDMI-Kabel mit scannbarem Etikett Unterst\u00fctzung 4K@60Hz 18Gbp"},"content":{"rendered":"<p>Dieses dreifach abgeschirmte HDMI-Kabel ist mit einem scannbaren Etikett zur einfachen Authentifizierung und einer Bandbreite von 18 Gbit\/s ausgestattet, sodass Sie atemberaubende 4K Ultra HD-Aufl\u00f6sung, lebendige 3D-Inhalte und Dolby\u00ae TrueHD-Audio genie\u00dfen k\u00f6nnen.<\/p>\n<p>Er ist mit EMI-Schutz und hochreinem, sauerstofffreiem Kupfer ausgestattet, um Integrit\u00e4t und Klarheit in jedem Bild zu gew\u00e4hrleisten. Und vom 21:9-Kino-Seitenverh\u00e4ltnis bis zur HDR-Unterst\u00fctzung ist er f\u00fcr Unterhaltungsliebhaber konzipiert.<\/p>\n<p>Seine Spezifikationen:<\/p>\n<ul>\n<li>24K vergoldeter Kontakt, vergoldetes Geh\u00e4use<\/li>\n<li>Drahtst\u00e4rke: 30AWG(1-3M), 28(5M), 26AWG(7.5)<\/li>\n<li>Isolierung: HDPE<\/li>\n<li>Abschirmung: Dreifach geschirmte, verdrillte AL-Folie, AL-Gesamtfolie, 128# AL-MG-Geflecht, abgedeckt mit Kupferfolie und Metallschirmdose am Stecker<\/li>\n<li>Mantel: Weich-PVC<\/li>\n<\/ul>\n<p>Au\u00dferdem k\u00f6nnen Sie auf die Qualit\u00e4t des dreifachen HDMI-Kabels vertrauen, das umfassend getestet und zertifiziert wurde und RoHS- und REACH-konform ist. Kontaktieren Sie uns also noch heute und bestellen Sie es.<\/p>","protected":false},"excerpt":{"rendered":"<p>Erleben Sie mit dem FARSINCE-zertifizierten Premium-Dreifach-HDMI-Kabel, das 4K@60Hz verspricht, eine nahtlose Mischung aus Leistung, Wert und zukunftssicherer Technologie.<\/p>","protected":false},"featured_media":15926,"template":"","meta":{"_acf_changed":false,"_seopress_robots_primary_cat":"","_seopress_titles_title":"Triple HDMI Cable with Scannable Label - Farsince","_seopress_titles_desc":"","_seopress_robots_index":"","site-sidebar-layout":"default","site-content-layout":"default","ast-site-content-layout":"default","site-content-style":"default","site-sidebar-style":"default","ast-global-header-display":"","ast-banner-title-visibility":"","ast-main-header-display":"","ast-hfb-above-header-display":"","ast-hfb-below-header-display":"","ast-hfb-mobile-header-display":"","site-post-title":"","ast-breadcrumbs-content":"","ast-featured-img":"","footer-sml-layout":"","ast-disable-related-posts":"","theme-transparent-header-meta":"default","adv-header-id-meta":"","stick-header-meta":"","header-above-stick-meta":"","header-main-stick-meta":"","header-below-stick-meta":"","astra-migrate-meta-layouts":"set","ast-page-background-enabled":"default","ast-page-background-meta":{"desktop":{"background-color":"","background-image":"","background-repeat":"repeat","background-position":"center center","background-size":"auto","background-attachment":"scroll","background-type":"","background-media":"","overlay-type":"","overlay-color":"","overlay-opacity":"","overlay-gradient":""},"tablet":{"background-color":"","background-image":"","background-repeat":"repeat","background-position":"center center","background-size":"auto","background-attachment":"scroll","background-type":"","background-media":"","overlay-type":"","overlay-color":"","overlay-opacity":"","overlay-gradient":""},"mobile":{"background-color":"","background-image":"","background-repeat":"repeat","background-position":"center center","background-size":"auto","background-attachment":"scroll","background-type":"","background-media":"","overlay-type":"","overlay-color":"","overlay-opacity":"","overlay-gradient":""}},"ast-content-background-meta":{"desktop":{"background-color":"var(--ast-global-color-5)","background-image":"","background-repeat":"repeat","background-position":"center center","background-size":"auto","background-attachment":"scroll","background-type":"","background-media":"","overlay-type":"","overlay-color":"","overlay-opacity":"","overlay-gradient":""},"tablet":{"background-color":"var(--ast-global-color-5)","background-image":"","background-repeat":"repeat","background-position":"center center","background-size":"auto","background-attachment":"scroll","background-type":"","background-media":"","overlay-type":"","overlay-color":"","overlay-opacity":"","overlay-gradient":""},"mobile":{"background-color":"var(--ast-global-color-5)","background-image":"","background-repeat":"repeat","background-position":"center center","background-size":"auto","background-attachment":"scroll","background-type":"","background-media":"","overlay-type":"","overlay-color":"","overlay-opacity":"","overlay-gradient":""}},"iawp_total_views":10},"product_brand":[],"product_cat":[211,638],"product_tag":[],"class_list":{"0":"post-15903","1":"product","2":"type-product","3":"status-publish","4":"has-post-thumbnail","6":"product_cat-hdmi","7":"product_cat-hdmi-cables","8":"desktop-align-left","9":"tablet-align-left","10":"mobile-align-left","12":"first","13":"instock","14":"shipping-taxable","15":"purchasable","16":"product-type-simple"},"acf":[],"_links":{"self":[{"href":"https:\/\/www.fjpremium.com\/de\/wp-json\/wp\/v2\/product\/15903","targetHints":{"allow":["GET"]}}],"collection":[{"href":"https:\/\/www.fjpremium.com\/de\/wp-json\/wp\/v2\/product"}],"about":[{"href":"https:\/\/www.fjpremium.com\/de\/wp-json\/wp\/v2\/types\/product"}],"wp:featuredmedia":[{"embeddable":true,"href":"https:\/\/www.fjpremium.com\/de\/wp-json\/wp\/v2\/media\/15926"}],"wp:attachment":[{"href":"https:\/\/www.fjpremium.com\/de\/wp-json\/wp\/v2\/media?parent=15903"}],"wp:term":[{"taxonomy":"product_brand","embeddable":true,"href":"https:\/\/www.fjpremium.com\/de\/wp-json\/wp\/v2\/product_brand?post=15903"},{"taxonomy":"product_cat","embeddable":true,"href":"https:\/\/www.fjpremium.com\/de\/wp-json\/wp\/v2\/product_cat?post=15903"},{"taxonomy":"product_tag","embeddable":true,"href":"https:\/\/www.fjpremium.com\/de\/wp-json\/wp\/v2\/product_tag?post=15903"}],"curies":[{"name":"wp","href":"https:\/\/api.w.org\/{rel}","templated":true}]}}