{"id":15902,"date":"2020-09-08T10:09:20","date_gmt":"2020-09-08T02:09:20","guid":{"rendered":"https:\/\/www.fjpremium.com\/?post_type=product&#038;p=15902"},"modified":"2023-12-14T13:52:19","modified_gmt":"2023-12-14T05:52:19","slug":"high-speed-hdmi-2-0-cable-with-locking-screw","status":"publish","type":"product","link":"https:\/\/www.fjpremium.com\/de\/product\/high-speed-hdmi-2-0-cable-with-locking-screw\/","title":{"rendered":"Best Selling m\u00e4nnlich zu m\u00e4nnlich HDMI Lock Kabel mit industriellen Verriegelung Schraube HDMI Stecker"},"content":{"rendered":"<p>Unser HDMI-Lock-Kabel ist mit einem HDMI-Stecker mit industrieller Verriegelungsschraube ausgestattet und gew\u00e4hrleistet eine ununterbrochene Verbindung f\u00fcr ununterbrochenen Musikgenuss.<\/p>\n<p>Mit einer immensen Bandbreite von 18 Gbit\/s und der Unterst\u00fctzung von UHD-Aufl\u00f6sungen bis zu 4K ist er wie geschaffen f\u00fcr die moderne, anspruchsvolle Unterhaltungsumgebung.<\/p>\n<p>Sie werden in 3D- und HDR-Inhalte eintauchen, unterst\u00fctzt von Dolby\u00ae TrueHD und DTS-HD Master Audio\u2122.<\/p>\n<p>Seine Spezifikationen:<\/p>\n<ul>\n<li>Anschluss 1: 2*HDMI 2.0 Stecker<\/li>\n<li>Vergoldeter Kontakt; vergoldetes Geh\u00e4use<\/li>\n<li>Kabel-Leiter: Hochreines sauerstofffreies Kupfer<\/li>\n<li>Drahtst\u00e4rke: 30AWG(1-3M), 28AWG(5M)<\/li>\n<li>Dreifach geschirmt: verdrillte AL-Folie, AL-Gesamtfolie, Geflecht<\/li>\n<li>Mantel: PVC<\/li>\n<li>Konform: RoHS, REACH<\/li>\n<\/ul>\n<p>Au\u00dferdem k\u00f6nnen Sie die Einrichtung mit dem Audio-R\u00fcckkanal vereinfachen und sich an der F\u00fclle von 32 Audiokan\u00e4len erfreuen. Kontaktieren Sie uns also noch heute und investieren Sie in dieses Kabel.<\/p>","protected":false},"excerpt":{"rendered":"<p>Erschlie\u00dfen Sie sich eine Welt unvergleichlicher Bild- und Tonqualit\u00e4t mit dem meistverkauften HDMI-Lock-Kabel von FARSINCE, das UHD 4K und eine Bandbreite von bis zu 18 Gbit\/s bietet.<\/p>","protected":false},"featured_media":15920,"template":"","meta":{"_acf_changed":false,"_seopress_robots_primary_cat":"","_seopress_titles_title":"Best Selling Male to Male HDMI Lock Cable - Farsince","_seopress_titles_desc":"","_seopress_robots_index":"","site-sidebar-layout":"default","site-content-layout":"default","ast-site-content-layout":"default","site-content-style":"default","site-sidebar-style":"default","ast-global-header-display":"","ast-banner-title-visibility":"","ast-main-header-display":"","ast-hfb-above-header-display":"","ast-hfb-below-header-display":"","ast-hfb-mobile-header-display":"","site-post-title":"","ast-breadcrumbs-content":"","ast-featured-img":"","footer-sml-layout":"","ast-disable-related-posts":"","theme-transparent-header-meta":"default","adv-header-id-meta":"","stick-header-meta":"","header-above-stick-meta":"","header-main-stick-meta":"","header-below-stick-meta":"","astra-migrate-meta-layouts":"set","ast-page-background-enabled":"default","ast-page-background-meta":{"desktop":{"background-color":"","background-image":"","background-repeat":"repeat","background-position":"center center","background-size":"auto","background-attachment":"scroll","background-type":"","background-media":"","overlay-type":"","overlay-color":"","overlay-opacity":"","overlay-gradient":""},"tablet":{"background-color":"","background-image":"","background-repeat":"repeat","background-position":"center center","background-size":"auto","background-attachment":"scroll","background-type":"","background-media":"","overlay-type":"","overlay-color":"","overlay-opacity":"","overlay-gradient":""},"mobile":{"background-color":"","background-image":"","background-repeat":"repeat","background-position":"center center","background-size":"auto","background-attachment":"scroll","background-type":"","background-media":"","overlay-type":"","overlay-color":"","overlay-opacity":"","overlay-gradient":""}},"ast-content-background-meta":{"desktop":{"background-color":"var(--ast-global-color-5)","background-image":"","background-repeat":"repeat","background-position":"center center","background-size":"auto","background-attachment":"scroll","background-type":"","background-media":"","overlay-type":"","overlay-color":"","overlay-opacity":"","overlay-gradient":""},"tablet":{"background-color":"var(--ast-global-color-5)","background-image":"","background-repeat":"repeat","background-position":"center center","background-size":"auto","background-attachment":"scroll","background-type":"","background-media":"","overlay-type":"","overlay-color":"","overlay-opacity":"","overlay-gradient":""},"mobile":{"background-color":"var(--ast-global-color-5)","background-image":"","background-repeat":"repeat","background-position":"center center","background-size":"auto","background-attachment":"scroll","background-type":"","background-media":"","overlay-type":"","overlay-color":"","overlay-opacity":"","overlay-gradient":""}},"iawp_total_views":22},"product_brand":[],"product_cat":[211,638],"product_tag":[],"class_list":{"0":"post-15902","1":"product","2":"type-product","3":"status-publish","4":"has-post-thumbnail","6":"product_cat-hdmi","7":"product_cat-hdmi-cables","8":"desktop-align-left","9":"tablet-align-left","10":"mobile-align-left","12":"first","13":"instock","14":"shipping-taxable","15":"purchasable","16":"product-type-simple"},"acf":[],"_links":{"self":[{"href":"https:\/\/www.fjpremium.com\/de\/wp-json\/wp\/v2\/product\/15902","targetHints":{"allow":["GET"]}}],"collection":[{"href":"https:\/\/www.fjpremium.com\/de\/wp-json\/wp\/v2\/product"}],"about":[{"href":"https:\/\/www.fjpremium.com\/de\/wp-json\/wp\/v2\/types\/product"}],"wp:featuredmedia":[{"embeddable":true,"href":"https:\/\/www.fjpremium.com\/de\/wp-json\/wp\/v2\/media\/15920"}],"wp:attachment":[{"href":"https:\/\/www.fjpremium.com\/de\/wp-json\/wp\/v2\/media?parent=15902"}],"wp:term":[{"taxonomy":"product_brand","embeddable":true,"href":"https:\/\/www.fjpremium.com\/de\/wp-json\/wp\/v2\/product_brand?post=15902"},{"taxonomy":"product_cat","embeddable":true,"href":"https:\/\/www.fjpremium.com\/de\/wp-json\/wp\/v2\/product_cat?post=15902"},{"taxonomy":"product_tag","embeddable":true,"href":"https:\/\/www.fjpremium.com\/de\/wp-json\/wp\/v2\/product_tag?post=15902"}],"curies":[{"name":"wp","href":"https:\/\/api.w.org\/{rel}","templated":true}]}}