{"id":15901,"date":"2020-09-08T10:09:19","date_gmt":"2020-09-08T02:09:19","guid":{"rendered":"https:\/\/www.fjpremium.com\/?post_type=product&#038;p=15901"},"modified":"2023-12-14T13:52:20","modified_gmt":"2023-12-14T05:52:20","slug":"angled-4k-hdmi-cable","status":"publish","type":"product","link":"https:\/\/www.fjpremium.com\/de\/product\/angled-4k-hdmi-cable\/","title":{"rendered":"Gro\u00dfhandel vergoldet rechts links aufw\u00e4rts abw\u00e4rts gewinkeltes HDMI-Kabel von 0,5m bis 2 mtr 4K 3D"},"content":{"rendered":"<p>Das einzigartige abgewinkelte HDMI-Kabel bringt Flexibilit\u00e4t nach rechts, links, oben und unten in 4 Richtungen f\u00fcr Ihr Home Entertainment.<\/p>\n<p>Mit einer L\u00e4nge von 0,5 m bis 2 m und einer Goldbeschichtung f\u00fcr hervorragende Leitf\u00e4higkeit ist dieses Kabel Ihre Eintrittskarte in die Welt der 4K-3D-Brillanz.<\/p>\n<p>Egal, ob Sie DVD- oder Blu-ray-Ger\u00e4te an Ihr Fernsehger\u00e4t anschlie\u00dfen oder einen Monitor mit einem PC oder Laptop verbinden, der um 90 Grad abgewinkelte Anschluss gew\u00e4hrleistet einen bequemen Zugang und minimiert die Belastung, so dass sowohl Kabel als auch Anschl\u00fcsse gesch\u00fctzt werden.<\/p>\n<p>Au\u00dferdem bietet er Aufl\u00f6sungen von bis zu 3840 x 2160 @ 30 Hz und 3D-Unterst\u00fctzung bis zu 1080p mit einer Bildwiederholrate von 120 Hz.<\/p>\n<p>Von der Unterst\u00fctzung von Dolby\u00ae TrueHD und DTS-HD Master Audio\u2122 bis hin zum neuen, fortschrittlichen Farbraum - unser HDMI 1.4-kompatibles Kabel bietet alles.<\/p>\n<p>Es ist RoHS- und REACH-konform und besteht aus blankem Kupfer und einem PVC-Mantel. Wenden Sie sich also noch heute an uns und nehmen Sie es in Ihren Bestand auf.<\/p>","protected":false},"excerpt":{"rendered":"<p>Erh\u00f6hen Sie das Seherlebnis mit dem um 90 Grad abgewinkelten HDMI-Kabel von FARSINCE, das in L\u00e4ngen von 0,5 m bis 2 m erh\u00e4ltlich ist und Aufl\u00f6sungen von bis zu 3840 x 2160 unterst\u00fctzt.<\/p>","protected":false},"featured_media":15912,"template":"","meta":{"_acf_changed":false,"_seopress_robots_primary_cat":"","_seopress_titles_title":"Right Left Upward Downward Angled HDMI Cable - Farsince","_seopress_titles_desc":"","_seopress_robots_index":"","site-sidebar-layout":"default","site-content-layout":"default","ast-site-content-layout":"default","site-content-style":"default","site-sidebar-style":"default","ast-global-header-display":"","ast-banner-title-visibility":"","ast-main-header-display":"","ast-hfb-above-header-display":"","ast-hfb-below-header-display":"","ast-hfb-mobile-header-display":"","site-post-title":"","ast-breadcrumbs-content":"","ast-featured-img":"","footer-sml-layout":"","ast-disable-related-posts":"","theme-transparent-header-meta":"default","adv-header-id-meta":"","stick-header-meta":"","header-above-stick-meta":"","header-main-stick-meta":"","header-below-stick-meta":"","astra-migrate-meta-layouts":"set","ast-page-background-enabled":"default","ast-page-background-meta":{"desktop":{"background-color":"","background-image":"","background-repeat":"repeat","background-position":"center center","background-size":"auto","background-attachment":"scroll","background-type":"","background-media":"","overlay-type":"","overlay-color":"","overlay-opacity":"","overlay-gradient":""},"tablet":{"background-color":"","background-image":"","background-repeat":"repeat","background-position":"center center","background-size":"auto","background-attachment":"scroll","background-type":"","background-media":"","overlay-type":"","overlay-color":"","overlay-opacity":"","overlay-gradient":""},"mobile":{"background-color":"","background-image":"","background-repeat":"repeat","background-position":"center center","background-size":"auto","background-attachment":"scroll","background-type":"","background-media":"","overlay-type":"","overlay-color":"","overlay-opacity":"","overlay-gradient":""}},"ast-content-background-meta":{"desktop":{"background-color":"var(--ast-global-color-5)","background-image":"","background-repeat":"repeat","background-position":"center center","background-size":"auto","background-attachment":"scroll","background-type":"","background-media":"","overlay-type":"","overlay-color":"","overlay-opacity":"","overlay-gradient":""},"tablet":{"background-color":"var(--ast-global-color-5)","background-image":"","background-repeat":"repeat","background-position":"center center","background-size":"auto","background-attachment":"scroll","background-type":"","background-media":"","overlay-type":"","overlay-color":"","overlay-opacity":"","overlay-gradient":""},"mobile":{"background-color":"var(--ast-global-color-5)","background-image":"","background-repeat":"repeat","background-position":"center center","background-size":"auto","background-attachment":"scroll","background-type":"","background-media":"","overlay-type":"","overlay-color":"","overlay-opacity":"","overlay-gradient":""}},"iawp_total_views":14},"product_brand":[],"product_cat":[211,638],"product_tag":[],"class_list":{"0":"post-15901","1":"product","2":"type-product","3":"status-publish","4":"has-post-thumbnail","6":"product_cat-hdmi","7":"product_cat-hdmi-cables","8":"desktop-align-left","9":"tablet-align-left","10":"mobile-align-left","12":"first","13":"instock","14":"shipping-taxable","15":"purchasable","16":"product-type-simple"},"acf":[],"_links":{"self":[{"href":"https:\/\/www.fjpremium.com\/de\/wp-json\/wp\/v2\/product\/15901","targetHints":{"allow":["GET"]}}],"collection":[{"href":"https:\/\/www.fjpremium.com\/de\/wp-json\/wp\/v2\/product"}],"about":[{"href":"https:\/\/www.fjpremium.com\/de\/wp-json\/wp\/v2\/types\/product"}],"wp:featuredmedia":[{"embeddable":true,"href":"https:\/\/www.fjpremium.com\/de\/wp-json\/wp\/v2\/media\/15912"}],"wp:attachment":[{"href":"https:\/\/www.fjpremium.com\/de\/wp-json\/wp\/v2\/media?parent=15901"}],"wp:term":[{"taxonomy":"product_brand","embeddable":true,"href":"https:\/\/www.fjpremium.com\/de\/wp-json\/wp\/v2\/product_brand?post=15901"},{"taxonomy":"product_cat","embeddable":true,"href":"https:\/\/www.fjpremium.com\/de\/wp-json\/wp\/v2\/product_cat?post=15901"},{"taxonomy":"product_tag","embeddable":true,"href":"https:\/\/www.fjpremium.com\/de\/wp-json\/wp\/v2\/product_tag?post=15901"}],"curies":[{"name":"wp","href":"https:\/\/api.w.org\/{rel}","templated":true}]}}