{"id":15900,"date":"2020-10-08T10:09:17","date_gmt":"2020-10-08T02:09:17","guid":{"rendered":"https:\/\/www.fjpremium.com\/?post_type=product&#038;p=15900"},"modified":"2023-12-14T13:51:43","modified_gmt":"2023-12-14T05:51:43","slug":"high-speed-hdmi-2-0-cable-aluminum-housing","status":"publish","type":"product","link":"https:\/\/www.fjpremium.com\/de\/product\/high-speed-hdmi-2-0-cable-aluminum-housing\/","title":{"rendered":"Gro\u00dfhandel 4k Metall HDMI Stecker zu Stecker 2.0 Nylon geflochtenes Kabel Kabel"},"content":{"rendered":"<p>Dieses Kabel mit Aluminiumgeh\u00e4use unterst\u00fctzt 4K@60Hz, 3D, ARC, HDR und CEC 2.0 und bringt mit seinem 21:9-Seitenverh\u00e4ltnis das Kinoerlebnis in Ihren Raum.<\/p>\n<p>Er ist auf hohe Funktionalit\u00e4t ausgelegt und erm\u00f6glicht die gleichzeitige \u00dcbertragung von 2 Videokan\u00e4len und bis zu 4 Audiokan\u00e4len - perfekt f\u00fcr die Einrichtung eines robusten Heimkinos oder die Erweiterung Ihrer Desktop-AV-Anwendungen.<\/p>\n<p>Au\u00dferdem verf\u00fcgt er \u00fcber eine Bandbreite von bis zu 18 Gbps und eine Audio-Sampling-Rate von bis zu 1536 kHz, bereit f\u00fcr blitzschnelle Daten\u00fcbertragung und ultraklaren Sound.<\/p>\n<p>Sie k\u00f6nnen die Ethernet-F\u00e4higkeiten des nylongeflochtenen Kabels nutzen, um mehrere Ethernet-f\u00e4hige HDMI-Ger\u00e4te \u00fcber eine einzige Verbindung anzuschlie\u00dfen und so den Zugriff auf Inhalte und die Aktualisierung der Ger\u00e4te-Firmware zu vereinfachen.<\/p>\n<p>Seine Spezifikationen:<\/p>\n<ul>\n<li>Vergoldeter Kontakt, vergoldetes Geh\u00e4use<\/li>\n<li>Kabel-Leiter: Hochreines sauerstofffreies Kupfer<\/li>\n<li>Drahtst\u00e4rke: 30AWG(1-3M), 28\/30AWG(5M), 26\/28AWG(7.5-10m)<\/li>\n<li>Dreifach geschirmt: verdrillte AL-Folie, AL-Gesamtfolie, Geflecht<\/li>\n<li>Mantel: PVC<\/li>\n<li>Konform: RoHS, REACH<\/li>\n<\/ul>\n<p>Und Sie k\u00f6nnen sich auf seine Qualit\u00e4t verlassen, die durch eine 5-Jahres-Garantie abgesichert ist. Kontaktieren Sie uns also noch heute und bestellen Sie ihn.<\/p>","protected":false},"excerpt":{"rendered":"<p>Verbessern Sie Ihr Unterhaltungs- und Daten\u00fcbertragungserlebnis mit dem 4K-Metall-HDMI-Stecker-Stecker-2.0-Gro\u00dfhandelskabel mit geflochtenem Nylonband von FARSINCE.<\/p>","protected":false},"featured_media":23903,"template":"","meta":{"_acf_changed":false,"_seopress_robots_primary_cat":"","_seopress_titles_title":"HDMI Male to Male 2.0 Nylon Braided Cable Cord - Farsince","_seopress_titles_desc":"","_seopress_robots_index":"","site-sidebar-layout":"default","site-content-layout":"default","ast-site-content-layout":"default","site-content-style":"default","site-sidebar-style":"default","ast-global-header-display":"","ast-banner-title-visibility":"","ast-main-header-display":"","ast-hfb-above-header-display":"","ast-hfb-below-header-display":"","ast-hfb-mobile-header-display":"","site-post-title":"","ast-breadcrumbs-content":"","ast-featured-img":"","footer-sml-layout":"","ast-disable-related-posts":"","theme-transparent-header-meta":"default","adv-header-id-meta":"","stick-header-meta":"","header-above-stick-meta":"","header-main-stick-meta":"","header-below-stick-meta":"","astra-migrate-meta-layouts":"set","ast-page-background-enabled":"default","ast-page-background-meta":{"desktop":{"background-color":"","background-image":"","background-repeat":"repeat","background-position":"center center","background-size":"auto","background-attachment":"scroll","background-type":"","background-media":"","overlay-type":"","overlay-color":"","overlay-opacity":"","overlay-gradient":""},"tablet":{"background-color":"","background-image":"","background-repeat":"repeat","background-position":"center center","background-size":"auto","background-attachment":"scroll","background-type":"","background-media":"","overlay-type":"","overlay-color":"","overlay-opacity":"","overlay-gradient":""},"mobile":{"background-color":"","background-image":"","background-repeat":"repeat","background-position":"center center","background-size":"auto","background-attachment":"scroll","background-type":"","background-media":"","overlay-type":"","overlay-color":"","overlay-opacity":"","overlay-gradient":""}},"ast-content-background-meta":{"desktop":{"background-color":"var(--ast-global-color-5)","background-image":"","background-repeat":"repeat","background-position":"center center","background-size":"auto","background-attachment":"scroll","background-type":"","background-media":"","overlay-type":"","overlay-color":"","overlay-opacity":"","overlay-gradient":""},"tablet":{"background-color":"var(--ast-global-color-5)","background-image":"","background-repeat":"repeat","background-position":"center center","background-size":"auto","background-attachment":"scroll","background-type":"","background-media":"","overlay-type":"","overlay-color":"","overlay-opacity":"","overlay-gradient":""},"mobile":{"background-color":"var(--ast-global-color-5)","background-image":"","background-repeat":"repeat","background-position":"center center","background-size":"auto","background-attachment":"scroll","background-type":"","background-media":"","overlay-type":"","overlay-color":"","overlay-opacity":"","overlay-gradient":""}},"iawp_total_views":9},"product_brand":[],"product_cat":[211,638],"product_tag":[],"class_list":{"0":"post-15900","1":"product","2":"type-product","3":"status-publish","4":"has-post-thumbnail","6":"product_cat-hdmi","7":"product_cat-hdmi-cables","8":"desktop-align-left","9":"tablet-align-left","10":"mobile-align-left","12":"first","13":"instock","14":"shipping-taxable","15":"purchasable","16":"product-type-simple"},"acf":[],"_links":{"self":[{"href":"https:\/\/www.fjpremium.com\/de\/wp-json\/wp\/v2\/product\/15900","targetHints":{"allow":["GET"]}}],"collection":[{"href":"https:\/\/www.fjpremium.com\/de\/wp-json\/wp\/v2\/product"}],"about":[{"href":"https:\/\/www.fjpremium.com\/de\/wp-json\/wp\/v2\/types\/product"}],"wp:featuredmedia":[{"embeddable":true,"href":"https:\/\/www.fjpremium.com\/de\/wp-json\/wp\/v2\/media\/23903"}],"wp:attachment":[{"href":"https:\/\/www.fjpremium.com\/de\/wp-json\/wp\/v2\/media?parent=15900"}],"wp:term":[{"taxonomy":"product_brand","embeddable":true,"href":"https:\/\/www.fjpremium.com\/de\/wp-json\/wp\/v2\/product_brand?post=15900"},{"taxonomy":"product_cat","embeddable":true,"href":"https:\/\/www.fjpremium.com\/de\/wp-json\/wp\/v2\/product_cat?post=15900"},{"taxonomy":"product_tag","embeddable":true,"href":"https:\/\/www.fjpremium.com\/de\/wp-json\/wp\/v2\/product_tag?post=15900"}],"curies":[{"name":"wp","href":"https:\/\/api.w.org\/{rel}","templated":true}]}}