{"id":15836,"date":"2020-10-08T08:52:02","date_gmt":"2020-10-08T00:52:02","guid":{"rendered":"https:\/\/www.fjpremium.com\/?post_type=product&#038;p=15836"},"modified":"2023-12-14T13:51:44","modified_gmt":"2023-12-14T05:51:44","slug":"high-speed-hdmi-1-4-cable","status":"publish","type":"product","link":"https:\/\/www.fjpremium.com\/de\/product\/high-speed-hdmi-1-4-cable\/","title":{"rendered":"Gro\u00dfhandel PC Computer Kabel l 4K HDMI 1.4 CCS Kabel 14+1 Schn\u00fcre 1.2m 1.5m 3m 5m 10m 20m"},"content":{"rendered":"<p>Das PC-Computerkabel f\u00fcr den Gro\u00dfhandel ist vielseitig einsetzbar und in L\u00e4ngen von 1,2 m, 1,5 m, 3 m, 5 m, 10 m und 20 m erh\u00e4ltlich, um Ihren speziellen Anforderungen gerecht zu werden.<\/p>\n<p>Er kombiniert hervorragende Daten\u00fcbertragung, synchronisiertes Audio-Video und Ethernet-Verbindung in einer nahtlosen L\u00f6sung und macht es so unentbehrlich, Ihre DVD- oder Blu-ray-Ger\u00e4te mit Ihrem Fernseher oder Monitor mit Ihrem PC oder Laptop zu verbinden.<\/p>\n<p>Dieses CCS-Kabel zeichnet sich durch die Unterst\u00fctzung von 4K Ultra HD- und 1080p Full HD-Aufl\u00f6sungen, 3D-Bildgebung, Ethernet Channel, 48-Bit Deep Color und Audio Return Channel (ARC) aus.<\/p>\n<p>Sie schwelgt in den satten, lebensechten Bildern und dem beeindruckenden Klang, der nur m\u00f6glich ist, wenn alle angeschlossenen Ger\u00e4te 4K-f\u00e4hig sind. Und mit einer Bildwiederholfrequenz von bis zu 120 Hz k\u00f6nnen Sie eine fl\u00fcssige und verz\u00f6gerungsfreie Wiedergabe erwarten.<\/p>\n<p>Seine Spezifikationen:<\/p>\n<ul>\n<li>Anschluss: HDMI 1.4 Stecker x 2<\/li>\n<li>Vergoldeter Kontakt; vergoldetes Geh\u00e4use<\/li>\n<li>Kabelleitung: Kupferummantelter Stahl<\/li>\n<li>Drahtst\u00e4rke: 30AWG(1-5M), 28AWG(7.5-10M), 26\/28AWG(12-20m)<\/li>\n<li>Isolierung: HDPE<\/li>\n<li>Abschirmung: Alufolie<\/li>\n<li>Mantel: PVC<\/li>\n<li>Konform: RoHS, REACH<\/li>\n<\/ul>\n<p>Zusammen mit dem erweiterten Farbraum und der Unterst\u00fctzung von Dolby\u00ae TrueHD und DTS-HD Master Audio\u2122 hebt unser CCS-Kabel Ihr Multimedia-Erlebnis auf ein neues Niveau.<\/p>\n<p>Kurzum, nehmen Sie noch heute Kontakt mit uns auf und investieren Sie in sie.<\/p>","protected":false},"excerpt":{"rendered":"<p>Erleben Sie herausragende Daten\u00fcbertragung und synchronisiertes Audio-Video mit dem Hochgeschwindigkeits-HDMI-1.4-CCS-Kabel von FARSINCE, Ihrem idealen Kabel f\u00fcr den Anschluss von Unterhaltungsger\u00e4ten.<\/p>","protected":false},"featured_media":15837,"template":"","meta":{"_acf_changed":false,"_seopress_robots_primary_cat":"","_seopress_titles_title":"Best PC Computer Cable l 4K HDMI 1.4 CCS Cable - Farsince","_seopress_titles_desc":"","_seopress_robots_index":"","site-sidebar-layout":"default","site-content-layout":"default","ast-site-content-layout":"default","site-content-style":"default","site-sidebar-style":"default","ast-global-header-display":"","ast-banner-title-visibility":"","ast-main-header-display":"","ast-hfb-above-header-display":"","ast-hfb-below-header-display":"","ast-hfb-mobile-header-display":"","site-post-title":"","ast-breadcrumbs-content":"","ast-featured-img":"","footer-sml-layout":"","ast-disable-related-posts":"","theme-transparent-header-meta":"default","adv-header-id-meta":"","stick-header-meta":"","header-above-stick-meta":"","header-main-stick-meta":"","header-below-stick-meta":"","astra-migrate-meta-layouts":"set","ast-page-background-enabled":"default","ast-page-background-meta":{"desktop":{"background-color":"","background-image":"","background-repeat":"repeat","background-position":"center center","background-size":"auto","background-attachment":"scroll","background-type":"","background-media":"","overlay-type":"","overlay-color":"","overlay-opacity":"","overlay-gradient":""},"tablet":{"background-color":"","background-image":"","background-repeat":"repeat","background-position":"center center","background-size":"auto","background-attachment":"scroll","background-type":"","background-media":"","overlay-type":"","overlay-color":"","overlay-opacity":"","overlay-gradient":""},"mobile":{"background-color":"","background-image":"","background-repeat":"repeat","background-position":"center center","background-size":"auto","background-attachment":"scroll","background-type":"","background-media":"","overlay-type":"","overlay-color":"","overlay-opacity":"","overlay-gradient":""}},"ast-content-background-meta":{"desktop":{"background-color":"var(--ast-global-color-5)","background-image":"","background-repeat":"repeat","background-position":"center center","background-size":"auto","background-attachment":"scroll","background-type":"","background-media":"","overlay-type":"","overlay-color":"","overlay-opacity":"","overlay-gradient":""},"tablet":{"background-color":"var(--ast-global-color-5)","background-image":"","background-repeat":"repeat","background-position":"center center","background-size":"auto","background-attachment":"scroll","background-type":"","background-media":"","overlay-type":"","overlay-color":"","overlay-opacity":"","overlay-gradient":""},"mobile":{"background-color":"var(--ast-global-color-5)","background-image":"","background-repeat":"repeat","background-position":"center center","background-size":"auto","background-attachment":"scroll","background-type":"","background-media":"","overlay-type":"","overlay-color":"","overlay-opacity":"","overlay-gradient":""}},"iawp_total_views":5},"product_brand":[],"product_cat":[211,638],"product_tag":[],"class_list":{"0":"post-15836","1":"product","2":"type-product","3":"status-publish","4":"has-post-thumbnail","6":"product_cat-hdmi","7":"product_cat-hdmi-cables","8":"desktop-align-left","9":"tablet-align-left","10":"mobile-align-left","12":"first","13":"instock","14":"shipping-taxable","15":"purchasable","16":"product-type-simple"},"acf":[],"_links":{"self":[{"href":"https:\/\/www.fjpremium.com\/de\/wp-json\/wp\/v2\/product\/15836","targetHints":{"allow":["GET"]}}],"collection":[{"href":"https:\/\/www.fjpremium.com\/de\/wp-json\/wp\/v2\/product"}],"about":[{"href":"https:\/\/www.fjpremium.com\/de\/wp-json\/wp\/v2\/types\/product"}],"wp:featuredmedia":[{"embeddable":true,"href":"https:\/\/www.fjpremium.com\/de\/wp-json\/wp\/v2\/media\/15837"}],"wp:attachment":[{"href":"https:\/\/www.fjpremium.com\/de\/wp-json\/wp\/v2\/media?parent=15836"}],"wp:term":[{"taxonomy":"product_brand","embeddable":true,"href":"https:\/\/www.fjpremium.com\/de\/wp-json\/wp\/v2\/product_brand?post=15836"},{"taxonomy":"product_cat","embeddable":true,"href":"https:\/\/www.fjpremium.com\/de\/wp-json\/wp\/v2\/product_cat?post=15836"},{"taxonomy":"product_tag","embeddable":true,"href":"https:\/\/www.fjpremium.com\/de\/wp-json\/wp\/v2\/product_tag?post=15836"}],"curies":[{"name":"wp","href":"https:\/\/api.w.org\/{rel}","templated":true}]}}