{"id":15793,"date":"2020-08-11T13:57:17","date_gmt":"2020-08-11T05:57:17","guid":{"rendered":"https:\/\/www.fjpremium.com\/?post_type=product&#038;p=15793"},"modified":"2023-12-14T13:53:36","modified_gmt":"2023-12-14T05:53:36","slug":"farsince-usb-3-1-type-c-male-to-hdmi-female-4k-30hz-audio-adaptor-coupler-gold-plated","status":"publish","type":"product","link":"https:\/\/www.fjpremium.com\/de\/product\/farsince-usb-3-1-type-c-male-to-hdmi-female-4k-30hz-audio-adaptor-coupler-gold-plated\/","title":{"rendered":"4K 30hz Audio USB C Stecker zu HDMI Buchse Adapter Koppler vergoldet"},"content":{"rendered":"<p>Dieser USB-C-Stecker-auf-HDMI-Buchse-Adapter ist aus einer robusten Aluminiumlegierung gefertigt und in elegantem Grau oder Silber gehalten. Er strahlt Qualit\u00e4t und Stil aus.<\/p>\n<p>Mit vergoldeten Anschl\u00fcssen garantiert es eine ununterbrochene und erstklassige Leistung. Und mit einem Type-C 3.1-Anschluss, der die Kompatibilit\u00e4t mit den neuesten Ger\u00e4ten sicherstellt, erleben Sie die wahre Kraft der 4K*2K-Aufl\u00f6sung.<\/p>\n<p>Der USB 3.1-Standard unterst\u00fctzt Daten\u00fcbertragungsgeschwindigkeiten von bis zu 10 Gbit\/s, so dass Sie nahtlos High-Definition-Inhalte genie\u00dfen k\u00f6nnen.<\/p>\n<p>Mit einer 2-j\u00e4hrigen Garantie und der CE-, FCC- und RoHS-Zulassung bietet der Adapter au\u00dferdem Sicherheit und Qualit\u00e4tssicherung. Also, kontaktieren Sie uns noch heute und bestellen Sie ihn.<\/p>","protected":false},"excerpt":{"rendered":"<p class=\"ma-title\" title=\"FARSINCE USB 3.1 Typ-C-Stecker zu HDMI-Buchse 4K 30hz Audio-Adapter Kuppler vergoldet\" data-spm-anchor-id=\"a2700.wholesale.maonnacta.i0.30866e45EiEVGv\">Erleben Sie echte 4K-Brillanz mit dem 4K 30hz Audio USB C-Stecker auf HDMI-Buchse Adapterkoppler, umh\u00fcllt von einer Aluminiumlegierung, mit einer Daten\u00fcbertragungsgeschwindigkeit von bis zu 10Gbs.<\/p>","protected":false},"featured_media":15819,"template":"","meta":{"_acf_changed":false,"_seopress_robots_primary_cat":"","_seopress_titles_title":"4K 30hz Audio USB C Male to HDMI Female Adapter - Farsince","_seopress_titles_desc":"Experience true 4K brilliance with 4K 30hz audio USB C male to HDMI female adapter coupler, encased in aluminum alloy, offering up to 10Gbs data transfer speed. ","_seopress_robots_index":"","site-sidebar-layout":"default","site-content-layout":"default","ast-site-content-layout":"default","site-content-style":"default","site-sidebar-style":"default","ast-global-header-display":"","ast-banner-title-visibility":"","ast-main-header-display":"","ast-hfb-above-header-display":"","ast-hfb-below-header-display":"","ast-hfb-mobile-header-display":"","site-post-title":"","ast-breadcrumbs-content":"","ast-featured-img":"","footer-sml-layout":"","ast-disable-related-posts":"","theme-transparent-header-meta":"default","adv-header-id-meta":"","stick-header-meta":"","header-above-stick-meta":"","header-main-stick-meta":"","header-below-stick-meta":"","astra-migrate-meta-layouts":"set","ast-page-background-enabled":"default","ast-page-background-meta":{"desktop":{"background-color":"","background-image":"","background-repeat":"repeat","background-position":"center center","background-size":"auto","background-attachment":"scroll","background-type":"","background-media":"","overlay-type":"","overlay-color":"","overlay-opacity":"","overlay-gradient":""},"tablet":{"background-color":"","background-image":"","background-repeat":"repeat","background-position":"center center","background-size":"auto","background-attachment":"scroll","background-type":"","background-media":"","overlay-type":"","overlay-color":"","overlay-opacity":"","overlay-gradient":""},"mobile":{"background-color":"","background-image":"","background-repeat":"repeat","background-position":"center center","background-size":"auto","background-attachment":"scroll","background-type":"","background-media":"","overlay-type":"","overlay-color":"","overlay-opacity":"","overlay-gradient":""}},"ast-content-background-meta":{"desktop":{"background-color":"var(--ast-global-color-5)","background-image":"","background-repeat":"repeat","background-position":"center center","background-size":"auto","background-attachment":"scroll","background-type":"","background-media":"","overlay-type":"","overlay-color":"","overlay-opacity":"","overlay-gradient":""},"tablet":{"background-color":"var(--ast-global-color-5)","background-image":"","background-repeat":"repeat","background-position":"center center","background-size":"auto","background-attachment":"scroll","background-type":"","background-media":"","overlay-type":"","overlay-color":"","overlay-opacity":"","overlay-gradient":""},"mobile":{"background-color":"var(--ast-global-color-5)","background-image":"","background-repeat":"repeat","background-position":"center center","background-size":"auto","background-attachment":"scroll","background-type":"","background-media":"","overlay-type":"","overlay-color":"","overlay-opacity":"","overlay-gradient":""}},"iawp_total_views":3},"product_brand":[],"product_cat":[252],"product_tag":[],"class_list":{"0":"post-15793","1":"product","2":"type-product","3":"status-publish","4":"has-post-thumbnail","6":"product_cat-bulk-cables","7":"desktop-align-left","8":"tablet-align-left","9":"mobile-align-left","11":"first","12":"instock","13":"shipping-taxable","14":"purchasable","15":"product-type-simple"},"acf":[],"_links":{"self":[{"href":"https:\/\/www.fjpremium.com\/de\/wp-json\/wp\/v2\/product\/15793","targetHints":{"allow":["GET"]}}],"collection":[{"href":"https:\/\/www.fjpremium.com\/de\/wp-json\/wp\/v2\/product"}],"about":[{"href":"https:\/\/www.fjpremium.com\/de\/wp-json\/wp\/v2\/types\/product"}],"wp:featuredmedia":[{"embeddable":true,"href":"https:\/\/www.fjpremium.com\/de\/wp-json\/wp\/v2\/media\/15819"}],"wp:attachment":[{"href":"https:\/\/www.fjpremium.com\/de\/wp-json\/wp\/v2\/media?parent=15793"}],"wp:term":[{"taxonomy":"product_brand","embeddable":true,"href":"https:\/\/www.fjpremium.com\/de\/wp-json\/wp\/v2\/product_brand?post=15793"},{"taxonomy":"product_cat","embeddable":true,"href":"https:\/\/www.fjpremium.com\/de\/wp-json\/wp\/v2\/product_cat?post=15793"},{"taxonomy":"product_tag","embeddable":true,"href":"https:\/\/www.fjpremium.com\/de\/wp-json\/wp\/v2\/product_tag?post=15793"}],"curies":[{"name":"wp","href":"https:\/\/api.w.org\/{rel}","templated":true}]}}