{"id":15792,"date":"2020-08-11T13:57:16","date_gmt":"2020-08-11T05:57:16","guid":{"rendered":"https:\/\/www.fjpremium.com\/?post_type=product&#038;p=15792"},"modified":"2023-12-14T13:53:37","modified_gmt":"2023-12-14T05:53:37","slug":"farsince-high-quality-android-phone-usb-c-3-1-type-c-to-hdmi-hdtv-screen-mirroring-cable-support-swith-pd3-0-100w-4k","status":"publish","type":"product","link":"https:\/\/www.fjpremium.com\/de\/product\/farsince-high-quality-android-phone-usb-c-3-1-type-c-to-hdmi-hdtv-screen-mirroring-cable-support-swith-pd3-0-100w-4k\/","title":{"rendered":"USB-C 3.1 Micro USB zu HDMI Kabel f\u00fcr Android Telefon Unterst\u00fctzung Schalter PD3.0 100W 4K"},"content":{"rendered":"<div>\n<div data-section=\"AliMagic-45gq4l\" data-section-title=\"Product Description\" data-spm-anchor-id=\"a2700.wholesale.pronpeci14.i0.5b1d4d3c2Ntw9a\">\n<p>Unser 2 m langes Kabel ist in eine elegante PVC-Ummantelung geh\u00fcllt und in leuchtendem Rot oder kundenspezifischen Farben erh\u00e4ltlich. Es ist nicht nur ein weiteres Accessoire, sondern ein Lifestyle-Statement.<\/p>\n<p>Sie k\u00f6nnen in 4K*2K-Aufl\u00f6sung auf Ihrem HDTV eintauchen und HD-Videos, Spiele, Fotos und andere Medien wie nie zuvor genie\u00dfen.<\/p>\n<p>Dieses Kabel ist mit der USB 3.1-Schnittstelle des Typs C kompatibel und unterst\u00fctzt Ger\u00e4te mit DP-Funktion, was neue Dimensionen der Konnektivit\u00e4t er\u00f6ffnet.<\/p>\n<p>Dank der einfachen Plug-and-Play-Funktionalit\u00e4t k\u00f6nnen selbst technisch weniger versierte Personen ihre Ger\u00e4te m\u00fchelos anschlie\u00dfen.<\/p>\n<p>Dar\u00fcber hinaus verf\u00fcgt es \u00fcber HDMI ATC-, ROHS- und REACH-Zulassungen und wird mit einer 2-j\u00e4hrigen Garantie geliefert. Alles in allem, kontaktieren Sie uns noch heute und investieren Sie in das Micro USB zu HDMI Kabel f\u00fcr Android Telefone.<\/p>\n<\/div>\n<\/div>","protected":false},"excerpt":{"rendered":"<p title=\"FARSINCE hochwertige Android-Handy USB-C 3.1 Typ C zu HDMI hdtv Bildschirm Spiegelung Kabel Unterst\u00fctzung Swith PD3.0 100W 4K\" data-spm-anchor-id=\"a2700.wholesale.maonnacta.i0.61ae3d9cOK5kDT\">Entfesseln Sie 4K*2K-Brillanz mit dem USB-C 3.1 Micro-USB-auf-HDMI-Kabel f\u00fcr Android-Telefone, das einfaches Plug-and-Play, 1080P-Videos, digitales Audio und Kompatibilit\u00e4t mit DP-Funktionsger\u00e4ten bietet.<\/p>","protected":false},"featured_media":15811,"template":"","meta":{"_acf_changed":false,"_seopress_robots_primary_cat":"","_seopress_titles_title":"Best Micro USB to HDMI Cable for Android Phone - Farsince","_seopress_titles_desc":"Unleash 4K*2K brilliance with the USB-C 3.1 micro USB to HDMI cable for Android phones, boasting easy plug-and-play, 1080P videos and digital audio.","_seopress_robots_index":"","site-sidebar-layout":"default","site-content-layout":"default","ast-site-content-layout":"default","site-content-style":"default","site-sidebar-style":"default","ast-global-header-display":"","ast-banner-title-visibility":"","ast-main-header-display":"","ast-hfb-above-header-display":"","ast-hfb-below-header-display":"","ast-hfb-mobile-header-display":"","site-post-title":"","ast-breadcrumbs-content":"","ast-featured-img":"","footer-sml-layout":"","ast-disable-related-posts":"","theme-transparent-header-meta":"default","adv-header-id-meta":"","stick-header-meta":"","header-above-stick-meta":"","header-main-stick-meta":"","header-below-stick-meta":"","astra-migrate-meta-layouts":"set","ast-page-background-enabled":"default","ast-page-background-meta":{"desktop":{"background-color":"","background-image":"","background-repeat":"repeat","background-position":"center center","background-size":"auto","background-attachment":"scroll","background-type":"","background-media":"","overlay-type":"","overlay-color":"","overlay-opacity":"","overlay-gradient":""},"tablet":{"background-color":"","background-image":"","background-repeat":"repeat","background-position":"center center","background-size":"auto","background-attachment":"scroll","background-type":"","background-media":"","overlay-type":"","overlay-color":"","overlay-opacity":"","overlay-gradient":""},"mobile":{"background-color":"","background-image":"","background-repeat":"repeat","background-position":"center center","background-size":"auto","background-attachment":"scroll","background-type":"","background-media":"","overlay-type":"","overlay-color":"","overlay-opacity":"","overlay-gradient":""}},"ast-content-background-meta":{"desktop":{"background-color":"var(--ast-global-color-5)","background-image":"","background-repeat":"repeat","background-position":"center center","background-size":"auto","background-attachment":"scroll","background-type":"","background-media":"","overlay-type":"","overlay-color":"","overlay-opacity":"","overlay-gradient":""},"tablet":{"background-color":"var(--ast-global-color-5)","background-image":"","background-repeat":"repeat","background-position":"center center","background-size":"auto","background-attachment":"scroll","background-type":"","background-media":"","overlay-type":"","overlay-color":"","overlay-opacity":"","overlay-gradient":""},"mobile":{"background-color":"var(--ast-global-color-5)","background-image":"","background-repeat":"repeat","background-position":"center center","background-size":"auto","background-attachment":"scroll","background-type":"","background-media":"","overlay-type":"","overlay-color":"","overlay-opacity":"","overlay-gradient":""}},"iawp_total_views":8},"product_brand":[],"product_cat":[252],"product_tag":[],"class_list":{"0":"post-15792","1":"product","2":"type-product","3":"status-publish","4":"has-post-thumbnail","6":"product_cat-bulk-cables","7":"desktop-align-left","8":"tablet-align-left","9":"mobile-align-left","11":"first","12":"instock","13":"shipping-taxable","14":"purchasable","15":"product-type-simple"},"acf":[],"_links":{"self":[{"href":"https:\/\/www.fjpremium.com\/de\/wp-json\/wp\/v2\/product\/15792","targetHints":{"allow":["GET"]}}],"collection":[{"href":"https:\/\/www.fjpremium.com\/de\/wp-json\/wp\/v2\/product"}],"about":[{"href":"https:\/\/www.fjpremium.com\/de\/wp-json\/wp\/v2\/types\/product"}],"wp:featuredmedia":[{"embeddable":true,"href":"https:\/\/www.fjpremium.com\/de\/wp-json\/wp\/v2\/media\/15811"}],"wp:attachment":[{"href":"https:\/\/www.fjpremium.com\/de\/wp-json\/wp\/v2\/media?parent=15792"}],"wp:term":[{"taxonomy":"product_brand","embeddable":true,"href":"https:\/\/www.fjpremium.com\/de\/wp-json\/wp\/v2\/product_brand?post=15792"},{"taxonomy":"product_cat","embeddable":true,"href":"https:\/\/www.fjpremium.com\/de\/wp-json\/wp\/v2\/product_cat?post=15792"},{"taxonomy":"product_tag","embeddable":true,"href":"https:\/\/www.fjpremium.com\/de\/wp-json\/wp\/v2\/product_tag?post=15792"}],"curies":[{"name":"wp","href":"https:\/\/api.w.org\/{rel}","templated":true}]}}