{"id":15791,"date":"2020-08-11T13:57:15","date_gmt":"2020-08-11T05:57:15","guid":{"rendered":"https:\/\/www.fjpremium.com\/?post_type=product&#038;p=15791"},"modified":"2023-12-14T13:53:38","modified_gmt":"2023-12-14T05:53:38","slug":"farsince-2m-android-usb-c-3-1-type-c-to-hdmi-hdtv-screen-mirriong-4k-cable-for-video-with-usb-power","status":"publish","type":"product","link":"https:\/\/www.fjpremium.com\/de\/product\/farsince-2m-android-usb-c-3-1-type-c-to-hdmi-hdtv-screen-mirriong-4k-cable-for-video-with-usb-power\/","title":{"rendered":"2m Android USB-C 3.1 Typ C Kabel zum Verbinden von Android Phone mit TV f\u00fcr Video mit USB Power"},"content":{"rendered":"<div>\n<div data-section=\"AliMagic-45gq4l\" data-section-title=\"Product Description\" data-spm-anchor-id=\"a2700.wholesale.pronpeci14.i0.5b1d4d3c2Ntw9a\">\n<p>Das 5,0-mm-Kabel f\u00fcr den Anschluss von Android-Handys an den Fernseher ist in trendigen Farben wie Grau, Pink, Orange, Schwarz oder kundenspezifischen Farben erh\u00e4ltlich und ein echter Hingucker. Die goldenen HDTV-Anschl\u00fcsse und die PVC-Ummantelung erh\u00f6hen seine Attraktivit\u00e4t und gew\u00e4hrleisten gleichzeitig die Qualit\u00e4t.<\/p>\n<p>Erleben Sie die maximale Aufl\u00f6sung von 1080p und genie\u00dfen Sie HD-Videos, Spiele, Fotos und vieles mehr mit Freunden und Familie auf einem gro\u00dfen HDTV-Ger\u00e4t.<\/p>\n<p>Unser Kabel ist f\u00fcr die USB-3.1-Schnittstelle des Typs C geeignet und unterst\u00fctzt Mobiltelefone und Tablets mit DP-Funktion. Das einfach zu bedienende Plug-and-Play-Design und die Abschirmung mit einem Geflecht garantieren ein st\u00f6rungsfreies Vergn\u00fcgen.<\/p>\n<p>Dar\u00fcber hinaus ist die Zufriedenheit mit einer 2-j\u00e4hrigen Garantie und der CE-, FCC- und RoHS-Zulassung garantiert. Nehmen Sie also noch heute Kontakt mit uns auf und f\u00fcgen Sie es Ihrem Bestand hinzu.<\/p>\n<\/div>\n<\/div>","protected":false},"excerpt":{"rendered":"<p class=\"ma-title\" title=\"FARSINCE 2m Android USB-C 3.1 Typ C zu hdmi hdtv Bildschirm mirriong 4K Kabel f\u00fcr Video mit USB Strom\" data-spm-anchor-id=\"a2700.wholesale.maonnacta.i0.e92e3c201AsN4u\">Erleben Sie die Zukunft der Konnektivit\u00e4t mit unserem 2 m langen Android USB-C 3.1 Typ-C-Kabel, um Ihr Android-Telefon mit dem Fernseher zu verbinden, was das ultimative Videoerlebnis verspricht.<\/p>","protected":false},"featured_media":15803,"template":"","meta":{"_acf_changed":false,"_seopress_robots_primary_cat":"","_seopress_titles_title":"Type C Cable to Connect Android Phone to TV - Farsince","_seopress_titles_desc":"","_seopress_robots_index":"","site-sidebar-layout":"default","site-content-layout":"default","ast-site-content-layout":"default","site-content-style":"default","site-sidebar-style":"default","ast-global-header-display":"","ast-banner-title-visibility":"","ast-main-header-display":"","ast-hfb-above-header-display":"","ast-hfb-below-header-display":"","ast-hfb-mobile-header-display":"","site-post-title":"","ast-breadcrumbs-content":"","ast-featured-img":"","footer-sml-layout":"","ast-disable-related-posts":"","theme-transparent-header-meta":"default","adv-header-id-meta":"","stick-header-meta":"","header-above-stick-meta":"","header-main-stick-meta":"","header-below-stick-meta":"","astra-migrate-meta-layouts":"set","ast-page-background-enabled":"default","ast-page-background-meta":{"desktop":{"background-color":"","background-image":"","background-repeat":"repeat","background-position":"center center","background-size":"auto","background-attachment":"scroll","background-type":"","background-media":"","overlay-type":"","overlay-color":"","overlay-opacity":"","overlay-gradient":""},"tablet":{"background-color":"","background-image":"","background-repeat":"repeat","background-position":"center center","background-size":"auto","background-attachment":"scroll","background-type":"","background-media":"","overlay-type":"","overlay-color":"","overlay-opacity":"","overlay-gradient":""},"mobile":{"background-color":"","background-image":"","background-repeat":"repeat","background-position":"center center","background-size":"auto","background-attachment":"scroll","background-type":"","background-media":"","overlay-type":"","overlay-color":"","overlay-opacity":"","overlay-gradient":""}},"ast-content-background-meta":{"desktop":{"background-color":"var(--ast-global-color-5)","background-image":"","background-repeat":"repeat","background-position":"center center","background-size":"auto","background-attachment":"scroll","background-type":"","background-media":"","overlay-type":"","overlay-color":"","overlay-opacity":"","overlay-gradient":""},"tablet":{"background-color":"var(--ast-global-color-5)","background-image":"","background-repeat":"repeat","background-position":"center center","background-size":"auto","background-attachment":"scroll","background-type":"","background-media":"","overlay-type":"","overlay-color":"","overlay-opacity":"","overlay-gradient":""},"mobile":{"background-color":"var(--ast-global-color-5)","background-image":"","background-repeat":"repeat","background-position":"center center","background-size":"auto","background-attachment":"scroll","background-type":"","background-media":"","overlay-type":"","overlay-color":"","overlay-opacity":"","overlay-gradient":""}},"iawp_total_views":8},"product_brand":[],"product_cat":[252],"product_tag":[],"class_list":{"0":"post-15791","1":"product","2":"type-product","3":"status-publish","4":"has-post-thumbnail","6":"product_cat-bulk-cables","7":"desktop-align-left","8":"tablet-align-left","9":"mobile-align-left","11":"first","12":"instock","13":"shipping-taxable","14":"purchasable","15":"product-type-simple"},"acf":[],"_links":{"self":[{"href":"https:\/\/www.fjpremium.com\/de\/wp-json\/wp\/v2\/product\/15791","targetHints":{"allow":["GET"]}}],"collection":[{"href":"https:\/\/www.fjpremium.com\/de\/wp-json\/wp\/v2\/product"}],"about":[{"href":"https:\/\/www.fjpremium.com\/de\/wp-json\/wp\/v2\/types\/product"}],"wp:featuredmedia":[{"embeddable":true,"href":"https:\/\/www.fjpremium.com\/de\/wp-json\/wp\/v2\/media\/15803"}],"wp:attachment":[{"href":"https:\/\/www.fjpremium.com\/de\/wp-json\/wp\/v2\/media?parent=15791"}],"wp:term":[{"taxonomy":"product_brand","embeddable":true,"href":"https:\/\/www.fjpremium.com\/de\/wp-json\/wp\/v2\/product_brand?post=15791"},{"taxonomy":"product_cat","embeddable":true,"href":"https:\/\/www.fjpremium.com\/de\/wp-json\/wp\/v2\/product_cat?post=15791"},{"taxonomy":"product_tag","embeddable":true,"href":"https:\/\/www.fjpremium.com\/de\/wp-json\/wp\/v2\/product_tag?post=15791"}],"curies":[{"name":"wp","href":"https:\/\/api.w.org\/{rel}","templated":true}]}}