{"id":15790,"date":"2020-08-11T13:57:14","date_gmt":"2020-08-11T05:57:14","guid":{"rendered":"https:\/\/www.fjpremium.com\/?post_type=product&#038;p=15790"},"modified":"2023-12-14T13:53:38","modified_gmt":"2023-12-14T05:53:38","slug":"farsince-phone-to-hdtv-converter-for-lightning-to-hdmi-vga-jack-audio-tv-adapter-cable-for-iso-phone-x-8-7-7-plus-6-6s","status":"publish","type":"product","link":"https:\/\/www.fjpremium.com\/de\/product\/farsince-phone-to-hdtv-converter-for-lightning-to-hdmi-vga-jack-audio-tv-adapter-cable-for-iso-phone-x-8-7-7-plus-6-6s\/","title":{"rendered":"FARSINCE Telefon zu hdtv Konverter F\u00fcr Lightning zu Telefon zu HDTV Konverter F\u00fcr Lightning zu HDMI VGA Jack Audio TV Adapter Kabel F\u00fcr IOS Phone X 8 7 7 Plus 6 6SVGA Jack Audio TV Adapter Kabel F\u00fcr iso Phone X 8 7 7 Plus 6 6S"},"content":{"rendered":"<div>\n<div data-section=\"AliMagic-45gq4l\" data-section-title=\"Product Description\" data-spm-anchor-id=\"a2700.wholesale.pronpeci14.i0.5b1d4d3c2Ntw9a\">\n<p>Dieser vielseitige Adapter, der in elegantem Silber oder Schwarz erh\u00e4ltlich ist, ist f\u00fcr die iPhone X-Serie bis hin zum iPhone 5 sowie f\u00fcr iPads und iPod Touch geeignet.<\/p>\n<p>Mit einem Au\u00dfendurchmesser von 5,0 mm, goldenen HDTV-Anschl\u00fcssen und einer L\u00e4nge von 2 Metern bietet es eine unvergleichliche Br\u00fccke zu Ihrem visuellen und auditiven Universum.<\/p>\n<p>Das TV-Adapterkabel unterst\u00fctzt nicht nur HDMI, sondern auch VGA und AV und erm\u00f6glicht die Spiegelung des Bildschirms Ihres Ger\u00e4ts in bis zu 1080p HD.<\/p>\n<p>Sie k\u00f6nnen Fernsehsendungen, Filme, Musik und vieles mehr mit einer einfachen Plug-and-Play-Einrichtung ohne zus\u00e4tzliche Apps genie\u00dfen. Und die 2-Jahres-Garantie und die Einhaltung der CE FCC RoHS-Normen sorgen f\u00fcr dauerhaften Seelenfrieden.<\/p>\n<p>Bitte beachten Sie au\u00dferdem, dass es eine Stromquelle (5V 1A) ben\u00f6tigt und mit einigen kostenpflichtigen Videos in Apps nicht kompatibel ist.<\/p>\n<p>Nehmen Sie also noch heute Kontakt mit uns auf und bestellen Sie es, um Ihr Projekt umzugestalten.<\/p>\n<\/div>\n<\/div>","protected":false},"excerpt":{"rendered":"<p title=\"FARSINCE Telefon zu hdtv Konverter f\u00fcr Lightning zu HDMI VGA Jack Audio TV Adapter Kabel f\u00fcr iso Phone X 8 7 7 Plus 6 6S\" data-spm-anchor-id=\"a2700.wholesale.maonnacta.i0.7e784cfasNEs4V\">Erh\u00f6hen Sie die Unterhaltung mit dem FARSINCE TV-Adapterkabel, das mit verschiedenen iPhone-Modellen und iPads kompatibel ist und HDMI, VGA, AV und Spiegelungen bis zu 1080p HD unterst\u00fctzt.<\/p>","protected":false},"featured_media":15795,"template":"","meta":{"_acf_changed":false,"_seopress_robots_primary_cat":"","_seopress_titles_title":"Best Lightning to HDMI VGA Jack Audio TV Adapter Cable - Farsince","_seopress_titles_desc":"","_seopress_robots_index":"","site-sidebar-layout":"default","site-content-layout":"default","ast-site-content-layout":"default","site-content-style":"default","site-sidebar-style":"default","ast-global-header-display":"","ast-banner-title-visibility":"","ast-main-header-display":"","ast-hfb-above-header-display":"","ast-hfb-below-header-display":"","ast-hfb-mobile-header-display":"","site-post-title":"","ast-breadcrumbs-content":"","ast-featured-img":"","footer-sml-layout":"","ast-disable-related-posts":"","theme-transparent-header-meta":"default","adv-header-id-meta":"","stick-header-meta":"","header-above-stick-meta":"","header-main-stick-meta":"","header-below-stick-meta":"","astra-migrate-meta-layouts":"set","ast-page-background-enabled":"default","ast-page-background-meta":{"desktop":{"background-color":"","background-image":"","background-repeat":"repeat","background-position":"center center","background-size":"auto","background-attachment":"scroll","background-type":"","background-media":"","overlay-type":"","overlay-color":"","overlay-opacity":"","overlay-gradient":""},"tablet":{"background-color":"","background-image":"","background-repeat":"repeat","background-position":"center center","background-size":"auto","background-attachment":"scroll","background-type":"","background-media":"","overlay-type":"","overlay-color":"","overlay-opacity":"","overlay-gradient":""},"mobile":{"background-color":"","background-image":"","background-repeat":"repeat","background-position":"center center","background-size":"auto","background-attachment":"scroll","background-type":"","background-media":"","overlay-type":"","overlay-color":"","overlay-opacity":"","overlay-gradient":""}},"ast-content-background-meta":{"desktop":{"background-color":"var(--ast-global-color-5)","background-image":"","background-repeat":"repeat","background-position":"center center","background-size":"auto","background-attachment":"scroll","background-type":"","background-media":"","overlay-type":"","overlay-color":"","overlay-opacity":"","overlay-gradient":""},"tablet":{"background-color":"var(--ast-global-color-5)","background-image":"","background-repeat":"repeat","background-position":"center center","background-size":"auto","background-attachment":"scroll","background-type":"","background-media":"","overlay-type":"","overlay-color":"","overlay-opacity":"","overlay-gradient":""},"mobile":{"background-color":"var(--ast-global-color-5)","background-image":"","background-repeat":"repeat","background-position":"center center","background-size":"auto","background-attachment":"scroll","background-type":"","background-media":"","overlay-type":"","overlay-color":"","overlay-opacity":"","overlay-gradient":""}},"iawp_total_views":2},"product_brand":[],"product_cat":[252],"product_tag":[],"class_list":{"0":"post-15790","1":"product","2":"type-product","3":"status-publish","4":"has-post-thumbnail","6":"product_cat-bulk-cables","7":"desktop-align-left","8":"tablet-align-left","9":"mobile-align-left","11":"first","12":"instock","13":"shipping-taxable","14":"purchasable","15":"product-type-simple"},"acf":[],"_links":{"self":[{"href":"https:\/\/www.fjpremium.com\/de\/wp-json\/wp\/v2\/product\/15790","targetHints":{"allow":["GET"]}}],"collection":[{"href":"https:\/\/www.fjpremium.com\/de\/wp-json\/wp\/v2\/product"}],"about":[{"href":"https:\/\/www.fjpremium.com\/de\/wp-json\/wp\/v2\/types\/product"}],"wp:featuredmedia":[{"embeddable":true,"href":"https:\/\/www.fjpremium.com\/de\/wp-json\/wp\/v2\/media\/15795"}],"wp:attachment":[{"href":"https:\/\/www.fjpremium.com\/de\/wp-json\/wp\/v2\/media?parent=15790"}],"wp:term":[{"taxonomy":"product_brand","embeddable":true,"href":"https:\/\/www.fjpremium.com\/de\/wp-json\/wp\/v2\/product_brand?post=15790"},{"taxonomy":"product_cat","embeddable":true,"href":"https:\/\/www.fjpremium.com\/de\/wp-json\/wp\/v2\/product_cat?post=15790"},{"taxonomy":"product_tag","embeddable":true,"href":"https:\/\/www.fjpremium.com\/de\/wp-json\/wp\/v2\/product_tag?post=15790"}],"curies":[{"name":"wp","href":"https:\/\/api.w.org\/{rel}","templated":true}]}}