{"id":15717,"date":"2020-08-11T13:27:02","date_gmt":"2020-08-11T05:27:02","guid":{"rendered":"https:\/\/www.fjpremium.com\/?post_type=product&#038;p=15717"},"modified":"2023-12-14T13:53:39","modified_gmt":"2023-12-14T05:53:39","slug":"farsince-micro-usb-input-to-hdmi-female-output-converter-android-phone-to-hdtv-hdmi-screen-mirroring-tv-adapter","status":"publish","type":"product","link":"https:\/\/www.fjpremium.com\/de\/product\/farsince-micro-usb-input-to-hdmi-female-output-converter-android-phone-to-hdtv-hdmi-screen-mirroring-tv-adapter\/","title":{"rendered":"FARSINCE Micro USB Eingang zu HDMI Buchse Ausgang Konverter USB HDMI Kabel Telefon zu TV"},"content":{"rendered":"<div>\n<div data-section=\"AliMagic-45gq4l\" data-section-title=\"Product Description\" data-spm-anchor-id=\"a2700.wholesale.pronpeci14.i0.5b1d4d3c2Ntw9a\">\n<p>Mit seinem eleganten schwarzen Design und den goldenen HDTV-Anschl\u00fcssen bildet unser 15 cm langes Kabel eine nahtlose Br\u00fccke zwischen Ihren MHL-Ger\u00e4ten und HD-Fernsehern.<\/p>\n<p>Umh\u00fcllt von einem robusten PVC-Mantel und mit kombinierter Abschirmung k\u00f6nnen Sie sich auf unterbrechungsfreie 1080p (Full HD)-Video- und einwandfreie Audio\u00fcbertragungen f\u00fcr digitale 7.1-, 5.1- oder 2-Kan\u00e4le verlassen.<\/p>\n<p>Au\u00dferdem ist er Plug-and-Play-f\u00e4hig und erfordert keine komplexen Einstellungen f\u00fcr den pers\u00f6nlichen Gebrauch oder professionelle Anwendungen.<\/p>\n<p>Das USB-HDMI-Kabel von Telefon zu TV wird mit einer 2-Jahres-Garantie geliefert und erf\u00fcllt die CE FCC RoHS-Normen.<\/p>\n<p>Es befindet sich in einer farbigen Box und kann Ihr Ger\u00e4t w\u00e4hrend der Wiedergabe aufladen. Kurz gesagt, kontaktieren Sie uns noch heute und investieren Sie in ihn.<\/p>\n<\/div>\n<\/div>","protected":false},"excerpt":{"rendered":"<p title=\"FARSINCE Micro-USB-Eingang zu HDMI-Buchse Ausgang Konverter android Telefon zu hdtv hdmi Bildschirm Spiegelung TV-Adapter\" data-spm-anchor-id=\"a2700.wholesale.maonnacta.i0.2b17183846IIzD\">Freuen Sie sich auf ein au\u00dfergew\u00f6hnliches visuelles Erlebnis mit dem FARSINCE USB-HDMI-Kabel vom Handy zum Fernseher, das eine nahtlose Verbindung, eine Full-HD-Aufl\u00f6sung von 1080p und einen makellosen Klang verspricht - perfekt f\u00fcr den Einsatz zu Hause oder im B\u00fcro.<\/p>","protected":false},"featured_media":15766,"template":"","meta":{"_acf_changed":false,"_seopress_robots_primary_cat":"","_seopress_titles_title":"Best USB HDMI Cable Phone to TV - Farsince","_seopress_titles_desc":"Unlock an extraordinary visual experience with FARSINCE USB HDMI cable phone to TV, promising seamless connectivity and 1080p Full HD resolution.","_seopress_robots_index":"","site-sidebar-layout":"default","site-content-layout":"default","ast-site-content-layout":"default","site-content-style":"default","site-sidebar-style":"default","ast-global-header-display":"","ast-banner-title-visibility":"","ast-main-header-display":"","ast-hfb-above-header-display":"","ast-hfb-below-header-display":"","ast-hfb-mobile-header-display":"","site-post-title":"","ast-breadcrumbs-content":"","ast-featured-img":"","footer-sml-layout":"","ast-disable-related-posts":"","theme-transparent-header-meta":"default","adv-header-id-meta":"","stick-header-meta":"","header-above-stick-meta":"","header-main-stick-meta":"","header-below-stick-meta":"","astra-migrate-meta-layouts":"set","ast-page-background-enabled":"default","ast-page-background-meta":{"desktop":{"background-color":"","background-image":"","background-repeat":"repeat","background-position":"center center","background-size":"auto","background-attachment":"scroll","background-type":"","background-media":"","overlay-type":"","overlay-color":"","overlay-opacity":"","overlay-gradient":""},"tablet":{"background-color":"","background-image":"","background-repeat":"repeat","background-position":"center center","background-size":"auto","background-attachment":"scroll","background-type":"","background-media":"","overlay-type":"","overlay-color":"","overlay-opacity":"","overlay-gradient":""},"mobile":{"background-color":"","background-image":"","background-repeat":"repeat","background-position":"center center","background-size":"auto","background-attachment":"scroll","background-type":"","background-media":"","overlay-type":"","overlay-color":"","overlay-opacity":"","overlay-gradient":""}},"ast-content-background-meta":{"desktop":{"background-color":"var(--ast-global-color-5)","background-image":"","background-repeat":"repeat","background-position":"center center","background-size":"auto","background-attachment":"scroll","background-type":"","background-media":"","overlay-type":"","overlay-color":"","overlay-opacity":"","overlay-gradient":""},"tablet":{"background-color":"var(--ast-global-color-5)","background-image":"","background-repeat":"repeat","background-position":"center center","background-size":"auto","background-attachment":"scroll","background-type":"","background-media":"","overlay-type":"","overlay-color":"","overlay-opacity":"","overlay-gradient":""},"mobile":{"background-color":"var(--ast-global-color-5)","background-image":"","background-repeat":"repeat","background-position":"center center","background-size":"auto","background-attachment":"scroll","background-type":"","background-media":"","overlay-type":"","overlay-color":"","overlay-opacity":"","overlay-gradient":""}},"iawp_total_views":8},"product_brand":[],"product_cat":[252],"product_tag":[],"class_list":{"0":"post-15717","1":"product","2":"type-product","3":"status-publish","4":"has-post-thumbnail","6":"product_cat-bulk-cables","7":"desktop-align-left","8":"tablet-align-left","9":"mobile-align-left","11":"first","12":"instock","13":"shipping-taxable","14":"purchasable","15":"product-type-simple"},"acf":[],"_links":{"self":[{"href":"https:\/\/www.fjpremium.com\/de\/wp-json\/wp\/v2\/product\/15717","targetHints":{"allow":["GET"]}}],"collection":[{"href":"https:\/\/www.fjpremium.com\/de\/wp-json\/wp\/v2\/product"}],"about":[{"href":"https:\/\/www.fjpremium.com\/de\/wp-json\/wp\/v2\/types\/product"}],"wp:featuredmedia":[{"embeddable":true,"href":"https:\/\/www.fjpremium.com\/de\/wp-json\/wp\/v2\/media\/15766"}],"wp:attachment":[{"href":"https:\/\/www.fjpremium.com\/de\/wp-json\/wp\/v2\/media?parent=15717"}],"wp:term":[{"taxonomy":"product_brand","embeddable":true,"href":"https:\/\/www.fjpremium.com\/de\/wp-json\/wp\/v2\/product_brand?post=15717"},{"taxonomy":"product_cat","embeddable":true,"href":"https:\/\/www.fjpremium.com\/de\/wp-json\/wp\/v2\/product_cat?post=15717"},{"taxonomy":"product_tag","embeddable":true,"href":"https:\/\/www.fjpremium.com\/de\/wp-json\/wp\/v2\/product_tag?post=15717"}],"curies":[{"name":"wp","href":"https:\/\/api.w.org\/{rel}","templated":true}]}}